{"id":9,"date":"2017-11-09T11:47:33","date_gmt":"2017-11-09T10:47:33","guid":{"rendered":"https:\/\/min-pan.krakow.pl\/\/zaklady-i-pracownie\/?page_id=9"},"modified":"2022-01-19T11:12:36","modified_gmt":"2022-01-19T10:12:36","slug":"zaklad-geoinzynierii-i-inzynierii-srodowiska-2-2","status":"publish","type":"page","link":"https:\/\/min-pan.krakow.pl\/zaklady-i-pracownie\/zaklady\/zaklad-geoinzynierii-i-inzynierii-srodowiska-2-2\/","title":{"rendered":"Zak\u0142ad Geoin\u017cynierii i In\u017cynierii \u015arodowiska"},"content":{"rendered":"<p><\/p>\n<h3>Tematyka naukowo-badawcza Zak\u0142adu<\/h3>\n<p>Zak\u0142ad Geoin\u017cynierii i In\u017cynierii \u015arodowiska prowadzi szeroki zakres prac naukowo-badawczych i badawczo-rozwojowych oraz us\u0142ug badawczych dla otoczenia gospodarczego w zakresie szeroko rozumianych obszar\u00f3w geodynamiki, geoin\u017cynierii, in\u017cynierii \u015brodowiska, geotechnologii oraz surowc\u00f3w biogenicznych i gospodarki wod\u0105 w obiegu zamkni\u0119tym.<\/p>\n<p>W zakresie geodynamiki i geoin\u017cynierii w powi\u0105zaniu z in\u017cynieri\u0105 \u015brodowiska zajmujemy si\u0119 w szczeg\u00f3lno\u015bci nast\u0119puj\u0105cymi obszarami tematycznymi:<\/p>\n<ul>\n<li>Badania geofizyczne i geologiczno-in\u017cynierskie oddzia\u0142ywania r\u00f3\u017cnego rodzaju czynnik\u00f3w na \u015brodowisko przyrodnicze, zw\u0142aszcza na terenach g\u00f3rniczych i\u00a0pog\u00f3rniczych,<\/li>\n<li>Badania zagro\u017ce\u0144 naturalnych towarzysz\u0105cych eksploatacji r\u00f3\u017cnych kopalin mineralnych,<\/li>\n<li>Badania geofizyczne budowy, w\u0142a\u015bciwo\u015bci i czasoprzestrzennego zachowania si\u0119 o\u015brodk\u00f3w gruntowych i\u00a0skalnych, w tym osuwisk, zapadlisk oraz pod\u0142o\u017ca pod obiekty budowlane, w\u00a0szczeg\u00f3lno\u015bci za pomoc\u0105 metod: sejsmicznej i georadarowej,<\/li>\n<li>Badania oddzia\u0142ywa\u0144 dynamicznych na obiekty budowlane metod\u0105 sejsmometryczn\u0105,<\/li>\n<li>Modelowania matematyczne zachowania si\u0119 o\u015brodk\u00f3w geologicznych w warunkach obci\u0105\u017ce\u0144 statycznych i dynamicznych, w tym wok\u00f3\u0142 wyrobisk g\u00f3rniczych, tuneli i\u00a0obiekt\u00f3w in\u017cynierskich.<\/li>\n<\/ul>\n<p>W zakresie geotechnologii zajmujemy si\u0119 w szczeg\u00f3lno\u015bci nast\u0119puj\u0105cymi obszarami tematycznymi:<\/p>\n<ul>\n<li>Rozpoznanie mo\u017cliwo\u015bci i potencja\u0142u podziemnego magazynowania\/sk\u0142adowania H<sub>2<\/sub> i\u00a0CO<sub>2<\/sub> w Polsce wraz z identyfikacj\u0105 i charakterystyk\u0105 odpowiednich struktur geologicznych w\u00a0g\u0142\u0119bokich poziomach wodono\u015bnych oraz w kawernach solnych,<\/li>\n<li>Badanie oddzia\u0142ywania H<sub>2<\/sub> i CO<sub>2<\/sub> na ska\u0142y zbiornikowe i uszczelniaj\u0105cy nadk\u0142ad,<\/li>\n<li>Modelowanie zat\u0142aczania H<sub>2<\/sub> i CO<sub>2<\/sub> do g\u0142\u0119bokich poziom\u00f3w wodono\u015bnych,<\/li>\n<li>Ocena oddzia\u0142ywania na \u015brodowisko przedsi\u0119wzi\u0119\u0107 zwi\u0105zanych z podziemnym magazynowaniem\/sk\u0142adowaniem H<sub>2<\/sub> i CO<sub>2<\/sub>,<\/li>\n<li>Rozpoznanie mo\u017cliwo\u015bci podziemnego sk\u0142adowania odpad\u00f3w promieniotw\u00f3rczych,<\/li>\n<li>Ocena potencja\u0142u podziemnego magazynowanie substancji w kawernach solnych.<\/li>\n<\/ul>\n<p>W zakresie surowc\u00f3w biogenicznych i gospodarki wod\u0105 w obiegu zamkni\u0119tym zajmujemy si\u0119 w szczeg\u00f3lno\u015bci nast\u0119puj\u0105cymi obszarami tematycznymi:<\/p>\n<ul>\n<li>Opracowania rekomendacji (map drogowych) dotycz\u0105cych zr\u00f3wnowa\u017conego i\u00a0cyrkularnego gospodarowania surowcami biogenicznymi,<\/li>\n<li>Odzysk surowc\u00f3w z odpad\u00f3w, z tym fosforu z odpad\u00f3w generowanych w sektorze gospodarki wodno-\u015bciekowej (nawozy z odpad\u00f3w),<\/li>\n<li>Woda w gospodarce o obiegu zamkni\u0119tym i \u015blad wodny,<\/li>\n<li>Oceny aspekt\u00f3w technologicznych, prawnych, \u015brodowiskowych i spo\u0142ecznych gospodarki surowcami biogenicznymi,<\/li>\n<li>Strategie ochrony w\u00f3d przed zanieczyszczeniem surowcami biogenicznymi ze \u017ar\u00f3de\u0142 antropogenicznych oraz okre\u015blenie kierunk\u00f3w przeciwdzia\u0142ania eutrofizacji,<\/li>\n<li>Analiza nowych materia\u0142\u00f3w (w tym nanomateria\u0142\u00f3w) wykorzystywanych w procesach oczyszczania \u015bciek\u00f3w komunalnych i przemys\u0142owych oraz gleb.<\/li>\n<\/ul>\n<p><\/p>","protected":false},"excerpt":{"rendered":"<p>Tematyka naukowo-badawcza Zak\u0142adu Zak\u0142ad Geoin\u017cynierii i In\u017cynierii \u015arodowiska prowadzi szeroki zakres prac naukowo-badawczych i badawczo-rozwojowych oraz us\u0142ug badawczych dla otoczenia gospodarczego w zakresie szeroko rozumianych obszar\u00f3w geodynamiki, geoin\u017cynierii, in\u017cynierii \u015brodowiska, geotechnologii oraz surowc\u00f3w biogenicznych i gospodarki wod\u0105 w obiegu zamkni\u0119tym. W zakresie geodynamiki i geoin\u017cynierii w powi\u0105zaniu z in\u017cynieri\u0105 \u015brodowiska zajmujemy si\u0119 w szczeg\u00f3lno\u015bci nast\u0119puj\u0105cymi [&hellip;]<\/p>\n","protected":false},"author":1,"featured_media":0,"parent":2,"menu_order":51,"comment_status":"closed","ping_status":"closed","template":"templates\/template-works.php","meta":{"footnotes":""},"class_list":["post-9","page","type-page","status-publish","hentry"],"_links":{"self":[{"href":"https:\/\/min-pan.krakow.pl\/zaklady-i-pracownie\/wp-json\/wp\/v2\/pages\/9","targetHints":{"allow":["GET"]}}],"collection":[{"href":"https:\/\/min-pan.krakow.pl\/zaklady-i-pracownie\/wp-json\/wp\/v2\/pages"}],"about":[{"href":"https:\/\/min-pan.krakow.pl\/zaklady-i-pracownie\/wp-json\/wp\/v2\/types\/page"}],"author":[{"embeddable":true,"href":"https:\/\/min-pan.krakow.pl\/zaklady-i-pracownie\/wp-json\/wp\/v2\/users\/1"}],"replies":[{"embeddable":true,"href":"https:\/\/min-pan.krakow.pl\/zaklady-i-pracownie\/wp-json\/wp\/v2\/comments?post=9"}],"version-history":[{"count":8,"href":"https:\/\/min-pan.krakow.pl\/zaklady-i-pracownie\/wp-json\/wp\/v2\/pages\/9\/revisions"}],"predecessor-version":[{"id":1113,"href":"https:\/\/min-pan.krakow.pl\/zaklady-i-pracownie\/wp-json\/wp\/v2\/pages\/9\/revisions\/1113"}],"up":[{"embeddable":true,"href":"https:\/\/min-pan.krakow.pl\/zaklady-i-pracownie\/wp-json\/wp\/v2\/pages\/2"}],"wp:attachment":[{"href":"https:\/\/min-pan.krakow.pl\/zaklady-i-pracownie\/wp-json\/wp\/v2\/media?parent=9"}],"curies":[{"name":"wp","href":"https:\/\/api.w.org\/{rel}","templated":true}]}}