{"id":7,"date":"2017-11-09T11:47:09","date_gmt":"2017-11-09T10:47:09","guid":{"rendered":"https:\/\/min-pan.krakow.pl\/\/zaklady-i-pracownie\/?page_id=7"},"modified":"2024-01-30T10:34:24","modified_gmt":"2024-01-30T09:34:24","slug":"zaklad-badan-rynku-surowcowego-i-energetycznego","status":"publish","type":"page","link":"https:\/\/min-pan.krakow.pl\/zaklady-i-pracownie\/zaklady\/zaklad-badan-rynku-surowcowego-i-energetycznego\/","title":{"rendered":"Zak\u0142ad Gospodarki Zasobami Mineralnymi"},"content":{"rendered":"<p><\/p>\n<h3><strong>Tematyka naukowo-badawcza Zak\u0142adu<\/strong><\/h3>\n<p>Zak\u0142ad Gospodarki Zasobami Mineralnymi prowadzi szeroki zakres prac naukowo-badawczych i badawczo-rozwojowych oraz us\u0142ug badawczych dla otoczenia gospodarczego w zakresie szeroko rozumianych obszar\u00f3w geologii gospodarczej, gospodarki surowcami i polityki surowcowej oraz pozyskiwania surowc\u00f3w mineralnych.<\/p>\n<p>W zakresie geologii gospodarczej zajmujemy si\u0119 w szczeg\u00f3lno\u015bci nast\u0119puj\u0105cymi obszarami tematycznymi:<\/p>\n<ul>\n<li>Prognozowanie, poszukiwanie, rozpoznawanie i dokumentowanie z\u0142\u00f3\u017c kopalin,<\/li>\n<li>Szacowanie i klasyfikacja zasob\u00f3w z\u0142\u00f3\u017c oraz ich ocena geologiczno-gospodarcza,<\/li>\n<li>Kartografia geologiczno-gospodarcza i geo\u015brodowiskowa,<\/li>\n<li>Zasady i podstawy prawne racjonalnej gospodarki z\u0142o\u017cami oraz ich waloryzacji i\u00a0ochrony.<\/li>\n<\/ul>\n<p>W zakresie gospodarki surowcami i polityki surowcowej zajmujemy si\u0119 w szczeg\u00f3lno\u015bci nast\u0119puj\u0105cymi obszarami tematycznymi:<\/p>\n<ul>\n<li>Gospodarka surowcami mineralnymi w kraju i na \u015bwiecie \u2013 analiza rynk\u00f3w surowcowych, bilansowanie gospodarki surowcami, prognozowanie rozwoju krajowej gospodarki surowcami mineralnymi,<\/li>\n<li>Polityki i strategie surowcowe Polski i Unii Europejskiej,<\/li>\n<li>Metody wyceny z\u0142\u00f3\u017c kopalin,<\/li>\n<li>Ekonomiczne, formalno-prawne, techniczne, technologiczne i \u015brodowiskowe uwarunkowania pozyskiwania surowc\u00f3w mineralnych ze \u017ar\u00f3de\u0142 pierwotnych, wt\u00f3rnych i\u00a0odpadowych,<\/li>\n<li>Strategiczne oceny oddzia\u0142ywania na \u015brodowisko oraz oceny oddzia\u0142ywania na \u015brodowisko zak\u0142ad\u00f3w g\u00f3rniczych i innych obiekt\u00f3w przemys\u0142u surowc\u00f3w mineralnych,<\/li>\n<li>\u0179r\u00f3d\u0142a, charakterystyka mineralogiczno-technologiczna oraz mo\u017cliwo\u015bci u\u017cytkowania surowc\u00f3w skalnych oraz mineralnych surowc\u00f3w odpadowych i towarzysz\u0105cych.<\/li>\n<\/ul>\n<p>W zakresie pozyskiwania surowc\u00f3w mineralnych zajmujemy si\u0119 w szczeg\u00f3lno\u015bci nast\u0119puj\u0105cymi obszarami tematycznymi:<\/p>\n<ul>\n<li>Metody oceny i wyceny przedsi\u0119wzi\u0119\u0107 inwestycyjnych w g\u00f3rnictwie (w tym ich efektywno\u015bci ekonomicznej),<\/li>\n<li>Ocena zasob\u00f3w w\u0119gla kamiennego wg polskich standard\u00f3w klasyfikacji zasob\u00f3w oraz mi\u0119dzynarodowych standard\u00f3w kodeksu JORC,<\/li>\n<li>Ocena uci\u0105\u017cliwo\u015bci warunk\u00f3w geologicznych i g\u00f3rniczych w kopalniach podziemnych,<\/li>\n<li>Ocena wp\u0142ywu parametr\u00f3w geologiczno-g\u00f3rniczych i jako\u015bciowych kopalin na efektywno\u015b\u0107 ekonomiczn\u0105 zak\u0142ad\u00f3w g\u00f3rniczych oraz ryzyko dzia\u0142alno\u015bci g\u00f3rniczej,<\/li>\n<li>Ocena pracy maszyn i urz\u0105dze\u0144 energomechanicznych na bazie danych pochodz\u0105cych z\u00a0aparatury kontrolno-pomiarowej i automatyki kopal\u0144,<\/li>\n<li>Techniczno-ekonomiczna ocena nowych rozwi\u0105za\u0144 technologicznych eksploatacji z\u0142\u00f3\u017c,<\/li>\n<li>Techniczno-ekonomiczna ocena efektywno\u015bci nowych rozwi\u0105za\u0144 technologicznych w\u00a0zakresie odnawialnych \u017ar\u00f3de\u0142 energii,<\/li>\n<li>Narz\u0119dzia informatyczne wspieraj\u0105ce podejmowanie decyzji w zakresie modelowania cyfrowego z\u0142\u00f3\u017c i harmonogramowania produkcji.<\/li>\n<\/ul>\n<p>&nbsp;<\/p>","protected":false},"excerpt":{"rendered":"<p>Tematyka naukowo-badawcza Zak\u0142adu Zak\u0142ad Gospodarki Zasobami Mineralnymi prowadzi szeroki zakres prac naukowo-badawczych i badawczo-rozwojowych oraz us\u0142ug badawczych dla otoczenia gospodarczego w zakresie szeroko rozumianych obszar\u00f3w geologii gospodarczej, gospodarki surowcami i polityki surowcowej oraz pozyskiwania surowc\u00f3w mineralnych. W zakresie geologii gospodarczej zajmujemy si\u0119 w szczeg\u00f3lno\u015bci nast\u0119puj\u0105cymi obszarami tematycznymi: Prognozowanie, poszukiwanie, rozpoznawanie i dokumentowanie z\u0142\u00f3\u017c kopalin, Szacowanie [&hellip;]<\/p>\n","protected":false},"author":1,"featured_media":0,"parent":2,"menu_order":3,"comment_status":"closed","ping_status":"closed","template":"templates\/template-works.php","meta":{"footnotes":""},"class_list":["post-7","page","type-page","status-publish","hentry"],"_links":{"self":[{"href":"https:\/\/min-pan.krakow.pl\/zaklady-i-pracownie\/wp-json\/wp\/v2\/pages\/7","targetHints":{"allow":["GET"]}}],"collection":[{"href":"https:\/\/min-pan.krakow.pl\/zaklady-i-pracownie\/wp-json\/wp\/v2\/pages"}],"about":[{"href":"https:\/\/min-pan.krakow.pl\/zaklady-i-pracownie\/wp-json\/wp\/v2\/types\/page"}],"author":[{"embeddable":true,"href":"https:\/\/min-pan.krakow.pl\/zaklady-i-pracownie\/wp-json\/wp\/v2\/users\/1"}],"replies":[{"embeddable":true,"href":"https:\/\/min-pan.krakow.pl\/zaklady-i-pracownie\/wp-json\/wp\/v2\/comments?post=7"}],"version-history":[{"count":10,"href":"https:\/\/min-pan.krakow.pl\/zaklady-i-pracownie\/wp-json\/wp\/v2\/pages\/7\/revisions"}],"predecessor-version":[{"id":1104,"href":"https:\/\/min-pan.krakow.pl\/zaklady-i-pracownie\/wp-json\/wp\/v2\/pages\/7\/revisions\/1104"}],"up":[{"embeddable":true,"href":"https:\/\/min-pan.krakow.pl\/zaklady-i-pracownie\/wp-json\/wp\/v2\/pages\/2"}],"wp:attachment":[{"href":"https:\/\/min-pan.krakow.pl\/zaklady-i-pracownie\/wp-json\/wp\/v2\/media?parent=7"}],"curies":[{"name":"wp","href":"https:\/\/api.w.org\/{rel}","templated":true}]}}