{"id":66,"date":"2017-11-22T16:37:03","date_gmt":"2017-11-22T15:37:03","guid":{"rendered":"https:\/\/min-pan.krakow.pl\/\/zaklady-i-pracownie\/?page_id=66"},"modified":"2023-07-05T10:21:40","modified_gmt":"2023-07-05T08:21:40","slug":"pracownia-zrownowazonego-rozwoju-gospodarki-surowcami-i-energia-2","status":"publish","type":"page","link":"https:\/\/min-pan.krakow.pl\/zaklady-i-pracownie\/zaklady\/zaklad-polityki-i-badan-strategicznych\/pracownia-zrownowazonego-rozwoju-gospodarki-surowcami-i-energia-2\/","title":{"rendered":"Pracownia Zr\u00f3wnowa\u017conego Rozwoju Gospodarki Surowcami i Energi\u0105"},"content":{"rendered":"<p>Pracownia Zr\u00f3wnowa\u017conego Rozwoju Gospodarki Surowcami i Energi\u0105 zajmuje si\u0119 ca\u0142okszta\u0142tem zagadnie\u0144 zwi\u0105zanych z szeroko rozumianym zr\u00f3wnowa\u017conym rozwojem surowc\u00f3w mineralnych, surowc\u00f3w energetycznych i energii, skupiaj\u0105c si\u0119 na uwarunkowaniach prawnych, spo\u0142ecznych, geologicznych, g\u00f3rniczych, technicznych, ekonomicznych i \u015brodowiskowych zwi\u0105zanych z\u00a0wykorzystaniem surowc\u00f3w i energii. Badania obejmuj\u0105 zar\u00f3wno problemy wykorzystania zasob\u00f3w surowc\u00f3w mineralnych, a zw\u0142aszcza pierwotnych no\u015bnik\u00f3w energii (w\u0119gla, ropy, gazu), odnawialnych \u017ar\u00f3de\u0142 energii, jak r\u00f3wnie\u017c zagadnienia efektywnego wykorzystania energii (elektrycznej, ciep\u0142a i ch\u0142odu) w warunkach szczup\u0142o\u015bci tych zasob\u00f3w. Prace realizowane przez cz\u0142onk\u00f3w zespo\u0142u dotycz\u0105 zar\u00f3wno zagadnie\u0144 o\u00a0charakterze koncepcyjnym i badawczym, jak r\u00f3wnie\u017c aplikacyjnym.<\/p>\n<p>Do zada\u0144 Pracowni Zr\u00f3wnowa\u017conego Rozwoju Gospodarki Surowcami i Energi\u0105 nale\u017cy:<\/p>\n<ul>\n<li>Zr\u00f3wnowa\u017cony rozw\u00f3j gospodarowania surowcami mineralnymi, w tym surowcami energetycznymi, paliwami i energi\u0105 z uwzgl\u0119dnieniem uwarunkowa\u0144 geologicznych, g\u00f3rniczych, technicznych, ekonomicznych, prawnych, spo\u0142ecznych i \u015brodowiskowych, a w szczeg\u00f3lno\u015bci:\n<ul>\n<li>polityka energetyczna kraju i ocena bezpiecze\u0144stwa energetycznego<\/li>\n<li>transformacja w kierunku gospodarki niskoemisyjnej oraz optymalizacja struktury wytwarzania energii<\/li>\n<li>analiza ryzyka w energetyce<\/li>\n<li>racjonalne wykorzystanie energii ze \u017ar\u00f3de\u0142 odnawialnych<\/li>\n<li>spo\u0142eczna akceptacja dla transformacji energetycznej<\/li>\n<li>efektywno\u015b\u0107 energetyczna<\/li>\n<li>wp\u0142yw spalania paliw biomasowych w nowoczesnych kot\u0142ach na stopie\u0144 redukcji emisji<\/li>\n<li>projektowanie i ocena efektywno\u015bci inwestycji w g\u00f3rnictwie i energetyce<\/li>\n<li>projektowanie i szacowanie koszt\u00f3w pozyskania w\u0119gla, likwidacji kopal\u0144, obci\u0105\u017ce\u0144 publiczno-prawnych i cywilno-prawnych g\u00f3rnictwa<\/li>\n<li>problemy prawno-finansowe odzysku surowc\u00f3w mineralnych z odpad\u00f3w<\/li>\n<\/ul>\n<\/li>\n<\/ul>\n<p><\/p>","protected":false},"excerpt":{"rendered":"<p>Pracownia Zr\u00f3wnowa\u017conego Rozwoju Gospodarki Surowcami i Energi\u0105 zajmuje si\u0119 ca\u0142okszta\u0142tem zagadnie\u0144 zwi\u0105zanych z szeroko rozumianym zr\u00f3wnowa\u017conym rozwojem surowc\u00f3w mineralnych, surowc\u00f3w energetycznych i energii, skupiaj\u0105c si\u0119 na uwarunkowaniach prawnych, spo\u0142ecznych, geologicznych, g\u00f3rniczych, technicznych, ekonomicznych i \u015brodowiskowych zwi\u0105zanych z\u00a0wykorzystaniem surowc\u00f3w i energii. Badania obejmuj\u0105 zar\u00f3wno problemy wykorzystania zasob\u00f3w surowc\u00f3w mineralnych, a zw\u0142aszcza pierwotnych no\u015bnik\u00f3w energii (w\u0119gla, ropy, [&hellip;]<\/p>\n","protected":false},"author":1,"featured_media":0,"parent":5,"menu_order":38,"comment_status":"closed","ping_status":"closed","template":"templates\/template-lab.php","meta":{"footnotes":""},"class_list":["post-66","page","type-page","status-publish","hentry"],"_links":{"self":[{"href":"https:\/\/min-pan.krakow.pl\/zaklady-i-pracownie\/wp-json\/wp\/v2\/pages\/66","targetHints":{"allow":["GET"]}}],"collection":[{"href":"https:\/\/min-pan.krakow.pl\/zaklady-i-pracownie\/wp-json\/wp\/v2\/pages"}],"about":[{"href":"https:\/\/min-pan.krakow.pl\/zaklady-i-pracownie\/wp-json\/wp\/v2\/types\/page"}],"author":[{"embeddable":true,"href":"https:\/\/min-pan.krakow.pl\/zaklady-i-pracownie\/wp-json\/wp\/v2\/users\/1"}],"replies":[{"embeddable":true,"href":"https:\/\/min-pan.krakow.pl\/zaklady-i-pracownie\/wp-json\/wp\/v2\/comments?post=66"}],"version-history":[{"count":6,"href":"https:\/\/min-pan.krakow.pl\/zaklady-i-pracownie\/wp-json\/wp\/v2\/pages\/66\/revisions"}],"predecessor-version":[{"id":1100,"href":"https:\/\/min-pan.krakow.pl\/zaklady-i-pracownie\/wp-json\/wp\/v2\/pages\/66\/revisions\/1100"}],"up":[{"embeddable":true,"href":"https:\/\/min-pan.krakow.pl\/zaklady-i-pracownie\/wp-json\/wp\/v2\/pages\/5"}],"wp:attachment":[{"href":"https:\/\/min-pan.krakow.pl\/zaklady-i-pracownie\/wp-json\/wp\/v2\/media?parent=66"}],"curies":[{"name":"wp","href":"https:\/\/api.w.org\/{rel}","templated":true}]}}