{"id":64,"date":"2017-11-22T16:36:43","date_gmt":"2017-11-22T15:36:43","guid":{"rendered":"https:\/\/min-pan.krakow.pl\/\/zaklady-i-pracownie\/?page_id=64"},"modified":"2021-12-10T10:56:16","modified_gmt":"2021-12-10T09:56:16","slug":"pracownia-ekonomiki-energetyki","status":"publish","type":"page","link":"https:\/\/min-pan.krakow.pl\/zaklady-i-pracownie\/zaklady\/zaklad-polityki-i-badan-strategicznych\/pracownia-ekonomiki-energetyki\/","title":{"rendered":"Pracownia Ekonomiki Energetyki"},"content":{"rendered":"<p>Pracowni\u0119 Ekonomiki Energetyki tworzy zesp\u00f3\u0142 posiadaj\u0105cy kompetencje i wiedz\u0119 z dziedziny modelowania z\u0142o\u017conych relacji techniczno-ekonomicznych w przemy\u015ble pozyskania, przetwarzania i konsumpcji energii. Pracownia specjalizuje si\u0119 w analizach wymagaj\u0105cych przetwarzania du\u017cej ilo\u015bci danych. Podstawowymi narz\u0119dziami stosowanymi w opracowaniach, analizach i raportach s\u0105 modele optymalizacyjne implementowane na odpowiednich platformach modelowania matematycznego. Prace realizowane przez cz\u0142onk\u00f3w zespo\u0142u maj\u0105 najcz\u0119\u015bciej charakter aplikacyjny. Dostarczamy nowoczesne i innowacyjne rozwi\u0105zania dla przedsi\u0119biorstw i instytucji publicznych, kt\u00f3rych dzia\u0142alno\u015b\u0107 wymaga zastosowania metod optymalizacyjnych oraz innych narz\u0119dzi budowanych dla rozwi\u0105zania konkretnych problem\u00f3w decyzyjnych.<\/p>\n<p>Do zada\u0144 Pracowni Ekonomiki Energetyki nale\u017cy:<\/p>\n<ul>\n<li>modelowanie i prognozowanie rozwoju system\u00f3w paliwowo-energetycznych<\/li>\n<li>budowa zaawansowanych narz\u0119dzi do wsparcia procesu podejmowania decyzji w sektorze paliwowo-energetycznym<\/li>\n<li>optymalizacja proces\u00f3w przemys\u0142owych z wykorzystaniem modeli matematycznych<\/li>\n<li>analiza ekonomiczna inwestycji w sektorze paliwowo-energetycznym<\/li>\n<li>analiza rynk\u00f3w energii i paliw<\/li>\n<li>badania trend\u00f3w w pozyskaniu i u\u017cytkowaniu energii i paliw<\/li>\n<li>badania wp\u0142ywu instrument\u00f3w polityki klimatycznej na sektor paliwowo-energetyczny<\/li>\n<\/ul>\n<p><\/p>","protected":false},"excerpt":{"rendered":"<p>Pracowni\u0119 Ekonomiki Energetyki tworzy zesp\u00f3\u0142 posiadaj\u0105cy kompetencje i wiedz\u0119 z dziedziny modelowania z\u0142o\u017conych relacji techniczno-ekonomicznych w przemy\u015ble pozyskania, przetwarzania i konsumpcji energii. Pracownia specjalizuje si\u0119 w analizach wymagaj\u0105cych przetwarzania du\u017cej ilo\u015bci danych. Podstawowymi narz\u0119dziami stosowanymi w opracowaniach, analizach i raportach s\u0105 modele optymalizacyjne implementowane na odpowiednich platformach modelowania matematycznego. Prace realizowane przez cz\u0142onk\u00f3w zespo\u0142u maj\u0105 [&hellip;]<\/p>\n","protected":false},"author":1,"featured_media":0,"parent":5,"menu_order":30,"comment_status":"closed","ping_status":"closed","template":"templates\/template-lab.php","meta":{"footnotes":""},"class_list":["post-64","page","type-page","status-publish","hentry"],"_links":{"self":[{"href":"https:\/\/min-pan.krakow.pl\/zaklady-i-pracownie\/wp-json\/wp\/v2\/pages\/64","targetHints":{"allow":["GET"]}}],"collection":[{"href":"https:\/\/min-pan.krakow.pl\/zaklady-i-pracownie\/wp-json\/wp\/v2\/pages"}],"about":[{"href":"https:\/\/min-pan.krakow.pl\/zaklady-i-pracownie\/wp-json\/wp\/v2\/types\/page"}],"author":[{"embeddable":true,"href":"https:\/\/min-pan.krakow.pl\/zaklady-i-pracownie\/wp-json\/wp\/v2\/users\/1"}],"replies":[{"embeddable":true,"href":"https:\/\/min-pan.krakow.pl\/zaklady-i-pracownie\/wp-json\/wp\/v2\/comments?post=64"}],"version-history":[{"count":5,"href":"https:\/\/min-pan.krakow.pl\/zaklady-i-pracownie\/wp-json\/wp\/v2\/pages\/64\/revisions"}],"predecessor-version":[{"id":1088,"href":"https:\/\/min-pan.krakow.pl\/zaklady-i-pracownie\/wp-json\/wp\/v2\/pages\/64\/revisions\/1088"}],"up":[{"embeddable":true,"href":"https:\/\/min-pan.krakow.pl\/zaklady-i-pracownie\/wp-json\/wp\/v2\/pages\/5"}],"wp:attachment":[{"href":"https:\/\/min-pan.krakow.pl\/zaklady-i-pracownie\/wp-json\/wp\/v2\/media?parent=64"}],"curies":[{"name":"wp","href":"https:\/\/api.w.org\/{rel}","templated":true}]}}