{"id":58,"date":"2017-11-22T16:28:27","date_gmt":"2017-11-22T15:28:27","guid":{"rendered":"https:\/\/min-pan.krakow.pl\/\/zaklady-i-pracownie\/?page_id=58"},"modified":"2024-03-01T11:30:21","modified_gmt":"2024-03-01T10:30:21","slug":"pracownia-odnawialnych-zrodel-energii","status":"publish","type":"page","link":"https:\/\/min-pan.krakow.pl\/zaklady-i-pracownie\/zaklady\/zaklad-rozwoju-odnawialnych-zrodel-energii\/pracownia-odnawialnych-zrodel-energii\/","title":{"rendered":"Pracownia Odnawialnych \u0179r\u00f3de\u0142 Energii"},"content":{"rendered":"<p>Zesp\u00f3\u0142 Pracowni to grono wykwalifikowanych pracownik\u00f3w b\u0119d\u0105cych specjalistami z dziedzin i dyscyplin naukowych takich jak: geologia, hydrogeologia, geofizyka, g\u00f3rnictwo, in\u017cyniera \u015brodowiska, energetyka, czy ciep\u0142ownictwo. Nasi pracownicy posiadaj\u0105 uprawnienia do nadzorowania prac geologicznych (m.in. kat. IV) i g\u00f3rniczych (m.in. kwalifikacje kierownika ruchu zak\u0142adu g\u00f3rniczego, geologa g\u00f3rniczego, osoby dozoru ruchu). Wieloletnia praca naukowa zespo\u0142u zosta\u0142a wyr\u00f3\u017cniona licznymi odznaczeniami i nagrodami.<\/p>\n<p>Do zada\u0144 Pracowni Odnawialnych \u0179r\u00f3de\u0142 Energii nale\u017cy:<\/p>\n<ul>\n<li>rozpoznanie i zagospodarowanie w\u00f3d geotermalnych, w szczeg\u00f3lno\u015bci w aspekcie:\n<ul>\n<li>racjonalnego wykorzystania energii geotermalnej<\/li>\n<li>wykorzystania walor\u00f3w balneologicznych i leczniczych zwi\u0105zanych z r\u00f3\u017cnym sk\u0142adem mineralnym i sk\u0142adnikami swoistymi w\u00f3d geotermalnych<\/li>\n<li>wp\u0142ywu na \u015brodowisko naturalne<\/li>\n<\/ul>\n<\/li>\n<li>optymalizacja wykorzystania energii geotermalnej w tzw. hybrydowych (wielopaliwowych) systemach ciep\u0142owniczych, z charakterystyk\u0105 \u017ar\u00f3d\u0142a energii oraz odbiorcy<\/li>\n<li>ocena warunk\u00f3w hydrogeologicznych zbiornik\u00f3w w\u00f3d podziemnych zalegaj\u0105cych w p\u0142ytkich horyzontach wodnono\u015bnych w aspekcie potencja\u0142u wodnego (wody pitnej) oraz energetycznego wykorzystuj\u0105cego spr\u0119\u017carkowe pompy ciep\u0142a<\/li>\n<li>ocena potencja\u0142u energetycznego w\u00f3d powierzchniowych i optymalizacja jego zagospodarowania z wykorzystaniem pomp ciep\u0142a ma\u0142ych i du\u017cych mocy<\/li>\n<\/ul>\n<p><\/p>","protected":false},"excerpt":{"rendered":"<p>Zesp\u00f3\u0142 Pracowni to grono wykwalifikowanych pracownik\u00f3w b\u0119d\u0105cych specjalistami z dziedzin i dyscyplin naukowych takich jak: geologia, hydrogeologia, geofizyka, g\u00f3rnictwo, in\u017cyniera \u015brodowiska, energetyka, czy ciep\u0142ownictwo. Nasi pracownicy posiadaj\u0105 uprawnienia do nadzorowania prac geologicznych (m.in. kat. IV) i g\u00f3rniczych (m.in. kwalifikacje kierownika ruchu zak\u0142adu g\u00f3rniczego, geologa g\u00f3rniczego, osoby dozoru ruchu). Wieloletnia praca naukowa zespo\u0142u zosta\u0142a wyr\u00f3\u017cniona licznymi [&hellip;]<\/p>\n","protected":false},"author":1,"featured_media":0,"parent":11,"menu_order":43,"comment_status":"closed","ping_status":"closed","template":"templates\/template-lab.php","meta":{"footnotes":""},"class_list":["post-58","page","type-page","status-publish","hentry"],"_links":{"self":[{"href":"https:\/\/min-pan.krakow.pl\/zaklady-i-pracownie\/wp-json\/wp\/v2\/pages\/58","targetHints":{"allow":["GET"]}}],"collection":[{"href":"https:\/\/min-pan.krakow.pl\/zaklady-i-pracownie\/wp-json\/wp\/v2\/pages"}],"about":[{"href":"https:\/\/min-pan.krakow.pl\/zaklady-i-pracownie\/wp-json\/wp\/v2\/types\/page"}],"author":[{"embeddable":true,"href":"https:\/\/min-pan.krakow.pl\/zaklady-i-pracownie\/wp-json\/wp\/v2\/users\/1"}],"replies":[{"embeddable":true,"href":"https:\/\/min-pan.krakow.pl\/zaklady-i-pracownie\/wp-json\/wp\/v2\/comments?post=58"}],"version-history":[{"count":6,"href":"https:\/\/min-pan.krakow.pl\/zaklady-i-pracownie\/wp-json\/wp\/v2\/pages\/58\/revisions"}],"predecessor-version":[{"id":1101,"href":"https:\/\/min-pan.krakow.pl\/zaklady-i-pracownie\/wp-json\/wp\/v2\/pages\/58\/revisions\/1101"}],"up":[{"embeddable":true,"href":"https:\/\/min-pan.krakow.pl\/zaklady-i-pracownie\/wp-json\/wp\/v2\/pages\/11"}],"wp:attachment":[{"href":"https:\/\/min-pan.krakow.pl\/zaklady-i-pracownie\/wp-json\/wp\/v2\/media?parent=58"}],"curies":[{"name":"wp","href":"https:\/\/api.w.org\/{rel}","templated":true}]}}