{"id":56,"date":"2017-11-22T16:28:15","date_gmt":"2017-11-22T15:28:15","guid":{"rendered":"https:\/\/min-pan.krakow.pl\/\/zaklady-i-pracownie\/?page_id=56"},"modified":"2022-01-13T14:18:42","modified_gmt":"2022-01-13T13:18:42","slug":"pracownia-geotechnologii","status":"publish","type":"page","link":"https:\/\/min-pan.krakow.pl\/zaklady-i-pracownie\/zaklady\/zaklad-geoinzynierii-i-inzynierii-srodowiska-2-2\/pracownia-geotechnologii\/","title":{"rendered":"Pracownia Geotechnologii"},"content":{"rendered":"<p>Pracownia Geotechnologii IGSMiE PAN istnieje od 2003 roku. Jej dzia\u0142alno\u015b\u0107 koncentruje si\u0119 na r\u00f3\u017cnych aspektach zwi\u0105zanych z podziemnym magazynowaniem\/sk\u0142adowaniem gaz\u00f3w przemys\u0142owych (dwutlenku w\u0119gla oraz wodoru), oraz podziemnym sk\u0142adowaniem odpad\u00f3w promieniotw\u00f3rczych w g\u0142\u0119bokich strukturach geologicznych.<\/p>\n<p>Do zada\u0144 Pracowni Geotechnologii nale\u017cy:<\/p>\n<ul>\n<li>rozpoznanie mo\u017cliwo\u015bci i potencja\u0142u podziemnego magazynowania\/sk\u0142adowania H<sub>2<\/sub>i CO<sub>2<\/sub>\u00a0w Polsce wraz z identyfikacj\u0105 i charakterystyk\u0105 odpowiednich struktur geologicznych w g\u0142\u0119bokich poziomach wodono\u015bnych oraz w kawernach solnych<\/li>\n<li>badanie oddzia\u0142ywania H<sub>2\u00a0<\/sub>i CO<sub>2<\/sub>na ska\u0142y zbiornikowe i uszczelniaj\u0105cy nak\u0142ad<\/li>\n<li>modelowanie zat\u0142aczania H<sub>2<\/sub>i CO<sub>2<\/sub>\u00a0do g\u0142\u0119bokich poziom\u00f3w wodono\u015bnych<\/li>\n<li>ocena oddzia\u0142ywania na \u015brodowisko przedsi\u0119wzi\u0119\u0107 zwi\u0105zanych z podziemnym magazynowaniem\/sk\u0142adowaniem H<sub>2<\/sub>i CO<sub>2<\/sub><\/li>\n<li>rozpoznanie mo\u017cliwo\u015bci podziemnego sk\u0142adowania odpad\u00f3w promieniotw\u00f3rczych<\/li>\n<li>ocena potencja\u0142u podziemnego magazynowanie substancji w kawernach solnych<\/li>\n<\/ul>\n<p><\/p>","protected":false},"excerpt":{"rendered":"<p>Pracownia Geotechnologii IGSMiE PAN istnieje od 2003 roku. Jej dzia\u0142alno\u015b\u0107 koncentruje si\u0119 na r\u00f3\u017cnych aspektach zwi\u0105zanych z podziemnym magazynowaniem\/sk\u0142adowaniem gaz\u00f3w przemys\u0142owych (dwutlenku w\u0119gla oraz wodoru), oraz podziemnym sk\u0142adowaniem odpad\u00f3w promieniotw\u00f3rczych w g\u0142\u0119bokich strukturach geologicznych. Do zada\u0144 Pracowni Geotechnologii nale\u017cy: rozpoznanie mo\u017cliwo\u015bci i potencja\u0142u podziemnego magazynowania\/sk\u0142adowania H2i CO2\u00a0w Polsce wraz z identyfikacj\u0105 i charakterystyk\u0105 odpowiednich struktur [&hellip;]<\/p>\n","protected":false},"author":1,"featured_media":0,"parent":9,"menu_order":56,"comment_status":"closed","ping_status":"closed","template":"templates\/template-lab.php","meta":{"footnotes":""},"class_list":["post-56","page","type-page","status-publish","hentry"],"_links":{"self":[{"href":"https:\/\/min-pan.krakow.pl\/zaklady-i-pracownie\/wp-json\/wp\/v2\/pages\/56","targetHints":{"allow":["GET"]}}],"collection":[{"href":"https:\/\/min-pan.krakow.pl\/zaklady-i-pracownie\/wp-json\/wp\/v2\/pages"}],"about":[{"href":"https:\/\/min-pan.krakow.pl\/zaklady-i-pracownie\/wp-json\/wp\/v2\/types\/page"}],"author":[{"embeddable":true,"href":"https:\/\/min-pan.krakow.pl\/zaklady-i-pracownie\/wp-json\/wp\/v2\/users\/1"}],"replies":[{"embeddable":true,"href":"https:\/\/min-pan.krakow.pl\/zaklady-i-pracownie\/wp-json\/wp\/v2\/comments?post=56"}],"version-history":[{"count":5,"href":"https:\/\/min-pan.krakow.pl\/zaklady-i-pracownie\/wp-json\/wp\/v2\/pages\/56\/revisions"}],"predecessor-version":[{"id":1114,"href":"https:\/\/min-pan.krakow.pl\/zaklady-i-pracownie\/wp-json\/wp\/v2\/pages\/56\/revisions\/1114"}],"up":[{"embeddable":true,"href":"https:\/\/min-pan.krakow.pl\/zaklady-i-pracownie\/wp-json\/wp\/v2\/pages\/9"}],"wp:attachment":[{"href":"https:\/\/min-pan.krakow.pl\/zaklady-i-pracownie\/wp-json\/wp\/v2\/media?parent=56"}],"curies":[{"name":"wp","href":"https:\/\/api.w.org\/{rel}","templated":true}]}}