{"id":54,"date":"2017-11-22T16:28:03","date_gmt":"2017-11-22T15:28:03","guid":{"rendered":"https:\/\/min-pan.krakow.pl\/\/zaklady-i-pracownie\/?page_id=54"},"modified":"2021-12-10T11:14:22","modified_gmt":"2021-12-10T10:14:22","slug":"pracownia-geochemii-stosowanej-i-inzynierii-srodowiska","status":"publish","type":"page","link":"https:\/\/min-pan.krakow.pl\/zaklady-i-pracownie\/zaklady\/zaklad-gospodarki-o-obiegu-zamknietym\/pracownia-geochemii-stosowanej-i-inzynierii-srodowiska\/","title":{"rendered":"Pracownia Geochemii Stosowanej i In\u017cynierii \u015arodowiska"},"content":{"rendered":"<p>Pracowni\u0119 Geochemii Stosowanej i In\u017cynierii \u015arodowiska stanowi interdyscyplinarny zesp\u00f3\u0142 maj\u0105cy do\u015bwiadczenie w zakresie geologii, mineralogii, geochemii stosowanej, chemii oraz in\u017cynierii i ochronie \u015brodowiska. Pracownia istnieje od 2016 roku, ale w swoim dorobku ma ju\u017c udzia\u0142 w kilkunastu projektach krajowych i mi\u0119dzynarodowych oraz szereg publikacji naukowych w uznanych czasopismach.<\/p>\n<p>Do zada\u0144 pracowni Geochemii Stosowanej i In\u017cynierii \u015arodowiska nale\u017cy:<\/p>\n<ul>\n<li>Badania mo\u017cliwo\u015bci zastosowa\u0144 wybranych materia\u0142\u00f3w odpadowych w in\u017cynierii i ochronie \u015brodowiska, w tym syntez materia\u0142\u00f3w odpadowych i mezoporowatych z popio\u0142\u00f3w lotnych i innych no\u015bnik\u00f3w krzemionki oraz ich zastosowanie w oczyszczaniu \u015bciek\u00f3w ( m.in. z Hg, NH3) i gaz\u00f3w spalinowych ( m.in. z Hg i CO2),<\/li>\n<li>Rozw\u00f3j technologii w zakresie wytwarzania, magazynowania i wykorzystania wodoru do produkcji energii, w szczeg\u00f3lno\u015bci w zakresie wykorzystania zeolit\u00f3w, struktur metaloorganicznych ( MOF) i materia\u0142\u00f3w mezoporowatych w procesach magazynowania wodoru,<\/li>\n<li>Magazynowanie energii elektrycznej w bateriach typu Li-ion, Na-ion, w tym prace materia\u0142owe nad nowymi rozwi\u0105zaniami dla elektrod stosowanych w ogniwach, maj\u0105ce na celu popraw\u0119 kluczowych parametr\u00f3w technologii ogniw odwracalnych,<\/li>\n<li>Analizy geochemiczne proces\u00f3w zachodz\u0105cych podczas sk\u0142adowania CO2,<\/li>\n<li>Ewaluacja i analizy spo\u0142ecznych, ekonomicznych i \u015brodowiskowych przedsi\u0119wzi\u0119\u0107 z wykorzystaniem r\u00f3\u017cnych metod badawczych, w tym statystycznych.<\/li>\n<\/ul>\n<p>&nbsp;<\/p>","protected":false},"excerpt":{"rendered":"<p>Pracowni\u0119 Geochemii Stosowanej i In\u017cynierii \u015arodowiska stanowi interdyscyplinarny zesp\u00f3\u0142 maj\u0105cy do\u015bwiadczenie w zakresie geologii, mineralogii, geochemii stosowanej, chemii oraz in\u017cynierii i ochronie \u015brodowiska. Pracownia istnieje od 2016 roku, ale w swoim dorobku ma ju\u017c udzia\u0142 w kilkunastu projektach krajowych i mi\u0119dzynarodowych oraz szereg publikacji naukowych w uznanych czasopismach. Do zada\u0144 pracowni Geochemii Stosowanej i In\u017cynierii [&hellip;]<\/p>\n","protected":false},"author":1,"featured_media":0,"parent":1092,"menu_order":25,"comment_status":"closed","ping_status":"closed","template":"templates\/template-lab.php","meta":{"footnotes":""},"class_list":["post-54","page","type-page","status-publish","hentry"],"_links":{"self":[{"href":"https:\/\/min-pan.krakow.pl\/zaklady-i-pracownie\/wp-json\/wp\/v2\/pages\/54","targetHints":{"allow":["GET"]}}],"collection":[{"href":"https:\/\/min-pan.krakow.pl\/zaklady-i-pracownie\/wp-json\/wp\/v2\/pages"}],"about":[{"href":"https:\/\/min-pan.krakow.pl\/zaklady-i-pracownie\/wp-json\/wp\/v2\/types\/page"}],"author":[{"embeddable":true,"href":"https:\/\/min-pan.krakow.pl\/zaklady-i-pracownie\/wp-json\/wp\/v2\/users\/1"}],"replies":[{"embeddable":true,"href":"https:\/\/min-pan.krakow.pl\/zaklady-i-pracownie\/wp-json\/wp\/v2\/comments?post=54"}],"version-history":[{"count":5,"href":"https:\/\/min-pan.krakow.pl\/zaklady-i-pracownie\/wp-json\/wp\/v2\/pages\/54\/revisions"}],"predecessor-version":[{"id":1097,"href":"https:\/\/min-pan.krakow.pl\/zaklady-i-pracownie\/wp-json\/wp\/v2\/pages\/54\/revisions\/1097"}],"up":[{"embeddable":true,"href":"https:\/\/min-pan.krakow.pl\/zaklady-i-pracownie\/wp-json\/wp\/v2\/pages\/1092"}],"wp:attachment":[{"href":"https:\/\/min-pan.krakow.pl\/zaklady-i-pracownie\/wp-json\/wp\/v2\/media?parent=54"}],"curies":[{"name":"wp","href":"https:\/\/api.w.org\/{rel}","templated":true}]}}