{"id":52,"date":"2017-11-22T16:27:48","date_gmt":"2017-11-22T15:27:48","guid":{"rendered":"https:\/\/min-pan.krakow.pl\/\/zaklady-i-pracownie\/?page_id=52"},"modified":"2026-03-04T14:38:12","modified_gmt":"2026-03-04T13:38:12","slug":"pracownia-geoinzynierii","status":"publish","type":"page","link":"https:\/\/min-pan.krakow.pl\/zaklady-i-pracownie\/zaklady\/zaklad-geoinzynierii-i-inzynierii-srodowiska-2-2\/pracownia-geoinzynierii\/","title":{"rendered":"Pracownia Geoin\u017cynierii"},"content":{"rendered":"<p>Pracowni\u0119 Pozyskiwania Geoin\u017cynierii tworzy zesp\u00f3\u0142 geofizyk\u00f3w, geolog\u00f3w i informatyk\u00f3w posiadaj\u0105cych do\u015bwiadczenie w pracach naukowo-badawczych z zakresu geofizyki in\u017cynierskiej, geologii in\u017cynierskiej, geomechaniki i in\u017cynierii \u015brodowiska. Cz\u0142onkowie zespo\u0142u prowadz\u0105 r\u00f3wnie\u017c zaj\u0119cia dydaktyczne dla student\u00f3w Akademii G\u00f3rniczo-Hutniczej.<\/p>\n<p>Do zada\u0144 Pracowni Geoin\u017cynierii nale\u017c\u0105:<\/p>\n<ul>\n<li>badania geofizyczne i geologiczno-in\u017cynierskie oddzia\u0142ywania r\u00f3\u017cnego rodzaju czynnik\u00f3w na \u015brodowisko przyrodnicze, zw\u0142aszcza na terenach g\u00f3rniczych i pog\u00f3rniczych<\/li>\n<li>badania zagro\u017ce\u0144 naturalnych towarzysz\u0105cych eksploatacji r\u00f3\u017cnych kopalin mineralnych<\/li>\n<li>badania geofizyczne budowy, w\u0142a\u015bciwo\u015bci i czasoprzestrzennego zachowania si\u0119 o\u015brodk\u00f3w gruntowych i skalnych, w tym osuwisk, zapadlisk oraz pod\u0142o\u017ca pod obiekty budowlane, w szczeg\u00f3lno\u015bci za pomoc\u0105 metod: sejsmicznej i georadarowej<\/li>\n<li>badania oddzia\u0142ywa\u0144 dynamicznych na obiekty budowlane metod\u0105 sejsmometryczn\u0105<\/li>\n<li>modelowania matematyczne zachowania si\u0119 o\u015brodk\u00f3w geologicznych w warunkach obci\u0105\u017ce\u0144 statycznych i dynamicznych, w tym wok\u00f3\u0142 wyrobisk g\u00f3rniczych, tuneli i obiekt\u00f3w in\u017cynierskich<\/li>\n<li>analizy sedymentologiczno-petrologiczne r\u00f3\u017cnych surowc\u00f3w skalnych pod k\u0105tem ich zagospodarowania<\/li>\n<\/ul>\n<p><\/p>","protected":false},"excerpt":{"rendered":"<p>Pracowni\u0119 Pozyskiwania Geoin\u017cynierii tworzy zesp\u00f3\u0142 geofizyk\u00f3w, geolog\u00f3w i informatyk\u00f3w posiadaj\u0105cych do\u015bwiadczenie w pracach naukowo-badawczych z zakresu geofizyki in\u017cynierskiej, geologii in\u017cynierskiej, geomechaniki i in\u017cynierii \u015brodowiska. Cz\u0142onkowie zespo\u0142u prowadz\u0105 r\u00f3wnie\u017c zaj\u0119cia dydaktyczne dla student\u00f3w Akademii G\u00f3rniczo-Hutniczej. Do zada\u0144 Pracowni Geoin\u017cynierii nale\u017c\u0105: badania geofizyczne i geologiczno-in\u017cynierskie oddzia\u0142ywania r\u00f3\u017cnego rodzaju czynnik\u00f3w na \u015brodowisko przyrodnicze, zw\u0142aszcza na terenach g\u00f3rniczych i [&hellip;]<\/p>\n","protected":false},"author":1,"featured_media":0,"parent":9,"menu_order":52,"comment_status":"closed","ping_status":"closed","template":"templates\/template-lab.php","meta":{"footnotes":""},"class_list":["post-52","page","type-page","status-publish","hentry"],"_links":{"self":[{"href":"https:\/\/min-pan.krakow.pl\/zaklady-i-pracownie\/wp-json\/wp\/v2\/pages\/52","targetHints":{"allow":["GET"]}}],"collection":[{"href":"https:\/\/min-pan.krakow.pl\/zaklady-i-pracownie\/wp-json\/wp\/v2\/pages"}],"about":[{"href":"https:\/\/min-pan.krakow.pl\/zaklady-i-pracownie\/wp-json\/wp\/v2\/types\/page"}],"author":[{"embeddable":true,"href":"https:\/\/min-pan.krakow.pl\/zaklady-i-pracownie\/wp-json\/wp\/v2\/users\/1"}],"replies":[{"embeddable":true,"href":"https:\/\/min-pan.krakow.pl\/zaklady-i-pracownie\/wp-json\/wp\/v2\/comments?post=52"}],"version-history":[{"count":6,"href":"https:\/\/min-pan.krakow.pl\/zaklady-i-pracownie\/wp-json\/wp\/v2\/pages\/52\/revisions"}],"predecessor-version":[{"id":1185,"href":"https:\/\/min-pan.krakow.pl\/zaklady-i-pracownie\/wp-json\/wp\/v2\/pages\/52\/revisions\/1185"}],"up":[{"embeddable":true,"href":"https:\/\/min-pan.krakow.pl\/zaklady-i-pracownie\/wp-json\/wp\/v2\/pages\/9"}],"wp:attachment":[{"href":"https:\/\/min-pan.krakow.pl\/zaklady-i-pracownie\/wp-json\/wp\/v2\/media?parent=52"}],"curies":[{"name":"wp","href":"https:\/\/api.w.org\/{rel}","templated":true}]}}