{"id":5,"date":"2017-11-09T11:46:49","date_gmt":"2017-11-09T10:46:49","guid":{"rendered":"https:\/\/min-pan.krakow.pl\/\/zaklady-i-pracownie\/?page_id=5"},"modified":"2023-08-01T14:59:51","modified_gmt":"2023-08-01T12:59:51","slug":"zaklad-polityki-i-badan-strategicznych","status":"publish","type":"page","link":"https:\/\/min-pan.krakow.pl\/zaklady-i-pracownie\/zaklady\/zaklad-polityki-i-badan-strategicznych\/","title":{"rendered":"Zak\u0142ad Polityki Energetycznej i Rynk\u00f3w Energii"},"content":{"rendered":"<p><\/p>\n<h3>Tematyka naukowo-badawcza Zak\u0142adu<\/h3>\n<p>Zak\u0142ad Polityki Energetycznej i Rynk\u00f3w Energii prowadzi szeroki zakres prac naukowo-badawczych i badawczo-rozwojowych oraz us\u0142ug badawczych dla otoczenia gospodarczego w zakresie szeroko rozumianych obszar\u00f3w ekonomiki energetyki i modelowania system\u00f3w paliwowo-energetycznych, bada\u0144 rynk\u00f3w paliw i energii, oraz zr\u00f3wnowa\u017conego rozwoju gospodarki paliwami i energi\u0105.<\/p>\n<p>W zakresie ekonomiki energetyki i modelowania system\u00f3w paliwowo-energetycznych zajmujemy si\u0119 w szczeg\u00f3lno\u015bci nast\u0119puj\u0105cymi obszarami tematycznymi:<\/p>\n<ul>\n<li>Modelowanie i prognozowanie rozwoju system\u00f3w paliwowo-energetycznych,<\/li>\n<li>Budowa zaawansowanych narz\u0119dzi do wsparcia procesu podejmowania decyzji w\u00a0sektorze paliwowo-energetycznym,<\/li>\n<li>Optymalizacja proces\u00f3w przemys\u0142owych z wykorzystaniem modeli matematycznych,<\/li>\n<li>Analiza ekonomiczna inwestycji w sektorze paliwowo-energetycznym,<\/li>\n<li>Analiza rynk\u00f3w energii i paliw,<\/li>\n<li>Badania trend\u00f3w w pozyskaniu i u\u017cytkowaniu energii i paliw,<\/li>\n<li>Badania wp\u0142ywu instrument\u00f3w polityki klimatycznej na sektor paliwowo-energetyczny.<\/li>\n<\/ul>\n<p>W zakresie bada\u0144 rynk\u00f3w paliw i energii zajmujemy si\u0119 w szczeg\u00f3lno\u015bci nast\u0119puj\u0105cymi obszarami tematycznymi:<\/p>\n<ul>\n<li>Analizy mi\u0119dzynarodowych rynk\u00f3w paliw (producenci, eksporterzy, importerzy, ceny, jako\u015b\u0107, transport),<\/li>\n<li>Prognozy zapotrzebowania i cen paliw na rynku krajowym i\u00a0mi\u0119dzynarodowym,<\/li>\n<li>Badania krajowego rynku w\u0119gla kamiennego (w\u0119giel energetyczny, w\u0119giel koksowy):\n<ul>\n<li>Analizy sytuacji ekonomicznej krajowych kopal\u0144 i sp\u00f3\u0142ek w\u0119glowych w \u015bwietle zmian cen na mi\u0119dzynarodowych rynkach w\u0119glowych,<\/li>\n<li>Okre\u015blanie poziomu cen w\u0119gla w oparciu o kryteria: kosztowe, parytetu importowego, indeks\u00f3w cen rynkowych,<\/li>\n<li>Analizy poda\u017cy i popytu w sektorze drobnych odbiorc\u00f3w,<\/li>\n<li>Analizy i tworzenie struktur cenowych w uk\u0142adach producent-u\u017cytkownik,<\/li>\n<\/ul>\n<\/li>\n<li>Ekologiczne aspekty u\u017cytkowania oraz emisyjno\u015b\u0107 paliw,<\/li>\n<li>Analiza konkurencyjno\u015bci paliw.<\/li>\n<\/ul>\n<p>W zakresie zr\u00f3wnowa\u017conego rozwoju gospodarki paliwami i energi\u0105, z uwzgl\u0119dnieniem uwarunkowa\u0144 geologicznych, g\u00f3rniczych, technicznych, ekonomicznych, prawnych, spo\u0142ecznych i \u015brodowiskowych, zajmujemy si\u0119 w szczeg\u00f3lno\u015bci nast\u0119puj\u0105cymi obszarami tematycznymi:<\/p>\n<ul>\n<li>Polityka energetyczna kraju i ocena bezpiecze\u0144stwa energetycznego,<\/li>\n<li>Transformacja w kierunku gospodarki niskoemisyjnej oraz optymalizacja struktury wytwarzania energii,<\/li>\n<li>Analiza ryzyka w energetyce,<\/li>\n<li>Racjonalne wykorzystanie energii ze \u017ar\u00f3de\u0142 odnawialnych,<\/li>\n<li>Spo\u0142eczna akceptacja dla transformacji energetycznej,<\/li>\n<li>Efektywno\u015b\u0107 energetyczna,<\/li>\n<li>Wp\u0142yw spalania paliw biomasowych w nowoczesnych kot\u0142ach na stopie\u0144 redukcji emisji,<\/li>\n<li>Projektowanie i ocena efektywno\u015bci inwestycji w g\u00f3rnictwie i energetyce,<\/li>\n<li>Projektowanie i szacowanie koszt\u00f3w pozyskania w\u0119gla, likwidacji kopal\u0144, obci\u0105\u017ce\u0144 publiczno-prawnych i cywilno-prawnych g\u00f3rnictwa.<\/li>\n<\/ul>\n<p>&nbsp;<\/p>","protected":false},"excerpt":{"rendered":"<p>Tematyka naukowo-badawcza Zak\u0142adu Zak\u0142ad Polityki Energetycznej i Rynk\u00f3w Energii prowadzi szeroki zakres prac naukowo-badawczych i badawczo-rozwojowych oraz us\u0142ug badawczych dla otoczenia gospodarczego w zakresie szeroko rozumianych obszar\u00f3w ekonomiki energetyki i modelowania system\u00f3w paliwowo-energetycznych, bada\u0144 rynk\u00f3w paliw i energii, oraz zr\u00f3wnowa\u017conego rozwoju gospodarki paliwami i energi\u0105. W zakresie ekonomiki energetyki i modelowania system\u00f3w paliwowo-energetycznych zajmujemy si\u0119 [&hellip;]<\/p>\n","protected":false},"author":1,"featured_media":0,"parent":2,"menu_order":29,"comment_status":"closed","ping_status":"closed","template":"templates\/template-works.php","meta":{"footnotes":""},"class_list":["post-5","page","type-page","status-publish","hentry"],"_links":{"self":[{"href":"https:\/\/min-pan.krakow.pl\/zaklady-i-pracownie\/wp-json\/wp\/v2\/pages\/5","targetHints":{"allow":["GET"]}}],"collection":[{"href":"https:\/\/min-pan.krakow.pl\/zaklady-i-pracownie\/wp-json\/wp\/v2\/pages"}],"about":[{"href":"https:\/\/min-pan.krakow.pl\/zaklady-i-pracownie\/wp-json\/wp\/v2\/types\/page"}],"author":[{"embeddable":true,"href":"https:\/\/min-pan.krakow.pl\/zaklady-i-pracownie\/wp-json\/wp\/v2\/users\/1"}],"replies":[{"embeddable":true,"href":"https:\/\/min-pan.krakow.pl\/zaklady-i-pracownie\/wp-json\/wp\/v2\/comments?post=5"}],"version-history":[{"count":18,"href":"https:\/\/min-pan.krakow.pl\/zaklady-i-pracownie\/wp-json\/wp\/v2\/pages\/5\/revisions"}],"predecessor-version":[{"id":1132,"href":"https:\/\/min-pan.krakow.pl\/zaklady-i-pracownie\/wp-json\/wp\/v2\/pages\/5\/revisions\/1132"}],"up":[{"embeddable":true,"href":"https:\/\/min-pan.krakow.pl\/zaklady-i-pracownie\/wp-json\/wp\/v2\/pages\/2"}],"wp:attachment":[{"href":"https:\/\/min-pan.krakow.pl\/zaklady-i-pracownie\/wp-json\/wp\/v2\/media?parent=5"}],"curies":[{"name":"wp","href":"https:\/\/api.w.org\/{rel}","templated":true}]}}