{"id":42,"date":"2017-11-15T13:29:55","date_gmt":"2017-11-15T12:29:55","guid":{"rendered":"https:\/\/min-pan.krakow.pl\/\/zaklady-i-pracownie\/?page_id=42"},"modified":"2021-12-10T10:45:08","modified_gmt":"2021-12-10T09:45:08","slug":"pracownia-geologii-gospodarczej","status":"publish","type":"page","link":"https:\/\/min-pan.krakow.pl\/zaklady-i-pracownie\/zaklady\/zaklad-badan-rynku-surowcowego-i-energetycznego\/pracownia-geologii-gospodarczej\/","title":{"rendered":"Pracownia Geologii Gospodarczej"},"content":{"rendered":"<p>Pracowni\u0119 Geologii Gospodarczej stanowi kilkuosobowy zesp\u00f3\u0142 maj\u0105cy do\u015bwiadczenie w zakresie szeroko rozumianej geologii i mineralogii. Specjalizujemy si\u0119 r\u00f3wnie\u017c w prognozowaniu, poszukiwaniu, rozpoznawaniu i dokumentowaniu z\u0142\u00f3\u017c kopalin. W naszym Zespole pracuj\u0105 eksperci b\u0119d\u0105cy cz\u0142onkami uznanych mi\u0119dzynarodowych instytucji zajmuj\u0105cych si\u0119 wypracowywaniem zasad stosowania mi\u0119dzynarodowej klasyfikacji zasob\u00f3w surowc\u00f3w mineralnych (UNECE Expert Group on Resource Classification), bior\u0105cy r\u00f3wnie\u017c czynny udzia\u0142 r\u00f3wnie\u017c w pracach Komisji Zasob\u00f3w Kopalin przy Ministerstwie \u015arodowiska. Dysponujemy ponad 40-letnim do\u015bwiadczeniem w pracy naukowo-badawczej i badawczo-rozwojowej.<\/p>\n<p>Do zada\u0144 Pracowni Geologii Gospodarczej nale\u017c\u0105:<\/p>\n<ul>\n<li>prognozowanie, poszukiwanie, rozpoznawanie i dokumentowanie z\u0142\u00f3\u017c kopalin,<\/li>\n<li>szacowanie i klasyfikacja zasob\u00f3w z\u0142\u00f3\u017c oraz ich ocena geologiczno-gospodarcza,<\/li>\n<li>kartografia geologiczno-gospodarcza i geo\u015brodowiskowa,<\/li>\n<li>zasady i podstawy prawne racjonalnej gospodarki z\u0142o\u017cami oraz ich waloryzacji i ochrony<\/li>\n<\/ul>\n<p><\/p>","protected":false},"excerpt":{"rendered":"<p>Pracowni\u0119 Geologii Gospodarczej stanowi kilkuosobowy zesp\u00f3\u0142 maj\u0105cy do\u015bwiadczenie w zakresie szeroko rozumianej geologii i mineralogii. Specjalizujemy si\u0119 r\u00f3wnie\u017c w prognozowaniu, poszukiwaniu, rozpoznawaniu i dokumentowaniu z\u0142\u00f3\u017c kopalin. W naszym Zespole pracuj\u0105 eksperci b\u0119d\u0105cy cz\u0142onkami uznanych mi\u0119dzynarodowych instytucji zajmuj\u0105cych si\u0119 wypracowywaniem zasad stosowania mi\u0119dzynarodowej klasyfikacji zasob\u00f3w surowc\u00f3w mineralnych (UNECE Expert Group on Resource Classification), bior\u0105cy r\u00f3wnie\u017c czynny [&hellip;]<\/p>\n","protected":false},"author":1,"featured_media":0,"parent":7,"menu_order":4,"comment_status":"closed","ping_status":"closed","template":"templates\/template-lab.php","meta":{"footnotes":""},"class_list":["post-42","page","type-page","status-publish","hentry"],"_links":{"self":[{"href":"https:\/\/min-pan.krakow.pl\/zaklady-i-pracownie\/wp-json\/wp\/v2\/pages\/42","targetHints":{"allow":["GET"]}}],"collection":[{"href":"https:\/\/min-pan.krakow.pl\/zaklady-i-pracownie\/wp-json\/wp\/v2\/pages"}],"about":[{"href":"https:\/\/min-pan.krakow.pl\/zaklady-i-pracownie\/wp-json\/wp\/v2\/types\/page"}],"author":[{"embeddable":true,"href":"https:\/\/min-pan.krakow.pl\/zaklady-i-pracownie\/wp-json\/wp\/v2\/users\/1"}],"replies":[{"embeddable":true,"href":"https:\/\/min-pan.krakow.pl\/zaklady-i-pracownie\/wp-json\/wp\/v2\/comments?post=42"}],"version-history":[{"count":4,"href":"https:\/\/min-pan.krakow.pl\/zaklady-i-pracownie\/wp-json\/wp\/v2\/pages\/42\/revisions"}],"predecessor-version":[{"id":1084,"href":"https:\/\/min-pan.krakow.pl\/zaklady-i-pracownie\/wp-json\/wp\/v2\/pages\/42\/revisions\/1084"}],"up":[{"embeddable":true,"href":"https:\/\/min-pan.krakow.pl\/zaklady-i-pracownie\/wp-json\/wp\/v2\/pages\/7"}],"wp:attachment":[{"href":"https:\/\/min-pan.krakow.pl\/zaklady-i-pracownie\/wp-json\/wp\/v2\/media?parent=42"}],"curies":[{"name":"wp","href":"https:\/\/api.w.org\/{rel}","templated":true}]}}