{"id":38,"date":"2017-11-15T13:29:01","date_gmt":"2017-11-15T12:29:01","guid":{"rendered":"https:\/\/min-pan.krakow.pl\/\/zaklady-i-pracownie\/?page_id=38"},"modified":"2024-04-16T12:32:19","modified_gmt":"2024-04-16T10:32:19","slug":"pracownia-ekonomiki-i-badan-rynku-paliwowo-energetycznego","status":"publish","type":"page","link":"https:\/\/min-pan.krakow.pl\/zaklady-i-pracownie\/zaklady\/zaklad-polityki-i-badan-strategicznych\/pracownia-ekonomiki-i-badan-rynku-paliwowo-energetycznego\/","title":{"rendered":"Pracownia Ekonomiki i Bada\u0144 Rynku Paliwowo-Energetycznego"},"content":{"rendered":"<p>Ju\u017c od blisko 30 lat funkcjonujemy w strukturach Instytutu. Prowadzimy dzia\u0142alno\u015b\u0107 naukowo-badawcz\u0105 publikuj\u0105c swoje przemy\u015blenia na \u0142amach literatury fachowej oraz realizuj\u0105c prace badawczo-rozwojowe na zam\u00f3wienie. W tym czasie zrealizowali\u015bmy kilkadziesi\u0105t istotnych prac dla przemys\u0142u w\u0119glowego i energetyki. Od 1994 roku nasza Pracowania jest organizatorem cyklicznej konferencji pt.: Zagadnienia Surowc\u00f3w Energetyczny i Energii w Gospodarce Krajowej. Intencj\u0105 corocznych spotka\u0144 jest pe\u0142niejsze wzajemne poznanie przez g\u00f3rnik\u00f3w, koksownik\u00f3w i energetyk\u00f3w specyfiki kompleksu paliwowo-energetycznego oraz jego z\u0142o\u017conych problem\u00f3w w powi\u0105zaniu z ca\u0142o\u015bci\u0105 krajowej gospodarki. W konferencji co roku bierze udzia\u0142 ponad 200 os\u00f3b.<\/p>\n<p>Do zada\u0144 Pracowni Ekonomiki i Bada\u0144 Rynku Paliwowo-Energetycznego nale\u017cy:<\/p>\n<ul>\n<li>analiza mi\u0119dzynarodowych rynk\u00f3w paliw (producenci, eksporterzy, importerzy, ceny, jako\u015b\u0107, transport)<\/li>\n<li>prognozy zapotrzebowania i cen paliw na rynku krajowym i mi\u0119dzynarodowym<\/li>\n<li>badania krajowego rynku w\u0119gla kamiennego (w\u0119giel energetyczny, w\u0119giel koksowy\n<ul>\n<li>analizy sytuacji ekonomicznej krajowych kopal\u0144 i sp\u00f3\u0142ek w\u0119glowych w \u015bwietle zmian cen na mi\u0119dzynarodowych rynkach w\u0119glowych<\/li>\n<li>okre\u015blanie poziomu cen w\u0119gla w oparciu o kryteria: kosztowe, parytetu importowego, indeks\u00f3w cen rynkowych<\/li>\n<li>analiza poda\u017cy i popytu w sektorze drobnych odbiorc\u00f3w<\/li>\n<li>analiza i tworzenie struktur cenowych w uk\u0142adach producent-u\u017cytkownik<\/li>\n<\/ul>\n<\/li>\n<li>ekologiczne aspekty u\u017cytkowania oraz emisyjno\u015b\u0107 paliw<\/li>\n<li>analiza konkurencyjno\u015bci paliw<\/li>\n<\/ul>\n<p><\/p>","protected":false},"excerpt":{"rendered":"<p>Ju\u017c od blisko 30 lat funkcjonujemy w strukturach Instytutu. Prowadzimy dzia\u0142alno\u015b\u0107 naukowo-badawcz\u0105 publikuj\u0105c swoje przemy\u015blenia na \u0142amach literatury fachowej oraz realizuj\u0105c prace badawczo-rozwojowe na zam\u00f3wienie. W tym czasie zrealizowali\u015bmy kilkadziesi\u0105t istotnych prac dla przemys\u0142u w\u0119glowego i energetyki. Od 1994 roku nasza Pracowania jest organizatorem cyklicznej konferencji pt.: Zagadnienia Surowc\u00f3w Energetyczny i Energii w Gospodarce Krajowej. [&hellip;]<\/p>\n","protected":false},"author":1,"featured_media":0,"parent":5,"menu_order":34,"comment_status":"closed","ping_status":"closed","template":"templates\/template-lab.php","meta":{"footnotes":""},"class_list":["post-38","page","type-page","status-publish","hentry"],"_links":{"self":[{"href":"https:\/\/min-pan.krakow.pl\/zaklady-i-pracownie\/wp-json\/wp\/v2\/pages\/38","targetHints":{"allow":["GET"]}}],"collection":[{"href":"https:\/\/min-pan.krakow.pl\/zaklady-i-pracownie\/wp-json\/wp\/v2\/pages"}],"about":[{"href":"https:\/\/min-pan.krakow.pl\/zaklady-i-pracownie\/wp-json\/wp\/v2\/types\/page"}],"author":[{"embeddable":true,"href":"https:\/\/min-pan.krakow.pl\/zaklady-i-pracownie\/wp-json\/wp\/v2\/users\/1"}],"replies":[{"embeddable":true,"href":"https:\/\/min-pan.krakow.pl\/zaklady-i-pracownie\/wp-json\/wp\/v2\/comments?post=38"}],"version-history":[{"count":4,"href":"https:\/\/min-pan.krakow.pl\/zaklady-i-pracownie\/wp-json\/wp\/v2\/pages\/38\/revisions"}],"predecessor-version":[{"id":1090,"href":"https:\/\/min-pan.krakow.pl\/zaklady-i-pracownie\/wp-json\/wp\/v2\/pages\/38\/revisions\/1090"}],"up":[{"embeddable":true,"href":"https:\/\/min-pan.krakow.pl\/zaklady-i-pracownie\/wp-json\/wp\/v2\/pages\/5"}],"wp:attachment":[{"href":"https:\/\/min-pan.krakow.pl\/zaklady-i-pracownie\/wp-json\/wp\/v2\/media?parent=38"}],"curies":[{"name":"wp","href":"https:\/\/api.w.org\/{rel}","templated":true}]}}