{"id":36,"date":"2017-11-15T13:28:46","date_gmt":"2017-11-15T12:28:46","guid":{"rendered":"https:\/\/min-pan.krakow.pl\/\/zaklady-i-pracownie\/?page_id=36"},"modified":"2021-12-10T10:47:05","modified_gmt":"2021-12-10T09:47:05","slug":"pracownia-pozyskiwania-surowcow-mineralnych","status":"publish","type":"page","link":"https:\/\/min-pan.krakow.pl\/zaklady-i-pracownie\/zaklady\/zaklad-badan-rynku-surowcowego-i-energetycznego\/pracownia-pozyskiwania-surowcow-mineralnych\/","title":{"rendered":"Pracownia Pozyskiwania Surowc\u00f3w Mineralnych"},"content":{"rendered":"<p>Pracowni\u0119 Pozyskiwania Surowc\u00f3w Mineralnych tworzy zesp\u00f3\u0142 wykwalifikowanych pracownik\u00f3w, kt\u00f3rzy specjalizuj\u0105 si\u0119 w szeroko rozumianych analizach technicznych, ekonomicznych, \u015brodowiskowych oraz doradztwie dla du\u017cych przedsi\u0119biorstw z sektora g\u00f3rnictwa\u00a0 i energetyki. Funkcjonujemy w strukturach Instytutu od ponad 30 lat. W tym czasie zrealizowali\u015bmy ponad 200 projekt\u00f3w naukowo-badawczych i badawczo-rozwojowych. Cieszy nas fakt, \u017ce wiele spo\u015br\u00f3d zrealizowanych prac znalaz\u0142o zastosowanie w przemy\u015ble,\u00a0 \u00a0 \u00a0 \u00a0 \u00a0 \u00a0 \u00a0 a niekt\u00f3re wdro\u017cenia sprawnie funkcjonuj\u0105 do dzi\u015b. Nasze przemy\u015blenia i osi\u0105gni\u0119cia s\u0105 publikowane r\u00f3wnie\u017c w renomowanych czasopismach. W tym czasie zrealizowali\u015bmy r\u00f3wnie\u017c kilkana\u015bcie grant\u00f3w naukowo-badawczych, a niekt\u00f3re\u00a0z nich zosta\u0142y udokumentowane w postaci samodzielnych publikacji ksi\u0105\u017ckowych. Jednym z g\u0142\u00f3wnych projekt\u00f3w Pracowni jest r\u00f3wnie\u017c organizowana co roku konferencja naukowa pn.: <a href=\"http:\/\/szkolaeksploatacji.pl\">Szko\u0142a Eksploatacji Podziemnej.<\/a><\/p>\n<p>Do zada\u0144 Pracowni Pozyskiwania Surowc\u00f3w Mineralnych nale\u017c\u0105:<\/p>\n<ul>\n<li>ocena przedsi\u0119wzi\u0119\u0107 inwestycyjnych w g\u00f3rnictwie (w tym ich efektywno\u015bci ekonomicznej)<\/li>\n<li>wycena warto\u015bci zasob\u00f3w z\u0142\u00f3\u017c kopalin u\u017cytecznych<\/li>\n<li>ocena zasob\u00f3w w\u0119gla kamiennego wg polskich standard\u00f3w klasyfikacji zasob\u00f3w oraz mi\u0119dzynarodowych standard\u00f3w kodeksu JORC<\/li>\n<li>ocena uci\u0105\u017cliwo\u015bci warunk\u00f3w geologicznych i g\u00f3rniczych w kopalniach podziemnych<\/li>\n<li>ocena wp\u0142ywu parametr\u00f3w geologiczno-g\u00f3rniczych i jako\u015bciowych kopalin na efektywno\u015b\u0107 ekonomiczn\u0105 zak\u0142ad\u00f3w g\u00f3rniczych oraz ryzyko dzia\u0142alno\u015bci g\u00f3rniczej<\/li>\n<li>ocena pracy maszyn i urz\u0105dze\u0144 energomechanicznych na bazie danych pochodz\u0105cych z aparatury kontrolno-pomiarowej i automatyki kapal\u0144<\/li>\n<li>techniczno-ekonomiczna ocena nowych rozwi\u0105za\u0144 technologicznych eksploatacji z\u0142\u00f3\u017c<\/li>\n<li>techniczno-ekonomiczna ocena efektywno\u015bci nowych rozwi\u0105za\u0144 technologicznych w zakresie odnawialnych \u017ar\u00f3de\u0142 energii<\/li>\n<li>narz\u0119dzia informatyczne wspieraj\u0105ce podejmowanie decyzji w zakresie modelowania cyfrowego z\u0142\u00f3\u017c i harmonogramowania produkcji<\/li>\n<\/ul>\n<p>&nbsp;<\/p>\n<p>&nbsp;<\/p>","protected":false},"excerpt":{"rendered":"<p>Pracowni\u0119 Pozyskiwania Surowc\u00f3w Mineralnych tworzy zesp\u00f3\u0142 wykwalifikowanych pracownik\u00f3w, kt\u00f3rzy specjalizuj\u0105 si\u0119 w szeroko rozumianych analizach technicznych, ekonomicznych, \u015brodowiskowych oraz doradztwie dla du\u017cych przedsi\u0119biorstw z sektora g\u00f3rnictwa\u00a0 i energetyki. Funkcjonujemy w strukturach Instytutu od ponad 30 lat. W tym czasie zrealizowali\u015bmy ponad 200 projekt\u00f3w naukowo-badawczych i badawczo-rozwojowych. Cieszy nas fakt, \u017ce wiele spo\u015br\u00f3d zrealizowanych prac znalaz\u0142o [&hellip;]<\/p>\n","protected":false},"author":1,"featured_media":0,"parent":7,"menu_order":12,"comment_status":"closed","ping_status":"closed","template":"templates\/template-lab.php","meta":{"footnotes":""},"class_list":["post-36","page","type-page","status-publish","hentry"],"_links":{"self":[{"href":"https:\/\/min-pan.krakow.pl\/zaklady-i-pracownie\/wp-json\/wp\/v2\/pages\/36","targetHints":{"allow":["GET"]}}],"collection":[{"href":"https:\/\/min-pan.krakow.pl\/zaklady-i-pracownie\/wp-json\/wp\/v2\/pages"}],"about":[{"href":"https:\/\/min-pan.krakow.pl\/zaklady-i-pracownie\/wp-json\/wp\/v2\/types\/page"}],"author":[{"embeddable":true,"href":"https:\/\/min-pan.krakow.pl\/zaklady-i-pracownie\/wp-json\/wp\/v2\/users\/1"}],"replies":[{"embeddable":true,"href":"https:\/\/min-pan.krakow.pl\/zaklady-i-pracownie\/wp-json\/wp\/v2\/comments?post=36"}],"version-history":[{"count":8,"href":"https:\/\/min-pan.krakow.pl\/zaklady-i-pracownie\/wp-json\/wp\/v2\/pages\/36\/revisions"}],"predecessor-version":[{"id":1086,"href":"https:\/\/min-pan.krakow.pl\/zaklady-i-pracownie\/wp-json\/wp\/v2\/pages\/36\/revisions\/1086"}],"up":[{"embeddable":true,"href":"https:\/\/min-pan.krakow.pl\/zaklady-i-pracownie\/wp-json\/wp\/v2\/pages\/7"}],"wp:attachment":[{"href":"https:\/\/min-pan.krakow.pl\/zaklady-i-pracownie\/wp-json\/wp\/v2\/media?parent=36"}],"curies":[{"name":"wp","href":"https:\/\/api.w.org\/{rel}","templated":true}]}}