{"id":30,"date":"2017-11-15T13:26:38","date_gmt":"2017-11-15T12:26:38","guid":{"rendered":"https:\/\/min-pan.krakow.pl\/\/zaklady-i-pracownie\/?page_id=30"},"modified":"2021-12-10T16:40:48","modified_gmt":"2021-12-10T15:40:48","slug":"pracownia-badan-strategicznych","status":"publish","type":"page","link":"https:\/\/min-pan.krakow.pl\/zaklady-i-pracownie\/zaklady\/zaklad-gospodarki-o-obiegu-zamknietym\/pracownia-badan-strategicznych\/","title":{"rendered":"Pracownia Bada\u0144 Strategicznych"},"content":{"rendered":"<p>W pracowni prowadzone s\u0105 badania dotycz\u0105ce ekonomii, zarz\u0105dzania \u015brodowiskiem, rynk\u00f3w surowc\u00f3w i odpad\u00f3w, technologii chemicznej oraz in\u017cynierii \u015brodowiska. Posiadamy kompetencje i wiedz\u0119 r\u00f3wnie\u017c z zakresu gospodarki odpadami komunalnymi, recyklingu oraz gospodarki niskoemisyjnej. W naszych pracach obecne s\u0105 zagadnienia dotycz\u0105ce szeroko rozumianej oceny wp\u0142ywu dzia\u0142alno\u015bci cz\u0142owieka na \u015brodowisko, jak r\u00f3wnie\u017c z zakresu utylizacji odpad\u00f3w chromowych, kompleksowej przer\u00f3bki fosfogips\u00f3w apatytowych, przetwarzania wt\u00f3rnych materia\u0142\u00f3w cynkono\u015bnych, czy te\u017c odzyskiwania metali ziem rzadkich z wt\u00f3rnych materia\u0142\u00f3w.<\/p>\n<p>Do zada\u0144 Pracowni Bada\u0144 Strategicznych nale\u017c\u0105:<\/p>\n<ul>\n<li>Strategie wdra\u017cania gospodarki o obiegu zamkni\u0119tym ( GOZ) w regionach i podmiotach gospodarczych,<\/li>\n<li>Opracowanie i ocena plan\u00f3w rozwoju dla region\u00f3w i podmiot\u00f3w gospodarczych,<\/li>\n<li>Diagnoza i ocena rozwi\u0105za\u0144 wspieraj\u0105cych ograniczenie wp\u0142ywu proces\u00f3w produkcyjnych na \u015brodowisko w ca\u0142ym cyklu \u017cycia:\n<ul>\n<li>Analiza \u015brodowiskowa przy wykorzystaniu metod: ocena cyklu \u017cycia (LCA) i \u015blad w\u0119glowy ( CF),<\/li>\n<li>Ocena ekonomiczna( koszty cyklu \u017cycia LCC ) oraz metody ograniczenia ryzyka,<\/li>\n<li>Badania aspekt\u00f3w spo\u0142ecznych planowanych i realizowanych przedsi\u0119wzi\u0119\u0107 oraz spo\u0142ecznej odpowiedzialno\u015bci biznesu,<\/li>\n<li>Analiza rynku surowc\u00f3w pierwotnych i wt\u00f3rnych,<\/li>\n<\/ul>\n<\/li>\n<li>Analiza technologiczna przy wykorzystaniu metod: BAT, BATNEEC i analiz wielokryterialnych.<\/li>\n<\/ul>\n<p><\/p>","protected":false},"excerpt":{"rendered":"<p>W pracowni prowadzone s\u0105 badania dotycz\u0105ce ekonomii, zarz\u0105dzania \u015brodowiskiem, rynk\u00f3w surowc\u00f3w i odpad\u00f3w, technologii chemicznej oraz in\u017cynierii \u015brodowiska. Posiadamy kompetencje i wiedz\u0119 r\u00f3wnie\u017c z zakresu gospodarki odpadami komunalnymi, recyklingu oraz gospodarki niskoemisyjnej. W naszych pracach obecne s\u0105 zagadnienia dotycz\u0105ce szeroko rozumianej oceny wp\u0142ywu dzia\u0142alno\u015bci cz\u0142owieka na \u015brodowisko, jak r\u00f3wnie\u017c z zakresu utylizacji odpad\u00f3w chromowych, kompleksowej [&hellip;]<\/p>\n","protected":false},"author":1,"featured_media":0,"parent":1092,"menu_order":17,"comment_status":"closed","ping_status":"closed","template":"templates\/template-lab.php","meta":{"footnotes":""},"class_list":["post-30","page","type-page","status-publish","hentry"],"_links":{"self":[{"href":"https:\/\/min-pan.krakow.pl\/zaklady-i-pracownie\/wp-json\/wp\/v2\/pages\/30","targetHints":{"allow":["GET"]}}],"collection":[{"href":"https:\/\/min-pan.krakow.pl\/zaklady-i-pracownie\/wp-json\/wp\/v2\/pages"}],"about":[{"href":"https:\/\/min-pan.krakow.pl\/zaklady-i-pracownie\/wp-json\/wp\/v2\/types\/page"}],"author":[{"embeddable":true,"href":"https:\/\/min-pan.krakow.pl\/zaklady-i-pracownie\/wp-json\/wp\/v2\/users\/1"}],"replies":[{"embeddable":true,"href":"https:\/\/min-pan.krakow.pl\/zaklady-i-pracownie\/wp-json\/wp\/v2\/comments?post=30"}],"version-history":[{"count":11,"href":"https:\/\/min-pan.krakow.pl\/zaklady-i-pracownie\/wp-json\/wp\/v2\/pages\/30\/revisions"}],"predecessor-version":[{"id":1102,"href":"https:\/\/min-pan.krakow.pl\/zaklady-i-pracownie\/wp-json\/wp\/v2\/pages\/30\/revisions\/1102"}],"up":[{"embeddable":true,"href":"https:\/\/min-pan.krakow.pl\/zaklady-i-pracownie\/wp-json\/wp\/v2\/pages\/1092"}],"wp:attachment":[{"href":"https:\/\/min-pan.krakow.pl\/zaklady-i-pracownie\/wp-json\/wp\/v2\/media?parent=30"}],"curies":[{"name":"wp","href":"https:\/\/api.w.org\/{rel}","templated":true}]}}