{"id":1148,"date":"2024-01-16T16:04:47","date_gmt":"2024-01-16T15:04:47","guid":{"rendered":"https:\/\/min-pan.krakow.pl\/zaklady-i-pracownie\/?page_id=1148"},"modified":"2025-11-19T14:16:48","modified_gmt":"2025-11-19T13:16:48","slug":"pracownia-technologii-przetwarzania-bioenergii","status":"publish","type":"page","link":"https:\/\/min-pan.krakow.pl\/zaklady-i-pracownie\/zaklady\/zaklad-rozwoju-odnawialnych-zrodel-energii\/pracownia-technologii-przetwarzania-bioenergii\/","title":{"rendered":"Pracownia Technologii Przetwarzania Bioenergii"},"content":{"rendered":"<p>Nasza Pracownia ma na celu wspieranie rozwoju nowoczesnej biogospodarki, wykorzystania krajowych zasob\u00f3w energii odnawialnej, surowc\u00f3w oraz odpad\u00f3w zgodnie z ide\u0105 gospodarki o obiegu zamkni\u0119tym.<\/p>\n<p>W ramach naszej oferty badawczej \u015bwiadczymy profesjonalne us\u0142ugi analizy fizykochemicznej materia\u0142\u00f3w z uwzgl\u0119dnieniem ich potencja\u0142u energetycznego, optymalizacji wykorzystania surowc\u00f3w organicznych oraz bada\u0144 nad efektywnym wykorzystaniem biomasy. Oceniamy mo\u017cliwo\u015b\u0107 implementacji technologii biomasowych w wybranych sektorach gospodarki.<\/p>\n<p>Nasz zesp\u00f3\u0142 jest got\u00f3w s\u0142u\u017cy\u0107 pomoc\u0105 w unowocze\u015bnianiu proces\u00f3w, wdra\u017caniu innowacyjnych rozwi\u0105za\u0144 oraz kompleksowych bada\u0144 dopasowanych do potrzeb odbiorcy.<br \/>\nOptymalizujemy mieszanki surowc\u00f3w energetycznych do urz\u0105dze\u0144 produkuj\u0105cych energi\u0119 elektryczn\u0105, ciep\u0142o i ch\u0142\u00f3d oraz wdra\u017camy opracowane rozwi\u0105zania w ci\u0105gach technologicznych we wsp\u00f3\u0142pracy z dostawcami technologii.<\/p>\n<p>Zach\u0119camy do wsp\u00f3\u0142pracy i kontaktu oraz zapoznania si\u0119 z naszym profilem na LinkedIn!<\/p>\n<p><a href=\"https:\/\/pl.linkedin.com\/in\/pracownia-technologii-przetwarzania-bioenergii-270bb52a0\">https:\/\/pl.linkedin.com\/in\/pracownia-technologii-przetwarzania-bioenergii-270bb52a0<\/a><\/p>","protected":false},"excerpt":{"rendered":"<p>Nasza Pracownia ma na celu wspieranie rozwoju nowoczesnej biogospodarki, wykorzystania krajowych zasob\u00f3w energii odnawialnej, surowc\u00f3w oraz odpad\u00f3w zgodnie z ide\u0105 gospodarki o obiegu zamkni\u0119tym. W ramach naszej oferty badawczej \u015bwiadczymy profesjonalne us\u0142ugi analizy fizykochemicznej materia\u0142\u00f3w z uwzgl\u0119dnieniem ich potencja\u0142u energetycznego, optymalizacji wykorzystania surowc\u00f3w organicznych oraz bada\u0144 nad efektywnym wykorzystaniem biomasy. Oceniamy mo\u017cliwo\u015b\u0107 implementacji technologii biomasowych [&hellip;]<\/p>\n","protected":false},"author":1,"featured_media":0,"parent":11,"menu_order":47,"comment_status":"closed","ping_status":"closed","template":"templates\/template-lab.php","meta":{"footnotes":""},"class_list":["post-1148","page","type-page","status-publish","hentry"],"_links":{"self":[{"href":"https:\/\/min-pan.krakow.pl\/zaklady-i-pracownie\/wp-json\/wp\/v2\/pages\/1148","targetHints":{"allow":["GET"]}}],"collection":[{"href":"https:\/\/min-pan.krakow.pl\/zaklady-i-pracownie\/wp-json\/wp\/v2\/pages"}],"about":[{"href":"https:\/\/min-pan.krakow.pl\/zaklady-i-pracownie\/wp-json\/wp\/v2\/types\/page"}],"author":[{"embeddable":true,"href":"https:\/\/min-pan.krakow.pl\/zaklady-i-pracownie\/wp-json\/wp\/v2\/users\/1"}],"replies":[{"embeddable":true,"href":"https:\/\/min-pan.krakow.pl\/zaklady-i-pracownie\/wp-json\/wp\/v2\/comments?post=1148"}],"version-history":[{"count":6,"href":"https:\/\/min-pan.krakow.pl\/zaklady-i-pracownie\/wp-json\/wp\/v2\/pages\/1148\/revisions"}],"predecessor-version":[{"id":1183,"href":"https:\/\/min-pan.krakow.pl\/zaklady-i-pracownie\/wp-json\/wp\/v2\/pages\/1148\/revisions\/1183"}],"up":[{"embeddable":true,"href":"https:\/\/min-pan.krakow.pl\/zaklady-i-pracownie\/wp-json\/wp\/v2\/pages\/11"}],"wp:attachment":[{"href":"https:\/\/min-pan.krakow.pl\/zaklady-i-pracownie\/wp-json\/wp\/v2\/media?parent=1148"}],"curies":[{"name":"wp","href":"https:\/\/api.w.org\/{rel}","templated":true}]}}