{"id":11,"date":"2017-11-09T11:47:48","date_gmt":"2017-11-09T10:47:48","guid":{"rendered":"https:\/\/min-pan.krakow.pl\/\/zaklady-i-pracownie\/?page_id=11"},"modified":"2025-01-28T15:01:45","modified_gmt":"2025-01-28T14:01:45","slug":"zaklad-rozwoju-odnawialnych-zrodel-energii","status":"publish","type":"page","link":"https:\/\/min-pan.krakow.pl\/zaklady-i-pracownie\/zaklady\/zaklad-rozwoju-odnawialnych-zrodel-energii\/","title":{"rendered":"Zak\u0142ad Rozwoju Odnawialnych \u0179r\u00f3de\u0142 Energii"},"content":{"rendered":"<p><\/p>\n<h3>Tematyka naukowo-badawcza Zak\u0142adu<\/h3>\n<p>Zak\u0142ad Rozwoju Odnawialnych \u0179r\u00f3de\u0142 Energii prowadzi szeroki zakres prac naukowo-badawczych i badawczo-rozwojowych oraz us\u0142ug badawczych dla otoczenia gospodarczego w zakresie szeroko rozumianych obszar\u00f3w dotycz\u0105cych odnawialnych \u017ar\u00f3de\u0142 energii, w szczeg\u00f3lno\u015bci ciep\u0142a Ziemi, w tym ich \u017ar\u00f3de\u0142, kierunk\u00f3w i optymalizacji wykorzystania, a tak\u017ce ekonomiki wykorzystania OZE.<\/p>\n<p>Zajmujemy si\u0119 obecnie w szczeg\u00f3lno\u015bci nast\u0119puj\u0105cymi obszarami tematycznymi:<\/p>\n<ul>\n<li>Rozpoznanie i zagospodarowanie w\u00f3d geotermalnych, w szczeg\u00f3lno\u015bci w aspekcie:\n<ul>\n<li>Racjonalnego wykorzystania energii geotermalnej,<\/li>\n<li>Wykorzystania walor\u00f3w balneologicznych i leczniczych zwi\u0105zanych z r\u00f3\u017cnym sk\u0142adem mineralnym i sk\u0142adnikami swoistymi w\u00f3d geotermalnych,<\/li>\n<li>Wp\u0142ywu na \u015brodowisko naturalne,<\/li>\n<\/ul>\n<\/li>\n<li>Optymalizacja wykorzystania energii geotermalnej w tzw. hybrydowych (wielopaliwowych) systemach ciep\u0142owniczych, z charakterystyk\u0105 \u017ar\u00f3d\u0142a energii oraz odbiorcy,<\/li>\n<li>Ocena warunk\u00f3w hydrogeologicznych zbiornik\u00f3w w\u00f3d podziemnych zalegaj\u0105cych w\u00a0p\u0142ytkich horyzontach wodono\u015bnych w aspekcie potencja\u0142u wodnego (wody pitnej) oraz energetycznego wykorzystuj\u0105cego spr\u0119\u017carkowe pompy ciep\u0142a,<\/li>\n<li>Ocena potencja\u0142u energetycznego w\u00f3d powierzchniowych i optymalizacja jego zagospodarowania z wykorzystaniem pomp ciep\u0142a ma\u0142ych i du\u017cych mocy.<\/li>\n<\/ul>\n<p><\/p>","protected":false},"excerpt":{"rendered":"<p>Tematyka naukowo-badawcza Zak\u0142adu Zak\u0142ad Rozwoju Odnawialnych \u0179r\u00f3de\u0142 Energii prowadzi szeroki zakres prac naukowo-badawczych i badawczo-rozwojowych oraz us\u0142ug badawczych dla otoczenia gospodarczego w zakresie szeroko rozumianych obszar\u00f3w dotycz\u0105cych odnawialnych \u017ar\u00f3de\u0142 energii, w szczeg\u00f3lno\u015bci ciep\u0142a Ziemi, w tym ich \u017ar\u00f3de\u0142, kierunk\u00f3w i optymalizacji wykorzystania, a tak\u017ce ekonomiki wykorzystania OZE. Zajmujemy si\u0119 obecnie w szczeg\u00f3lno\u015bci nast\u0119puj\u0105cymi obszarami tematycznymi: [&hellip;]<\/p>\n","protected":false},"author":1,"featured_media":0,"parent":2,"menu_order":42,"comment_status":"closed","ping_status":"closed","template":"templates\/template-works.php","meta":{"footnotes":""},"class_list":["post-11","page","type-page","status-publish","hentry"],"_links":{"self":[{"href":"https:\/\/min-pan.krakow.pl\/zaklady-i-pracownie\/wp-json\/wp\/v2\/pages\/11","targetHints":{"allow":["GET"]}}],"collection":[{"href":"https:\/\/min-pan.krakow.pl\/zaklady-i-pracownie\/wp-json\/wp\/v2\/pages"}],"about":[{"href":"https:\/\/min-pan.krakow.pl\/zaklady-i-pracownie\/wp-json\/wp\/v2\/types\/page"}],"author":[{"embeddable":true,"href":"https:\/\/min-pan.krakow.pl\/zaklady-i-pracownie\/wp-json\/wp\/v2\/users\/1"}],"replies":[{"embeddable":true,"href":"https:\/\/min-pan.krakow.pl\/zaklady-i-pracownie\/wp-json\/wp\/v2\/comments?post=11"}],"version-history":[{"count":10,"href":"https:\/\/min-pan.krakow.pl\/zaklady-i-pracownie\/wp-json\/wp\/v2\/pages\/11\/revisions"}],"predecessor-version":[{"id":1181,"href":"https:\/\/min-pan.krakow.pl\/zaklady-i-pracownie\/wp-json\/wp\/v2\/pages\/11\/revisions\/1181"}],"up":[{"embeddable":true,"href":"https:\/\/min-pan.krakow.pl\/zaklady-i-pracownie\/wp-json\/wp\/v2\/pages\/2"}],"wp:attachment":[{"href":"https:\/\/min-pan.krakow.pl\/zaklady-i-pracownie\/wp-json\/wp\/v2\/media?parent=11"}],"curies":[{"name":"wp","href":"https:\/\/api.w.org\/{rel}","templated":true}]}}