{"id":1092,"date":"2021-12-10T11:06:21","date_gmt":"2021-12-10T10:06:21","guid":{"rendered":"https:\/\/min-pan.krakow.pl\/zaklady-i-pracownie\/?page_id=1092"},"modified":"2022-05-31T14:32:56","modified_gmt":"2022-05-31T12:32:56","slug":"zaklad-gospodarki-o-obiegu-zamknietym","status":"publish","type":"page","link":"https:\/\/min-pan.krakow.pl\/zaklady-i-pracownie\/zaklady\/zaklad-gospodarki-o-obiegu-zamknietym\/","title":{"rendered":"Zak\u0142ad Gospodarki o Obiegu Zamkni\u0119tym"},"content":{"rendered":"<p><\/p>\n<h3><strong>Tematyka naukowo-badawcza Zak\u0142adu<\/strong><\/h3>\n<p>Zak\u0142ad Gospodarki o Obiegu Zamkni\u0119tym prowadzi szeroki zakres prac naukowo-badawczych i badawczo-rozwojowych oraz us\u0142ug badawczych dla otoczenia gospodarczego w zakresie szeroko rozumianych obszar\u00f3w strategii i metod wdra\u017cania gospodarki o obiegu zamkni\u0119tym, bada\u0144 \u015brodowiskowych i gospodarki odpadami, oraz geochemii stosowanej i in\u017cynierii \u015brodowiska.<\/p>\n<p>W zakresie strategii i metod wdra\u017cania gospodarki o obiegu zamkni\u0119tym zajmujemy si\u0119 w szczeg\u00f3lno\u015bci nast\u0119puj\u0105cymi obszarami tematycznymi:<\/p>\n<ul>\n<li>Strategie wdra\u017cania gospodarki o obiegu zamkni\u0119tym (GOZ) w regionach i podmiotach gospodarczych,<\/li>\n<li>Opracowanie i ocena plan\u00f3w rozwoju dla region\u00f3w i podmiot\u00f3w gospodarczych,<\/li>\n<li>Diagnoza i ocena rozwi\u0105za\u0144 wspieraj\u0105cych ograniczenie wp\u0142ywu proces\u00f3w produkcyjnych na \u015brodowisko w ca\u0142ym cyklu \u017cycia:\n<ul>\n<li>Analiza \u015brodowiskowa przy wykorzystaniu metod: ocena cyklu \u017cycia (LCA) i\u00a0\u015blad w\u0119glowy (CF),<\/li>\n<li>Ocena ekonomiczna (koszty cyklu \u017cycia LCC) oraz metody ograniczania ryzyka,<\/li>\n<li>Badania aspekt\u00f3w spo\u0142ecznych planowanych i realizowanych przedsi\u0119wzi\u0119\u0107 oraz spo\u0142ecznej odpowiedzialno\u015bci biznesu,<\/li>\n<li>Analiza rynku surowc\u00f3w pierwotnych i wt\u00f3rnych,<\/li>\n<\/ul>\n<\/li>\n<li>Analiza technologiczna przy wykorzystaniu metod: BAT, BATNEEC.<\/li>\n<\/ul>\n<p>W zakresie bada\u0144 \u015brodowiskowych i gospodarki odpadami zajmujemy si\u0119 w szczeg\u00f3lno\u015bci nast\u0119puj\u0105cymi obszarami tematycznymi:<\/p>\n<ul>\n<li>Rozpoznanie, badania i analiza jako\u015bci \u015brodowiska gruntowo-wodnego w warunkach antropopresji:\n<ul>\n<li>Oddzia\u0142ywanie czynnych i zamkni\u0119tych obiekt\u00f3w przemys\u0142owych oraz innych miejsc zanieczyszczonych na wody podziemne, powierzchniowe, grunty i gleby,<\/li>\n<li>Monitorowanie obiekt\u00f3w sk\u0142adowania odpad\u00f3w i poszukiwanie parametr\u00f3w charakterystycznych zanieczyszczenia,<\/li>\n<\/ul>\n<\/li>\n<li>Zagadnienia gospodarki odpadami:\n<ul>\n<li>Prognozowanie zmian i planowanie system\u00f3w gospodarowania odpadami komunalnymi i przemys\u0142owymi oraz ich oddzia\u0142ywania na \u015brodowisko,<\/li>\n<li>Mo\u017cliwo\u015bci zagospodarowania odpad\u00f3w komunalnych i wydobywczych w\u00a0procesach odzysku lub unieszkodliwiania, w tym do cel\u00f3w rekultywacji,<\/li>\n<li>Analiza wytwarzania i zagospodarowania odpad\u00f3w zawieraj\u0105cych azbest,<\/li>\n<\/ul>\n<\/li>\n<li>Zamykanie i rekultywacja sk\u0142adowisk odpad\u00f3w komunalnych oraz przemys\u0142owych.<\/li>\n<\/ul>\n<p>W zakresie geochemii stosowanej i in\u017cynierii \u015brodowiska zajmujemy si\u0119 w szczeg\u00f3lno\u015bci nast\u0119puj\u0105cymi obszarami tematycznymi:<\/p>\n<ul>\n<li>Badania mo\u017cliwo\u015bci zastosowa\u0144 wybranych materia\u0142\u00f3w odpadowych w in\u017cynierii i\u00a0ochronie \u015brodowiska, w tym do syntez materia\u0142\u00f3w zeolitowych i mezoporowatych z\u00a0popio\u0142\u00f3w lotnych i innych no\u015bnik\u00f3w krzemionki oraz ich zastosowanie w\u00a0oczyszczaniu \u015bciek\u00f3w (m.in. z Hg, NH<sub>3<\/sub>) i gaz\u00f3w spalinowych (m.in. z Hg i CO<sub>2<\/sub>),<\/li>\n<li>Rozw\u00f3j technologii w zakresie wytwarzania, magazynowania i\u00a0wykorzystania wodoru do produkcji energii, w szczeg\u00f3lno\u015bci w zakresie wykorzystania zeolit\u00f3w, struktur metaloorganicznych (MOF) i materia\u0142\u00f3w mezoporowatych w procesach magazynowania wodoru,<\/li>\n<li>Magazynowanie energii elektrycznej w bateriach typu Li-ion i Na-ion, w tym prace materia\u0142owe nad nowymi rozwi\u0105zaniami dla elektrod stosowanych w ogniwach, maj\u0105ce na celu popraw\u0119 kluczowych parametr\u00f3w technologii ogniw odwracalnych,<\/li>\n<li>Analizy geochemiczne proces\u00f3w zachodz\u0105cych podczas sk\u0142adowania CO<sub>2<\/sub>.<\/li>\n<\/ul>\n<p><\/p>","protected":false},"excerpt":{"rendered":"<p>Tematyka naukowo-badawcza Zak\u0142adu Zak\u0142ad Gospodarki o Obiegu Zamkni\u0119tym prowadzi szeroki zakres prac naukowo-badawczych i badawczo-rozwojowych oraz us\u0142ug badawczych dla otoczenia gospodarczego w zakresie szeroko rozumianych obszar\u00f3w strategii i metod wdra\u017cania gospodarki o obiegu zamkni\u0119tym, bada\u0144 \u015brodowiskowych i gospodarki odpadami, oraz geochemii stosowanej i in\u017cynierii \u015brodowiska. W zakresie strategii i metod wdra\u017cania gospodarki o obiegu zamkni\u0119tym [&hellip;]<\/p>\n","protected":false},"author":1,"featured_media":0,"parent":2,"menu_order":16,"comment_status":"closed","ping_status":"closed","template":"templates\/template-works.php","meta":{"footnotes":""},"class_list":["post-1092","page","type-page","status-publish","hentry"],"_links":{"self":[{"href":"https:\/\/min-pan.krakow.pl\/zaklady-i-pracownie\/wp-json\/wp\/v2\/pages\/1092","targetHints":{"allow":["GET"]}}],"collection":[{"href":"https:\/\/min-pan.krakow.pl\/zaklady-i-pracownie\/wp-json\/wp\/v2\/pages"}],"about":[{"href":"https:\/\/min-pan.krakow.pl\/zaklady-i-pracownie\/wp-json\/wp\/v2\/types\/page"}],"author":[{"embeddable":true,"href":"https:\/\/min-pan.krakow.pl\/zaklady-i-pracownie\/wp-json\/wp\/v2\/users\/1"}],"replies":[{"embeddable":true,"href":"https:\/\/min-pan.krakow.pl\/zaklady-i-pracownie\/wp-json\/wp\/v2\/comments?post=1092"}],"version-history":[{"count":7,"href":"https:\/\/min-pan.krakow.pl\/zaklady-i-pracownie\/wp-json\/wp\/v2\/pages\/1092\/revisions"}],"predecessor-version":[{"id":1126,"href":"https:\/\/min-pan.krakow.pl\/zaklady-i-pracownie\/wp-json\/wp\/v2\/pages\/1092\/revisions\/1126"}],"up":[{"embeddable":true,"href":"https:\/\/min-pan.krakow.pl\/zaklady-i-pracownie\/wp-json\/wp\/v2\/pages\/2"}],"wp:attachment":[{"href":"https:\/\/min-pan.krakow.pl\/zaklady-i-pracownie\/wp-json\/wp\/v2\/media?parent=1092"}],"curies":[{"name":"wp","href":"https:\/\/api.w.org\/{rel}","templated":true}]}}