{"id":1046,"date":"2019-04-04T08:53:49","date_gmt":"2019-04-04T06:53:49","guid":{"rendered":"https:\/\/min-pan.krakow.pl\/zaklady-i-pracownie\/?page_id=1046"},"modified":"2021-12-09T11:20:02","modified_gmt":"2021-12-09T10:20:02","slug":"pracownia-surowcow-biogenicznych","status":"publish","type":"page","link":"https:\/\/min-pan.krakow.pl\/zaklady-i-pracownie\/zaklady\/zaklad-geoinzynierii-i-inzynierii-srodowiska-2-2\/pracownia-surowcow-biogenicznych\/","title":{"rendered":"Pracownia Surowc\u00f3w Biogenicznych"},"content":{"rendered":"<p>Pracownia Surowc\u00f3w Biogenicznych prowadzi badania z zakresu zarz\u0105dzania i in\u017cynierii \u015brodowiska oraz biotechnologii. Szczeg\u00f3lnym obszarem zainteresowa\u0144 s\u0105 zagadnienia zwi\u0105zane ze zr\u00f3wnowa\u017conym i cyrkularnym zarz\u0105dzaniem surowcami nawozowymi (fosforem, azotem, potasem) w celu optymalizacji wykorzystania sk\u0142adnik\u00f3w nawozowych na poziomie lokalnym, regionalnym, krajowym i mi\u0119dzynarodowym, przy jednoczesnym ograniczeniu rozproszenia surowc\u00f3w nawozowych mog\u0105cych negatywnie oddzia\u0142ywa\u0107 na \u015brodowisko.<\/p>\n<p>Do zada\u0144 Pracowni Surowc\u00f3w Biogenicznych nale\u017cy:<\/p>\n<ul>\n<li>opracowanie rekomendacji (map drogowych) dotycz\u0105cych zr\u00f3wnowa\u017conego i cyrkularnego gospodarowania surowcami biogenicznymi<\/li>\n<li>odzysk surowc\u00f3w z odpad\u00f3w, w tym fosforu z odpad\u00f3w generowanych w sektorze gospodarki wodno-\u015bciekowej (nawozy z odpad\u00f3w)<\/li>\n<li>woda w gospodarce o obiegu zamkni\u0119tym i \u015blad wodny<\/li>\n<li>oceny aspekt\u00f3w technologicznych, prawnych, \u015brodowiskowych i spo\u0142ecznych gospodarki surowcami biogenicznymi<\/li>\n<li>strategie ochrony w\u00f3d przed zanieczyszczeniem surowcami biogenicznymi ze \u017ar\u00f3de\u0142 antropogenicznych oraz okre\u015blenie kierunk\u00f3w przeciwdzia\u0142ania eutrofizacji<\/li>\n<li>analiza nowych materia\u0142\u00f3w (w tym nanomateria\u0142\u00f3w) wykorzystywanych w procesach oczyszczania \u015bciek\u00f3w komunalnych i przemys\u0142owych oraz gleb<\/li>\n<\/ul>\n<p><\/p>","protected":false},"excerpt":{"rendered":"<p>Pracownia Surowc\u00f3w Biogenicznych prowadzi badania z zakresu zarz\u0105dzania i in\u017cynierii \u015brodowiska oraz biotechnologii. Szczeg\u00f3lnym obszarem zainteresowa\u0144 s\u0105 zagadnienia zwi\u0105zane ze zr\u00f3wnowa\u017conym i cyrkularnym zarz\u0105dzaniem surowcami nawozowymi (fosforem, azotem, potasem) w celu optymalizacji wykorzystania sk\u0142adnik\u00f3w nawozowych na poziomie lokalnym, regionalnym, krajowym i mi\u0119dzynarodowym, przy jednoczesnym ograniczeniu rozproszenia surowc\u00f3w nawozowych mog\u0105cych negatywnie oddzia\u0142ywa\u0107 na \u015brodowisko. Do zada\u0144 [&hellip;]<\/p>\n","protected":false},"author":3,"featured_media":0,"parent":9,"menu_order":60,"comment_status":"closed","ping_status":"closed","template":"templates\/template-lab.php","meta":{"footnotes":""},"class_list":["post-1046","page","type-page","status-publish","hentry"],"_links":{"self":[{"href":"https:\/\/min-pan.krakow.pl\/zaklady-i-pracownie\/wp-json\/wp\/v2\/pages\/1046","targetHints":{"allow":["GET"]}}],"collection":[{"href":"https:\/\/min-pan.krakow.pl\/zaklady-i-pracownie\/wp-json\/wp\/v2\/pages"}],"about":[{"href":"https:\/\/min-pan.krakow.pl\/zaklady-i-pracownie\/wp-json\/wp\/v2\/types\/page"}],"author":[{"embeddable":true,"href":"https:\/\/min-pan.krakow.pl\/zaklady-i-pracownie\/wp-json\/wp\/v2\/users\/3"}],"replies":[{"embeddable":true,"href":"https:\/\/min-pan.krakow.pl\/zaklady-i-pracownie\/wp-json\/wp\/v2\/comments?post=1046"}],"version-history":[{"count":5,"href":"https:\/\/min-pan.krakow.pl\/zaklady-i-pracownie\/wp-json\/wp\/v2\/pages\/1046\/revisions"}],"predecessor-version":[{"id":1079,"href":"https:\/\/min-pan.krakow.pl\/zaklady-i-pracownie\/wp-json\/wp\/v2\/pages\/1046\/revisions\/1079"}],"up":[{"embeddable":true,"href":"https:\/\/min-pan.krakow.pl\/zaklady-i-pracownie\/wp-json\/wp\/v2\/pages\/9"}],"wp:attachment":[{"href":"https:\/\/min-pan.krakow.pl\/zaklady-i-pracownie\/wp-json\/wp\/v2\/media?parent=1046"}],"curies":[{"name":"wp","href":"https:\/\/api.w.org\/{rel}","templated":true}]}}