{"id":78,"date":"2017-11-22T12:05:19","date_gmt":"2017-11-22T11:05:19","guid":{"rendered":"https:\/\/min-pan.krakow.pl\/\/wydawnictwo\/?page_id=78"},"modified":"2019-02-20T08:40:12","modified_gmt":"2019-02-20T07:40:12","slug":"sprzedaz-publikacji","status":"publish","type":"page","link":"https:\/\/min-pan.krakow.pl\/wydawnictwo\/sprzedaz-publikacji\/","title":{"rendered":"Sprzeda\u017c publikacji"},"content":{"rendered":"<p><\/p>\n<h2>Sprzeda\u017c publikacji<\/h2>\n<h3>Zam\u00f3wienia z wyj\u0105tkiem Techniki Poszukiwa\u0144 Geologicznych prosimy sk\u0142ada\u0107:<\/h3>\n<ul>\n<li>telefonicznie: (+48) 12 632-26-47<\/li>\n<li>e-mailem:\u00a0<a href=\"mailto:barbaras@min-pan.krakow.pl\">barbaras@min-pan.krakow.pl<\/a><\/li>\n<li>listownie: Instytut Gospodarki Surowcami Mineralnymi i Energi\u0105 PAN, Wydawnictwo, ul. J. Wybickiego 7A, 31-261 Krak\u00f3w.<\/li>\n<\/ul>\n<p>Do cen podanych na stronie doliczamy koszt przesy\u0142ki wed\u0142ug cennika Poczty Polskiej.<\/p>\n<h3>Zam\u00f3wienia dotycz\u0105ce Techniki Poszukiwa\u0144 Geologicznych&#8230; prosimy sk\u0142ada\u0107:<\/h3>\n<ul>\n<li>telefonicznie: (+48) 12 632-26-69<\/li>\n<li>e-mailem:\u00a0<a href=\"mailto:tpg@min-pan.krakow.pl\">tpg@min-pan.krakow.pl<\/a><\/li>\n<li>listownie: Instytut Gospodarki Surowcami Mineralnymi i Energi\u0105 PAN, ul. J. Wybickiego 7A, 31-261 Krak\u00f3w.<\/li>\n<\/ul>\n<p>Do cen podanych na stronie doliczamy koszt przesy\u0142ki wed\u0142ug cennika Poczty Polskiej.<\/p>","protected":false},"excerpt":{"rendered":"<p>Sprzeda\u017c publikacji Zam\u00f3wienia z wyj\u0105tkiem Techniki Poszukiwa\u0144 Geologicznych prosimy sk\u0142ada\u0107: telefonicznie: (+48) 12 632-26-47 e-mailem:\u00a0barbaras@min-pan.krakow.pl listownie: Instytut Gospodarki Surowcami Mineralnymi i Energi\u0105 PAN, Wydawnictwo, ul. J. Wybickiego 7A, 31-261 Krak\u00f3w. Do cen podanych na stronie doliczamy koszt przesy\u0142ki wed\u0142ug cennika Poczty Polskiej. Zam\u00f3wienia dotycz\u0105ce Techniki Poszukiwa\u0144 Geologicznych&#8230; prosimy sk\u0142ada\u0107: telefonicznie: (+48) 12 632-26-69 e-mailem:\u00a0tpg@min-pan.krakow.pl listownie: [&hellip;]<\/p>\n","protected":false},"author":1,"featured_media":0,"parent":0,"menu_order":658,"comment_status":"closed","ping_status":"closed","template":"","meta":{"footnotes":""},"class_list":["post-78","page","type-page","status-publish","hentry"],"_links":{"self":[{"href":"https:\/\/min-pan.krakow.pl\/wydawnictwo\/wp-json\/wp\/v2\/pages\/78","targetHints":{"allow":["GET"]}}],"collection":[{"href":"https:\/\/min-pan.krakow.pl\/wydawnictwo\/wp-json\/wp\/v2\/pages"}],"about":[{"href":"https:\/\/min-pan.krakow.pl\/wydawnictwo\/wp-json\/wp\/v2\/types\/page"}],"author":[{"embeddable":true,"href":"https:\/\/min-pan.krakow.pl\/wydawnictwo\/wp-json\/wp\/v2\/users\/1"}],"replies":[{"embeddable":true,"href":"https:\/\/min-pan.krakow.pl\/wydawnictwo\/wp-json\/wp\/v2\/comments?post=78"}],"version-history":[{"count":14,"href":"https:\/\/min-pan.krakow.pl\/wydawnictwo\/wp-json\/wp\/v2\/pages\/78\/revisions"}],"predecessor-version":[{"id":6359,"href":"https:\/\/min-pan.krakow.pl\/wydawnictwo\/wp-json\/wp\/v2\/pages\/78\/revisions\/6359"}],"wp:attachment":[{"href":"https:\/\/min-pan.krakow.pl\/wydawnictwo\/wp-json\/wp\/v2\/media?parent=78"}],"curies":[{"name":"wp","href":"https:\/\/api.w.org\/{rel}","templated":true}]}}