{"id":6970,"date":"2024-02-19T12:28:06","date_gmt":"2024-02-19T11:28:06","guid":{"rendered":"https:\/\/min-pan.krakow.pl\/wydawnictwo\/?page_id=6970"},"modified":"2024-02-19T12:28:06","modified_gmt":"2024-02-19T11:28:06","slug":"budowanie-zdolnosci-kluczowych-zainteresowanych-stron-w-dziedzinie-energii-geotermalnej-podrecznik-dzialania-szkoleniowe-w-polsce","status":"publish","type":"page","link":"https:\/\/min-pan.krakow.pl\/wydawnictwo\/ksiazki\/budowanie-zdolnosci-kluczowych-zainteresowanych-stron-w-dziedzinie-energii-geotermalnej-podrecznik-dzialania-szkoleniowe-w-polsce\/","title":{"rendered":"Budowanie zdolno\u015bci kluczowych zainteresowanych stron w dziedzinie energii geotermalnej. Podr\u0119cznik. Dzia\u0142ania szkoleniowe w Polsce."},"content":{"rendered":"","protected":false},"excerpt":{"rendered":"","protected":false},"author":12,"featured_media":0,"parent":60,"menu_order":547,"comment_status":"closed","ping_status":"closed","template":"templates\/template-book.php","meta":{"footnotes":""},"class_list":["post-6970","page","type-page","status-publish","hentry"],"_links":{"self":[{"href":"https:\/\/min-pan.krakow.pl\/wydawnictwo\/wp-json\/wp\/v2\/pages\/6970","targetHints":{"allow":["GET"]}}],"collection":[{"href":"https:\/\/min-pan.krakow.pl\/wydawnictwo\/wp-json\/wp\/v2\/pages"}],"about":[{"href":"https:\/\/min-pan.krakow.pl\/wydawnictwo\/wp-json\/wp\/v2\/types\/page"}],"author":[{"embeddable":true,"href":"https:\/\/min-pan.krakow.pl\/wydawnictwo\/wp-json\/wp\/v2\/users\/12"}],"replies":[{"embeddable":true,"href":"https:\/\/min-pan.krakow.pl\/wydawnictwo\/wp-json\/wp\/v2\/comments?post=6970"}],"version-history":[{"count":1,"href":"https:\/\/min-pan.krakow.pl\/wydawnictwo\/wp-json\/wp\/v2\/pages\/6970\/revisions"}],"predecessor-version":[{"id":6973,"href":"https:\/\/min-pan.krakow.pl\/wydawnictwo\/wp-json\/wp\/v2\/pages\/6970\/revisions\/6973"}],"up":[{"embeddable":true,"href":"https:\/\/min-pan.krakow.pl\/wydawnictwo\/wp-json\/wp\/v2\/pages\/60"}],"wp:attachment":[{"href":"https:\/\/min-pan.krakow.pl\/wydawnictwo\/wp-json\/wp\/v2\/media?parent=6970"}],"curies":[{"name":"wp","href":"https:\/\/api.w.org\/{rel}","templated":true}]}}