{"id":6905,"date":"2023-04-03T14:36:41","date_gmt":"2023-04-03T12:36:41","guid":{"rendered":"https:\/\/min-pan.krakow.pl\/wydawnictwo\/?page_id=6905"},"modified":"2024-02-19T12:19:32","modified_gmt":"2024-02-19T11:19:32","slug":"studium-litologiczno-surowcowe-skal-trudnourabialnych-ze-zloza-wegla-brunatnego-belchatow-2","status":"publish","type":"page","link":"https:\/\/min-pan.krakow.pl\/wydawnictwo\/ksiazki\/studium-litologiczno-surowcowe-skal-trudnourabialnych-ze-zloza-wegla-brunatnego-belchatow-2\/","title":{"rendered":"Studium litologiczno-surowcowe ska\u0142 trudnourabialnych ze z\u0142o\u017ca w\u0119gla brunatnego Be\u0142chat\u00f3w"},"content":{"rendered":"","protected":false},"excerpt":{"rendered":"","protected":false},"author":12,"featured_media":0,"parent":60,"menu_order":78,"comment_status":"closed","ping_status":"closed","template":"templates\/template-book.php","meta":{"footnotes":""},"class_list":["post-6905","page","type-page","status-publish","hentry"],"_links":{"self":[{"href":"https:\/\/min-pan.krakow.pl\/wydawnictwo\/wp-json\/wp\/v2\/pages\/6905","targetHints":{"allow":["GET"]}}],"collection":[{"href":"https:\/\/min-pan.krakow.pl\/wydawnictwo\/wp-json\/wp\/v2\/pages"}],"about":[{"href":"https:\/\/min-pan.krakow.pl\/wydawnictwo\/wp-json\/wp\/v2\/types\/page"}],"author":[{"embeddable":true,"href":"https:\/\/min-pan.krakow.pl\/wydawnictwo\/wp-json\/wp\/v2\/users\/12"}],"replies":[{"embeddable":true,"href":"https:\/\/min-pan.krakow.pl\/wydawnictwo\/wp-json\/wp\/v2\/comments?post=6905"}],"version-history":[{"count":1,"href":"https:\/\/min-pan.krakow.pl\/wydawnictwo\/wp-json\/wp\/v2\/pages\/6905\/revisions"}],"predecessor-version":[{"id":6908,"href":"https:\/\/min-pan.krakow.pl\/wydawnictwo\/wp-json\/wp\/v2\/pages\/6905\/revisions\/6908"}],"up":[{"embeddable":true,"href":"https:\/\/min-pan.krakow.pl\/wydawnictwo\/wp-json\/wp\/v2\/pages\/60"}],"wp:attachment":[{"href":"https:\/\/min-pan.krakow.pl\/wydawnictwo\/wp-json\/wp\/v2\/media?parent=6905"}],"curies":[{"name":"wp","href":"https:\/\/api.w.org\/{rel}","templated":true}]}}