{"id":6816,"date":"2022-09-09T13:59:41","date_gmt":"2022-09-09T11:59:41","guid":{"rendered":"https:\/\/min-pan.krakow.pl\/wydawnictwo\/?page_id=6816"},"modified":"2022-10-20T19:44:36","modified_gmt":"2022-10-20T17:44:36","slug":"strategia-wdrozenia-zielonego-ladu-czesc-ii","status":"publish","type":"page","link":"https:\/\/min-pan.krakow.pl\/wydawnictwo\/ksiazki\/strategia-wdrozenia-zielonego-ladu-czesc-ii\/","title":{"rendered":"STRATEGIA WDRO\u017bENIA ZIELONEGO \u0141ADU CZ\u0118\u015a\u0106 II"},"content":{"rendered":"","protected":false},"excerpt":{"rendered":"","protected":false},"author":12,"featured_media":6810,"parent":60,"menu_order":66,"comment_status":"closed","ping_status":"closed","template":"templates\/template-book.php","meta":{"footnotes":""},"class_list":["post-6816","page","type-page","status-publish","has-post-thumbnail","hentry"],"_links":{"self":[{"href":"https:\/\/min-pan.krakow.pl\/wydawnictwo\/wp-json\/wp\/v2\/pages\/6816","targetHints":{"allow":["GET"]}}],"collection":[{"href":"https:\/\/min-pan.krakow.pl\/wydawnictwo\/wp-json\/wp\/v2\/pages"}],"about":[{"href":"https:\/\/min-pan.krakow.pl\/wydawnictwo\/wp-json\/wp\/v2\/types\/page"}],"author":[{"embeddable":true,"href":"https:\/\/min-pan.krakow.pl\/wydawnictwo\/wp-json\/wp\/v2\/users\/12"}],"replies":[{"embeddable":true,"href":"https:\/\/min-pan.krakow.pl\/wydawnictwo\/wp-json\/wp\/v2\/comments?post=6816"}],"version-history":[{"count":1,"href":"https:\/\/min-pan.krakow.pl\/wydawnictwo\/wp-json\/wp\/v2\/pages\/6816\/revisions"}],"predecessor-version":[{"id":6817,"href":"https:\/\/min-pan.krakow.pl\/wydawnictwo\/wp-json\/wp\/v2\/pages\/6816\/revisions\/6817"}],"up":[{"embeddable":true,"href":"https:\/\/min-pan.krakow.pl\/wydawnictwo\/wp-json\/wp\/v2\/pages\/60"}],"wp:featuredmedia":[{"embeddable":true,"href":"https:\/\/min-pan.krakow.pl\/wydawnictwo\/wp-json\/wp\/v2\/media\/6810"}],"wp:attachment":[{"href":"https:\/\/min-pan.krakow.pl\/wydawnictwo\/wp-json\/wp\/v2\/media?parent=6816"}],"curies":[{"name":"wp","href":"https:\/\/api.w.org\/{rel}","templated":true}]}}