{"id":6699,"date":"2021-12-07T14:03:03","date_gmt":"2021-12-07T13:03:03","guid":{"rendered":"https:\/\/min-pan.krakow.pl\/wydawnictwo\/?page_id=6699"},"modified":"2021-12-07T14:04:35","modified_gmt":"2021-12-07T13:04:35","slug":"https-min-pan-krakow-pl-wydawnictwo-wp-content-uploads-sites-4-2020-10-ksiazka-cele-zr-fin-pd-2-2-2-2-2-2-2-3","status":"publish","type":"page","link":"https:\/\/min-pan.krakow.pl\/wydawnictwo\/ksiazki\/https-min-pan-krakow-pl-wydawnictwo-wp-content-uploads-sites-4-2020-10-ksiazka-cele-zr-fin-pd-2-2-2-2-2-2-2-3\/","title":{"rendered":"RYZYKO W DZIA\u0141ALNO\u015aCI GOSPODARCZEJ: DEFINICJE, KWALIFIKACJE, ZARZ\u0104DZANIE"},"content":{"rendered":"","protected":false},"excerpt":{"rendered":"","protected":false},"author":8,"featured_media":0,"parent":60,"menu_order":69,"comment_status":"closed","ping_status":"closed","template":"templates\/template-book.php","meta":{"footnotes":""},"class_list":["post-6699","page","type-page","status-publish","hentry"],"_links":{"self":[{"href":"https:\/\/min-pan.krakow.pl\/wydawnictwo\/wp-json\/wp\/v2\/pages\/6699","targetHints":{"allow":["GET"]}}],"collection":[{"href":"https:\/\/min-pan.krakow.pl\/wydawnictwo\/wp-json\/wp\/v2\/pages"}],"about":[{"href":"https:\/\/min-pan.krakow.pl\/wydawnictwo\/wp-json\/wp\/v2\/types\/page"}],"author":[{"embeddable":true,"href":"https:\/\/min-pan.krakow.pl\/wydawnictwo\/wp-json\/wp\/v2\/users\/8"}],"replies":[{"embeddable":true,"href":"https:\/\/min-pan.krakow.pl\/wydawnictwo\/wp-json\/wp\/v2\/comments?post=6699"}],"version-history":[{"count":3,"href":"https:\/\/min-pan.krakow.pl\/wydawnictwo\/wp-json\/wp\/v2\/pages\/6699\/revisions"}],"predecessor-version":[{"id":6704,"href":"https:\/\/min-pan.krakow.pl\/wydawnictwo\/wp-json\/wp\/v2\/pages\/6699\/revisions\/6704"}],"up":[{"embeddable":true,"href":"https:\/\/min-pan.krakow.pl\/wydawnictwo\/wp-json\/wp\/v2\/pages\/60"}],"wp:attachment":[{"href":"https:\/\/min-pan.krakow.pl\/wydawnictwo\/wp-json\/wp\/v2\/media?parent=6699"}],"curies":[{"name":"wp","href":"https:\/\/api.w.org\/{rel}","templated":true}]}}