{"id":6511,"date":"2020-03-20T12:27:10","date_gmt":"2020-03-20T11:27:10","guid":{"rendered":"https:\/\/min-pan.krakow.pl\/wydawnictwo\/?page_id=6511"},"modified":"2021-10-19T10:38:13","modified_gmt":"2021-10-19T08:38:13","slug":"perspektywy-rozwoju-sektora-wytwarzania-energii-elektrycznej-i-ciepla-z-uwzglednieniem-uwarunkowan-technologicznych-srodowiskowych-i-ekonomicznych","status":"publish","type":"page","link":"https:\/\/min-pan.krakow.pl\/wydawnictwo\/ksiazki\/perspektywy-rozwoju-sektora-wytwarzania-energii-elektrycznej-i-ciepla-z-uwzglednieniem-uwarunkowan-technologicznych-srodowiskowych-i-ekonomicznych\/","title":{"rendered":"PERSPEKTYWY ROZWOJU KRAJOWEGO SEKTORA WYTWARZANIA ENERGII ELEKTRYCZNEJ I CIEP\u0141A Z UWZGL\u0118DNIENIEM UWARUNKOWA\u0143 TECHNOLOGICZNYCH, \u015aRODOWISKOWYCH I EKONOMICZNYCH"},"content":{"rendered":"","protected":false},"excerpt":{"rendered":"","protected":false},"author":4,"featured_media":0,"parent":60,"menu_order":99,"comment_status":"closed","ping_status":"closed","template":"templates\/template-book.php","meta":{"footnotes":""},"class_list":["post-6511","page","type-page","status-publish","hentry"],"_links":{"self":[{"href":"https:\/\/min-pan.krakow.pl\/wydawnictwo\/wp-json\/wp\/v2\/pages\/6511","targetHints":{"allow":["GET"]}}],"collection":[{"href":"https:\/\/min-pan.krakow.pl\/wydawnictwo\/wp-json\/wp\/v2\/pages"}],"about":[{"href":"https:\/\/min-pan.krakow.pl\/wydawnictwo\/wp-json\/wp\/v2\/types\/page"}],"author":[{"embeddable":true,"href":"https:\/\/min-pan.krakow.pl\/wydawnictwo\/wp-json\/wp\/v2\/users\/4"}],"replies":[{"embeddable":true,"href":"https:\/\/min-pan.krakow.pl\/wydawnictwo\/wp-json\/wp\/v2\/comments?post=6511"}],"version-history":[{"count":2,"href":"https:\/\/min-pan.krakow.pl\/wydawnictwo\/wp-json\/wp\/v2\/pages\/6511\/revisions"}],"predecessor-version":[{"id":6684,"href":"https:\/\/min-pan.krakow.pl\/wydawnictwo\/wp-json\/wp\/v2\/pages\/6511\/revisions\/6684"}],"up":[{"embeddable":true,"href":"https:\/\/min-pan.krakow.pl\/wydawnictwo\/wp-json\/wp\/v2\/pages\/60"}],"wp:attachment":[{"href":"https:\/\/min-pan.krakow.pl\/wydawnictwo\/wp-json\/wp\/v2\/media?parent=6511"}],"curies":[{"name":"wp","href":"https:\/\/api.w.org\/{rel}","templated":true}]}}