{"id":6384,"date":"2019-09-23T12:46:12","date_gmt":"2019-09-23T10:46:12","guid":{"rendered":"https:\/\/min-pan.krakow.pl\/wydawnictwo\/?page_id=6384"},"modified":"2019-09-30T08:23:34","modified_gmt":"2019-09-30T06:23:34","slug":"pozyskanie-wod-przeznaczonych-do-spozycia-oraz-cieczy-i-substancji-balneologicznych-w-procesie-uzdatniania-wod-geotermalnych","status":"publish","type":"page","link":"https:\/\/min-pan.krakow.pl\/wydawnictwo\/ksiazki\/pozyskanie-wod-przeznaczonych-do-spozycia-oraz-cieczy-i-substancji-balneologicznych-w-procesie-uzdatniania-wod-geotermalnych\/","title":{"rendered":"POZYSKANIE W\u00d3D PRZEZNACZONYCH DO SPO\u017bYCIA ORAZ CIECZY I SUBSTANCJI BALNEOLOGICZNYCH W PROCESIE UZDATNIANIA W\u00d3D GEOTERMALNYCH"},"content":{"rendered":"","protected":false},"excerpt":{"rendered":"","protected":false},"author":4,"featured_media":0,"parent":60,"menu_order":125,"comment_status":"closed","ping_status":"closed","template":"templates\/template-book.php","meta":{"footnotes":""},"class_list":["post-6384","page","type-page","status-publish","hentry"],"_links":{"self":[{"href":"https:\/\/min-pan.krakow.pl\/wydawnictwo\/wp-json\/wp\/v2\/pages\/6384","targetHints":{"allow":["GET"]}}],"collection":[{"href":"https:\/\/min-pan.krakow.pl\/wydawnictwo\/wp-json\/wp\/v2\/pages"}],"about":[{"href":"https:\/\/min-pan.krakow.pl\/wydawnictwo\/wp-json\/wp\/v2\/types\/page"}],"author":[{"embeddable":true,"href":"https:\/\/min-pan.krakow.pl\/wydawnictwo\/wp-json\/wp\/v2\/users\/4"}],"replies":[{"embeddable":true,"href":"https:\/\/min-pan.krakow.pl\/wydawnictwo\/wp-json\/wp\/v2\/comments?post=6384"}],"version-history":[{"count":2,"href":"https:\/\/min-pan.krakow.pl\/wydawnictwo\/wp-json\/wp\/v2\/pages\/6384\/revisions"}],"predecessor-version":[{"id":6388,"href":"https:\/\/min-pan.krakow.pl\/wydawnictwo\/wp-json\/wp\/v2\/pages\/6384\/revisions\/6388"}],"up":[{"embeddable":true,"href":"https:\/\/min-pan.krakow.pl\/wydawnictwo\/wp-json\/wp\/v2\/pages\/60"}],"wp:attachment":[{"href":"https:\/\/min-pan.krakow.pl\/wydawnictwo\/wp-json\/wp\/v2\/media?parent=6384"}],"curies":[{"name":"wp","href":"https:\/\/api.w.org\/{rel}","templated":true}]}}