{"id":6380,"date":"2019-09-23T12:39:41","date_gmt":"2019-09-23T10:39:41","guid":{"rendered":"https:\/\/min-pan.krakow.pl\/wydawnictwo\/?page_id=6380"},"modified":"2019-09-30T08:24:22","modified_gmt":"2019-09-30T06:24:22","slug":"prawne-techniczne-ekonomiczne-i-srodowiskowe-aspekty-gospodarki-skala-plonna-w-kopalniach-wegla-kamiennego","status":"publish","type":"page","link":"https:\/\/min-pan.krakow.pl\/wydawnictwo\/ksiazki\/prawne-techniczne-ekonomiczne-i-srodowiskowe-aspekty-gospodarki-skala-plonna-w-kopalniach-wegla-kamiennego\/","title":{"rendered":"PRAWNE, TECHNICZNE, EKONOMICZNE I \u015aRODOWISKOWE ASPEKTY GOSPODARKI SKA\u0141\u0104 P\u0141ONN\u0104 W KOPALNIACH W\u0118GLA KAMIENNEGO"},"content":{"rendered":"","protected":false},"excerpt":{"rendered":"","protected":false},"author":4,"featured_media":0,"parent":60,"menu_order":133,"comment_status":"closed","ping_status":"closed","template":"templates\/template-book.php","meta":{"footnotes":""},"class_list":["post-6380","page","type-page","status-publish","hentry"],"_links":{"self":[{"href":"https:\/\/min-pan.krakow.pl\/wydawnictwo\/wp-json\/wp\/v2\/pages\/6380","targetHints":{"allow":["GET"]}}],"collection":[{"href":"https:\/\/min-pan.krakow.pl\/wydawnictwo\/wp-json\/wp\/v2\/pages"}],"about":[{"href":"https:\/\/min-pan.krakow.pl\/wydawnictwo\/wp-json\/wp\/v2\/types\/page"}],"author":[{"embeddable":true,"href":"https:\/\/min-pan.krakow.pl\/wydawnictwo\/wp-json\/wp\/v2\/users\/4"}],"replies":[{"embeddable":true,"href":"https:\/\/min-pan.krakow.pl\/wydawnictwo\/wp-json\/wp\/v2\/comments?post=6380"}],"version-history":[{"count":2,"href":"https:\/\/min-pan.krakow.pl\/wydawnictwo\/wp-json\/wp\/v2\/pages\/6380\/revisions"}],"predecessor-version":[{"id":6383,"href":"https:\/\/min-pan.krakow.pl\/wydawnictwo\/wp-json\/wp\/v2\/pages\/6380\/revisions\/6383"}],"up":[{"embeddable":true,"href":"https:\/\/min-pan.krakow.pl\/wydawnictwo\/wp-json\/wp\/v2\/pages\/60"}],"wp:attachment":[{"href":"https:\/\/min-pan.krakow.pl\/wydawnictwo\/wp-json\/wp\/v2\/media?parent=6380"}],"curies":[{"name":"wp","href":"https:\/\/api.w.org\/{rel}","templated":true}]}}