{"id":6375,"date":"2019-09-23T12:29:38","date_gmt":"2019-09-23T10:29:38","guid":{"rendered":"https:\/\/min-pan.krakow.pl\/wydawnictwo\/?page_id=6375"},"modified":"2020-04-15T14:22:56","modified_gmt":"2020-04-15T12:22:56","slug":"dokumentowanie-klasyfikacja-i-wykazywanie-zasobow-zloz-kopalin-standardy-miedzynarodowe-studium-porownawcze","status":"publish","type":"page","link":"https:\/\/min-pan.krakow.pl\/wydawnictwo\/ksiazki\/dokumentowanie-klasyfikacja-i-wykazywanie-zasobow-zloz-kopalin-standardy-miedzynarodowe-studium-porownawcze\/","title":{"rendered":"DOKUMENTOWANIE, KLASYFIKACJA I WYKAZYWANIE ZASOB\u00d3W Z\u0141\u00d3\u017b KOPALIN. STANDARDY MI\u0118DZYNARODOWE \u2013 STUDIUM POR\u00d3WNAWCZE"},"content":{"rendered":"","protected":false},"excerpt":{"rendered":"","protected":false},"author":4,"featured_media":0,"parent":60,"menu_order":574,"comment_status":"closed","ping_status":"closed","template":"templates\/template-book.php","meta":{"footnotes":""},"class_list":["post-6375","page","type-page","status-publish","hentry"],"_links":{"self":[{"href":"https:\/\/min-pan.krakow.pl\/wydawnictwo\/wp-json\/wp\/v2\/pages\/6375","targetHints":{"allow":["GET"]}}],"collection":[{"href":"https:\/\/min-pan.krakow.pl\/wydawnictwo\/wp-json\/wp\/v2\/pages"}],"about":[{"href":"https:\/\/min-pan.krakow.pl\/wydawnictwo\/wp-json\/wp\/v2\/types\/page"}],"author":[{"embeddable":true,"href":"https:\/\/min-pan.krakow.pl\/wydawnictwo\/wp-json\/wp\/v2\/users\/4"}],"replies":[{"embeddable":true,"href":"https:\/\/min-pan.krakow.pl\/wydawnictwo\/wp-json\/wp\/v2\/comments?post=6375"}],"version-history":[{"count":3,"href":"https:\/\/min-pan.krakow.pl\/wydawnictwo\/wp-json\/wp\/v2\/pages\/6375\/revisions"}],"predecessor-version":[{"id":6516,"href":"https:\/\/min-pan.krakow.pl\/wydawnictwo\/wp-json\/wp\/v2\/pages\/6375\/revisions\/6516"}],"up":[{"embeddable":true,"href":"https:\/\/min-pan.krakow.pl\/wydawnictwo\/wp-json\/wp\/v2\/pages\/60"}],"wp:attachment":[{"href":"https:\/\/min-pan.krakow.pl\/wydawnictwo\/wp-json\/wp\/v2\/media?parent=6375"}],"curies":[{"name":"wp","href":"https:\/\/api.w.org\/{rel}","templated":true}]}}