{"id":375,"date":"2017-12-05T10:16:43","date_gmt":"2017-12-05T09:16:43","guid":{"rendered":"https:\/\/min-pan.krakow.pl\/\/wydawnictwo\/?page_id=375"},"modified":"2017-12-13T12:57:00","modified_gmt":"2017-12-13T11:57:00","slug":"surowce-mineralne-polski","status":"publish","type":"page","link":"https:\/\/min-pan.krakow.pl\/wydawnictwo\/serie-wydawnicze\/surowce-mineralne-polski\/","title":{"rendered":"SUROWCE MINERALNE POLSKI"},"content":{"rendered":"<p>Seria monograficzna \u201eSurowce mineralne Polski\u201d prezentuje kompleksowo kolejne grupy surowc\u00f3w mineralnych. Jej redaktorem naukowym jest Profesor Roman Ney.<\/p>\n<h3>Dotychczas w serii ukaza\u0142y si\u0119 ju\u017c:<\/h3>\n<p><\/p>","protected":false},"excerpt":{"rendered":"<p>Seria monograficzna \u201eSurowce mineralne Polski\u201d prezentuje kompleksowo kolejne grupy surowc\u00f3w mineralnych. Jej redaktorem naukowym jest Profesor Roman Ney. Dotychczas w serii ukaza\u0142y si\u0119 ju\u017c:<\/p>\n","protected":false},"author":1,"featured_media":0,"parent":300,"menu_order":279,"comment_status":"closed","ping_status":"closed","template":"templates\/template-series.php","meta":{"footnotes":""},"class_list":["post-375","page","type-page","status-publish","hentry"],"_links":{"self":[{"href":"https:\/\/min-pan.krakow.pl\/wydawnictwo\/wp-json\/wp\/v2\/pages\/375","targetHints":{"allow":["GET"]}}],"collection":[{"href":"https:\/\/min-pan.krakow.pl\/wydawnictwo\/wp-json\/wp\/v2\/pages"}],"about":[{"href":"https:\/\/min-pan.krakow.pl\/wydawnictwo\/wp-json\/wp\/v2\/types\/page"}],"author":[{"embeddable":true,"href":"https:\/\/min-pan.krakow.pl\/wydawnictwo\/wp-json\/wp\/v2\/users\/1"}],"replies":[{"embeddable":true,"href":"https:\/\/min-pan.krakow.pl\/wydawnictwo\/wp-json\/wp\/v2\/comments?post=375"}],"version-history":[{"count":2,"href":"https:\/\/min-pan.krakow.pl\/wydawnictwo\/wp-json\/wp\/v2\/pages\/375\/revisions"}],"predecessor-version":[{"id":378,"href":"https:\/\/min-pan.krakow.pl\/wydawnictwo\/wp-json\/wp\/v2\/pages\/375\/revisions\/378"}],"up":[{"embeddable":true,"href":"https:\/\/min-pan.krakow.pl\/wydawnictwo\/wp-json\/wp\/v2\/pages\/300"}],"wp:attachment":[{"href":"https:\/\/min-pan.krakow.pl\/wydawnictwo\/wp-json\/wp\/v2\/media?parent=375"}],"curies":[{"name":"wp","href":"https:\/\/api.w.org\/{rel}","templated":true}]}}