{"id":307,"date":"2017-12-04T14:21:20","date_gmt":"2017-12-04T13:21:20","guid":{"rendered":"https:\/\/min-pan.krakow.pl\/\/wydawnictwo\/?page_id=307"},"modified":"2017-12-06T10:29:23","modified_gmt":"2017-12-06T09:29:23","slug":"od-oceny-wartosci-zloza-do-likwidacji-kopalni","status":"publish","type":"page","link":"https:\/\/min-pan.krakow.pl\/wydawnictwo\/serie-wydawnicze\/od-oceny-wartosci-zloza-do-likwidacji-kopalni\/","title":{"rendered":"OD OCENY WARTO\u015aCI Z\u0141O\u017bA DO LIKWIDACJI KOPALNI"},"content":{"rendered":"<p>\u201eOd oceny warto\u015bci zasob\u00f3w z\u0142o\u017ca do likwidacji kopalni\u201d to seria wydawnicza, w kt\u00f3rej Autorzy przedstawiaj\u0105 ekonomiczne aspekty procesu pozyskiwania surowca mineralnego w pe\u0142nym cyklu technologicznym. Celem serii jest dostarczenie praktycznych informacji na temat uwarunkowa\u0144 ekonomicznych i formalnoprawnych realizacji procesu pozyskiwania surowca mineralnego, tak sposobem odkrywkowym jak i podziemnym.<\/p>\n<h3>Dotychczas w serii ukaza\u0142y si\u0119:<\/h3>\n<p><\/p>","protected":false},"excerpt":{"rendered":"<p>\u201eOd oceny warto\u015bci zasob\u00f3w z\u0142o\u017ca do likwidacji kopalni\u201d to seria wydawnicza, w kt\u00f3rej Autorzy przedstawiaj\u0105 ekonomiczne aspekty procesu pozyskiwania surowca mineralnego w pe\u0142nym cyklu technologicznym. Celem serii jest dostarczenie praktycznych informacji na temat uwarunkowa\u0144 ekonomicznych i formalnoprawnych realizacji procesu pozyskiwania surowca mineralnego, tak sposobem odkrywkowym jak i podziemnym. Dotychczas w serii ukaza\u0142y si\u0119:<\/p>\n","protected":false},"author":1,"featured_media":0,"parent":300,"menu_order":34,"comment_status":"closed","ping_status":"closed","template":"templates\/template-series.php","meta":{"footnotes":""},"class_list":["post-307","page","type-page","status-publish","hentry"],"_links":{"self":[{"href":"https:\/\/min-pan.krakow.pl\/wydawnictwo\/wp-json\/wp\/v2\/pages\/307","targetHints":{"allow":["GET"]}}],"collection":[{"href":"https:\/\/min-pan.krakow.pl\/wydawnictwo\/wp-json\/wp\/v2\/pages"}],"about":[{"href":"https:\/\/min-pan.krakow.pl\/wydawnictwo\/wp-json\/wp\/v2\/types\/page"}],"author":[{"embeddable":true,"href":"https:\/\/min-pan.krakow.pl\/wydawnictwo\/wp-json\/wp\/v2\/users\/1"}],"replies":[{"embeddable":true,"href":"https:\/\/min-pan.krakow.pl\/wydawnictwo\/wp-json\/wp\/v2\/comments?post=307"}],"version-history":[{"count":3,"href":"https:\/\/min-pan.krakow.pl\/wydawnictwo\/wp-json\/wp\/v2\/pages\/307\/revisions"}],"predecessor-version":[{"id":374,"href":"https:\/\/min-pan.krakow.pl\/wydawnictwo\/wp-json\/wp\/v2\/pages\/307\/revisions\/374"}],"up":[{"embeddable":true,"href":"https:\/\/min-pan.krakow.pl\/wydawnictwo\/wp-json\/wp\/v2\/pages\/300"}],"wp:attachment":[{"href":"https:\/\/min-pan.krakow.pl\/wydawnictwo\/wp-json\/wp\/v2\/media?parent=307"}],"curies":[{"name":"wp","href":"https:\/\/api.w.org\/{rel}","templated":true}]}}