{"id":273,"date":"2017-12-04T11:29:37","date_gmt":"2017-12-04T10:29:37","guid":{"rendered":"https:\/\/min-pan.krakow.pl\/\/wydawnictwo\/?page_id=273"},"modified":"2017-12-04T11:30:26","modified_gmt":"2017-12-04T10:30:26","slug":"ocena-systemu-gospodarki-odpadami-uwarunkowania-prawne-i-technologiczne-oraz-kryteria-oceny-funkcjonowania-gospodarki-odpadami-czesc-i","status":"publish","type":"page","link":"https:\/\/min-pan.krakow.pl\/wydawnictwo\/ksiazki\/ocena-systemu-gospodarki-odpadami-uwarunkowania-prawne-i-technologiczne-oraz-kryteria-oceny-funkcjonowania-gospodarki-odpadami-czesc-i\/","title":{"rendered":"OCENA SYSTEMU GOSPODARKI ODPADAMI uwarunkowania prawne i technologiczne oraz kryteria oceny funkcjonowania gospodarki odpadami \u2013 cz\u0119\u015b\u0107 I"},"content":{"rendered":"","protected":false},"excerpt":{"rendered":"","protected":false},"author":1,"featured_media":0,"parent":60,"menu_order":610,"comment_status":"closed","ping_status":"closed","template":"templates\/template-book.php","meta":{"footnotes":""},"class_list":["post-273","page","type-page","status-publish","hentry"],"_links":{"self":[{"href":"https:\/\/min-pan.krakow.pl\/wydawnictwo\/wp-json\/wp\/v2\/pages\/273","targetHints":{"allow":["GET"]}}],"collection":[{"href":"https:\/\/min-pan.krakow.pl\/wydawnictwo\/wp-json\/wp\/v2\/pages"}],"about":[{"href":"https:\/\/min-pan.krakow.pl\/wydawnictwo\/wp-json\/wp\/v2\/types\/page"}],"author":[{"embeddable":true,"href":"https:\/\/min-pan.krakow.pl\/wydawnictwo\/wp-json\/wp\/v2\/users\/1"}],"replies":[{"embeddable":true,"href":"https:\/\/min-pan.krakow.pl\/wydawnictwo\/wp-json\/wp\/v2\/comments?post=273"}],"version-history":[{"count":1,"href":"https:\/\/min-pan.krakow.pl\/wydawnictwo\/wp-json\/wp\/v2\/pages\/273\/revisions"}],"predecessor-version":[{"id":274,"href":"https:\/\/min-pan.krakow.pl\/wydawnictwo\/wp-json\/wp\/v2\/pages\/273\/revisions\/274"}],"up":[{"embeddable":true,"href":"https:\/\/min-pan.krakow.pl\/wydawnictwo\/wp-json\/wp\/v2\/pages\/60"}],"wp:attachment":[{"href":"https:\/\/min-pan.krakow.pl\/wydawnictwo\/wp-json\/wp\/v2\/media?parent=273"}],"curies":[{"name":"wp","href":"https:\/\/api.w.org\/{rel}","templated":true}]}}