{"id":260,"date":"2017-12-04T11:21:36","date_gmt":"2017-12-04T10:21:36","guid":{"rendered":"https:\/\/min-pan.krakow.pl\/\/wydawnictwo\/?page_id=260"},"modified":"2021-01-05T11:14:25","modified_gmt":"2021-01-05T10:14:25","slug":"ochrona-georoznorodnosci-reliktowego-krajobrazu-polskich-karpat-fliszowych-na-przykladzie-zrodlisk-sidlawy-w-beskidzie-niskim","status":"publish","type":"page","link":"https:\/\/min-pan.krakow.pl\/wydawnictwo\/ksiazki\/ochrona-georoznorodnosci-reliktowego-krajobrazu-polskich-karpat-fliszowych-na-przykladzie-zrodlisk-sidlawy-w-beskidzie-niskim\/","title":{"rendered":"OCHRONA GEOR\u00d3\u017bNORODNO\u015aCI RELIKTOWEGO KRAJOBRAZU POLSKICH KARPAT FLISZOWYCH NA PRZYK\u0141ADZIE \u0179R\u00d3DLISK SID\u0141AWY W BESKIDZIE NISKIM"},"content":{"rendered":"","protected":false},"excerpt":{"rendered":"","protected":false},"author":1,"featured_media":0,"parent":60,"menu_order":615,"comment_status":"closed","ping_status":"closed","template":"templates\/template-book.php","meta":{"footnotes":""},"class_list":["post-260","page","type-page","status-publish","hentry"],"_links":{"self":[{"href":"https:\/\/min-pan.krakow.pl\/wydawnictwo\/wp-json\/wp\/v2\/pages\/260","targetHints":{"allow":["GET"]}}],"collection":[{"href":"https:\/\/min-pan.krakow.pl\/wydawnictwo\/wp-json\/wp\/v2\/pages"}],"about":[{"href":"https:\/\/min-pan.krakow.pl\/wydawnictwo\/wp-json\/wp\/v2\/types\/page"}],"author":[{"embeddable":true,"href":"https:\/\/min-pan.krakow.pl\/wydawnictwo\/wp-json\/wp\/v2\/users\/1"}],"replies":[{"embeddable":true,"href":"https:\/\/min-pan.krakow.pl\/wydawnictwo\/wp-json\/wp\/v2\/comments?post=260"}],"version-history":[{"count":1,"href":"https:\/\/min-pan.krakow.pl\/wydawnictwo\/wp-json\/wp\/v2\/pages\/260\/revisions"}],"predecessor-version":[{"id":261,"href":"https:\/\/min-pan.krakow.pl\/wydawnictwo\/wp-json\/wp\/v2\/pages\/260\/revisions\/261"}],"up":[{"embeddable":true,"href":"https:\/\/min-pan.krakow.pl\/wydawnictwo\/wp-json\/wp\/v2\/pages\/60"}],"wp:attachment":[{"href":"https:\/\/min-pan.krakow.pl\/wydawnictwo\/wp-json\/wp\/v2\/media?parent=260"}],"curies":[{"name":"wp","href":"https:\/\/api.w.org\/{rel}","templated":true}]}}