{"id":229,"date":"2017-12-04T11:07:48","date_gmt":"2017-12-04T10:07:48","guid":{"rendered":"https:\/\/min-pan.krakow.pl\/\/wydawnictwo\/?page_id=229"},"modified":"2021-01-05T11:22:13","modified_gmt":"2021-01-05T10:22:13","slug":"badania-oddzialywania-co2-na-mezozoiczne-skaly-zbiornikowe-w-celu-okreslenia-ich-przydatnosci-do-geologicznej-sekwencji-dwutlenku-wegla","status":"publish","type":"page","link":"https:\/\/min-pan.krakow.pl\/wydawnictwo\/ksiazki\/badania-oddzialywania-co2-na-mezozoiczne-skaly-zbiornikowe-w-celu-okreslenia-ich-przydatnosci-do-geologicznej-sekwencji-dwutlenku-wegla\/","title":{"rendered":"BADANIA ODDZIA\u0141YWANIA CO2 NA MEZOZOICZNE SKA\u0141Y ZBIORNIKOWE W CELU OKRE\u015aLENIA ICH PRZYDATNO\u015aCI DO GEOLOGICZNEJ SEKWENCJI DWUTLENKU W\u0118GLA"},"content":{"rendered":"","protected":false},"excerpt":{"rendered":"","protected":false},"author":1,"featured_media":0,"parent":60,"menu_order":626,"comment_status":"closed","ping_status":"closed","template":"templates\/template-book.php","meta":{"footnotes":""},"class_list":["post-229","page","type-page","status-publish","hentry"],"_links":{"self":[{"href":"https:\/\/min-pan.krakow.pl\/wydawnictwo\/wp-json\/wp\/v2\/pages\/229","targetHints":{"allow":["GET"]}}],"collection":[{"href":"https:\/\/min-pan.krakow.pl\/wydawnictwo\/wp-json\/wp\/v2\/pages"}],"about":[{"href":"https:\/\/min-pan.krakow.pl\/wydawnictwo\/wp-json\/wp\/v2\/types\/page"}],"author":[{"embeddable":true,"href":"https:\/\/min-pan.krakow.pl\/wydawnictwo\/wp-json\/wp\/v2\/users\/1"}],"replies":[{"embeddable":true,"href":"https:\/\/min-pan.krakow.pl\/wydawnictwo\/wp-json\/wp\/v2\/comments?post=229"}],"version-history":[{"count":1,"href":"https:\/\/min-pan.krakow.pl\/wydawnictwo\/wp-json\/wp\/v2\/pages\/229\/revisions"}],"predecessor-version":[{"id":230,"href":"https:\/\/min-pan.krakow.pl\/wydawnictwo\/wp-json\/wp\/v2\/pages\/229\/revisions\/230"}],"up":[{"embeddable":true,"href":"https:\/\/min-pan.krakow.pl\/wydawnictwo\/wp-json\/wp\/v2\/pages\/60"}],"wp:attachment":[{"href":"https:\/\/min-pan.krakow.pl\/wydawnictwo\/wp-json\/wp\/v2\/media?parent=229"}],"curies":[{"name":"wp","href":"https:\/\/api.w.org\/{rel}","templated":true}]}}