{"id":19,"date":"2017-11-20T14:48:06","date_gmt":"2017-11-20T13:48:06","guid":{"rendered":"https:\/\/min-pan.krakow.pl\/\/wydawnictwo\/?page_id=19"},"modified":"2023-11-08T14:21:04","modified_gmt":"2023-11-08T13:21:04","slug":"gospodarka-surowcami-mineralnymi-2","status":"publish","type":"page","link":"https:\/\/min-pan.krakow.pl\/wydawnictwo\/czasopisma\/gospodarka-surowcami-mineralnymi-2\/","title":{"rendered":"Gospodarka Surowcami Mineralnymi \u2013 Mineral Resources Management"},"content":{"rendered":"<p><strong>OFICJALNA STRONA CZASOPISMA:\u00a0<a href=\"https:\/\/gsm.min-pan.krakow.pl\/\">https:\/\/gsm.min-pan.krakow.pl\/<\/a><\/strong><\/p>\n<p>Redaktor naczelny: <strong>prof. dr hab. in\u017c. Eugeniusz Mokrzycki<br \/>\n<\/strong>ISSN 0860-0953 | ISSN (Digital edition) 2299-2324<strong><br \/>\n<\/strong><\/p>\n<p>Gospodarka Surowcami Mineralnymi \u2013 Mineral Resources Management jest periodykiem Instytutu Gospodarki Surowcami Mineralnymi i Energi\u0105 PAN oraz Komitetu Zr\u00f3wnowa\u017conej Gospodarki Surowcami Mineralnymi Polskiej Akademii Nauk. Ukazuje si\u0119 nieprzerwanie od 1985 roku. Jest jednym z wiod\u0105cych na polskim rynku wydawniczym czasopism, prezentuj\u0105cym oryginalne prace naukowe autor\u00f3w polskich i zagranicznych, dotycz\u0105ce szeroko rozumianej gospodarki surowcami mineralnymi. W czasopi\u015bmie ukazuj\u0105 si\u0119 artyku\u0142y tylko w j\u0119zyku angielskim. Wszystkie artyku\u0142y s\u0105 recenzowane przez co najmniej dw\u00f3ch niezale\u017cnych recenzent\u00f3w (redakcja przestrzega zasady double blind review).<\/p>","protected":false},"excerpt":{"rendered":"<p>OFICJALNA STRONA CZASOPISMA:\u00a0https:\/\/gsm.min-pan.krakow.pl\/ Redaktor naczelny: prof. dr hab. in\u017c. Eugeniusz Mokrzycki ISSN 0860-0953 | ISSN (Digital edition) 2299-2324 Gospodarka Surowcami Mineralnymi \u2013 Mineral Resources Management jest periodykiem Instytutu Gospodarki Surowcami Mineralnymi i Energi\u0105 PAN oraz Komitetu Zr\u00f3wnowa\u017conej Gospodarki Surowcami Mineralnymi Polskiej Akademii Nauk. Ukazuje si\u0119 nieprzerwanie od 1985 roku. Jest jednym z wiod\u0105cych na polskim [&hellip;]<\/p>\n","protected":false},"author":1,"featured_media":0,"parent":9,"menu_order":551,"comment_status":"closed","ping_status":"closed","template":"templates\/template-magazine.php","meta":{"footnotes":""},"class_list":["post-19","page","type-page","status-publish","hentry"],"_links":{"self":[{"href":"https:\/\/min-pan.krakow.pl\/wydawnictwo\/wp-json\/wp\/v2\/pages\/19","targetHints":{"allow":["GET"]}}],"collection":[{"href":"https:\/\/min-pan.krakow.pl\/wydawnictwo\/wp-json\/wp\/v2\/pages"}],"about":[{"href":"https:\/\/min-pan.krakow.pl\/wydawnictwo\/wp-json\/wp\/v2\/types\/page"}],"author":[{"embeddable":true,"href":"https:\/\/min-pan.krakow.pl\/wydawnictwo\/wp-json\/wp\/v2\/users\/1"}],"replies":[{"embeddable":true,"href":"https:\/\/min-pan.krakow.pl\/wydawnictwo\/wp-json\/wp\/v2\/comments?post=19"}],"version-history":[{"count":13,"href":"https:\/\/min-pan.krakow.pl\/wydawnictwo\/wp-json\/wp\/v2\/pages\/19\/revisions"}],"predecessor-version":[{"id":6936,"href":"https:\/\/min-pan.krakow.pl\/wydawnictwo\/wp-json\/wp\/v2\/pages\/19\/revisions\/6936"}],"up":[{"embeddable":true,"href":"https:\/\/min-pan.krakow.pl\/wydawnictwo\/wp-json\/wp\/v2\/pages\/9"}],"wp:attachment":[{"href":"https:\/\/min-pan.krakow.pl\/wydawnictwo\/wp-json\/wp\/v2\/media?parent=19"}],"curies":[{"name":"wp","href":"https:\/\/api.w.org\/{rel}","templated":true}]}}