{"id":1838,"date":"2017-12-07T16:26:19","date_gmt":"2017-12-07T15:26:19","guid":{"rendered":"https:\/\/min-pan.krakow.pl\/\/wydawnictwo\/?page_id=1838"},"modified":"2017-12-07T16:26:19","modified_gmt":"2017-12-07T15:26:19","slug":"studia-rozprawy-monografie-1","status":"publish","type":"page","link":"https:\/\/min-pan.krakow.pl\/wydawnictwo\/serie-wydawnicze\/studia-rozprawy-monografie-2\/studia-rozprawy-monografie-1\/","title":{"rendered":"Studia, rozprawy, monografie 1"},"content":{"rendered":"<p>Oddzia\u0142ywanie przemys\u0142u siarkowego na \u015brodowisko przyrodnicze wojew\u00f3dztwa tarnobrzeskiego<\/p>","protected":false},"excerpt":{"rendered":"<p>Oddzia\u0142ywanie przemys\u0142u siarkowego na \u015brodowisko przyrodnicze wojew\u00f3dztwa tarnobrzeskiego<\/p>\n","protected":false},"author":1,"featured_media":0,"parent":304,"menu_order":278,"comment_status":"closed","ping_status":"closed","template":"","meta":{"footnotes":""},"class_list":["post-1838","page","type-page","status-publish","hentry"],"_links":{"self":[{"href":"https:\/\/min-pan.krakow.pl\/wydawnictwo\/wp-json\/wp\/v2\/pages\/1838","targetHints":{"allow":["GET"]}}],"collection":[{"href":"https:\/\/min-pan.krakow.pl\/wydawnictwo\/wp-json\/wp\/v2\/pages"}],"about":[{"href":"https:\/\/min-pan.krakow.pl\/wydawnictwo\/wp-json\/wp\/v2\/types\/page"}],"author":[{"embeddable":true,"href":"https:\/\/min-pan.krakow.pl\/wydawnictwo\/wp-json\/wp\/v2\/users\/1"}],"replies":[{"embeddable":true,"href":"https:\/\/min-pan.krakow.pl\/wydawnictwo\/wp-json\/wp\/v2\/comments?post=1838"}],"version-history":[{"count":1,"href":"https:\/\/min-pan.krakow.pl\/wydawnictwo\/wp-json\/wp\/v2\/pages\/1838\/revisions"}],"predecessor-version":[{"id":1840,"href":"https:\/\/min-pan.krakow.pl\/wydawnictwo\/wp-json\/wp\/v2\/pages\/1838\/revisions\/1840"}],"up":[{"embeddable":true,"href":"https:\/\/min-pan.krakow.pl\/wydawnictwo\/wp-json\/wp\/v2\/pages\/304"}],"wp:attachment":[{"href":"https:\/\/min-pan.krakow.pl\/wydawnictwo\/wp-json\/wp\/v2\/media?parent=1838"}],"curies":[{"name":"wp","href":"https:\/\/api.w.org\/{rel}","templated":true}]}}