{"id":148,"date":"2017-12-01T15:54:11","date_gmt":"2017-12-01T14:54:11","guid":{"rendered":"https:\/\/min-pan.krakow.pl\/\/wydawnictwo\/?page_id=148"},"modified":"2021-01-05T11:29:41","modified_gmt":"2021-01-05T10:29:41","slug":"statystyczna-ocena-wplywu-zjawisk-zachodzacych-na-sloncu-na-uklad-krazenia-czlowieka","status":"publish","type":"page","link":"https:\/\/min-pan.krakow.pl\/wydawnictwo\/ksiazki\/statystyczna-ocena-wplywu-zjawisk-zachodzacych-na-sloncu-na-uklad-krazenia-czlowieka\/","title":{"rendered":"STATYSTYCZNA OCENA WP\u0141YWU ZJAWISK ZACHODZ\u0104CYCH NA S\u0141O\u0143CU NA UK\u0141AD KR\u0104\u017bENIA CZ\u0141OWIEKA"},"content":{"rendered":"","protected":false},"excerpt":{"rendered":"","protected":false},"author":1,"featured_media":0,"parent":60,"menu_order":650,"comment_status":"closed","ping_status":"closed","template":"templates\/template-book.php","meta":{"footnotes":""},"class_list":["post-148","page","type-page","status-publish","hentry"],"_links":{"self":[{"href":"https:\/\/min-pan.krakow.pl\/wydawnictwo\/wp-json\/wp\/v2\/pages\/148","targetHints":{"allow":["GET"]}}],"collection":[{"href":"https:\/\/min-pan.krakow.pl\/wydawnictwo\/wp-json\/wp\/v2\/pages"}],"about":[{"href":"https:\/\/min-pan.krakow.pl\/wydawnictwo\/wp-json\/wp\/v2\/types\/page"}],"author":[{"embeddable":true,"href":"https:\/\/min-pan.krakow.pl\/wydawnictwo\/wp-json\/wp\/v2\/users\/1"}],"replies":[{"embeddable":true,"href":"https:\/\/min-pan.krakow.pl\/wydawnictwo\/wp-json\/wp\/v2\/comments?post=148"}],"version-history":[{"count":1,"href":"https:\/\/min-pan.krakow.pl\/wydawnictwo\/wp-json\/wp\/v2\/pages\/148\/revisions"}],"predecessor-version":[{"id":151,"href":"https:\/\/min-pan.krakow.pl\/wydawnictwo\/wp-json\/wp\/v2\/pages\/148\/revisions\/151"}],"up":[{"embeddable":true,"href":"https:\/\/min-pan.krakow.pl\/wydawnictwo\/wp-json\/wp\/v2\/pages\/60"}],"wp:attachment":[{"href":"https:\/\/min-pan.krakow.pl\/wydawnictwo\/wp-json\/wp\/v2\/media?parent=148"}],"curies":[{"name":"wp","href":"https:\/\/api.w.org\/{rel}","templated":true}]}}