{"id":129,"date":"2017-12-01T15:13:46","date_gmt":"2017-12-01T14:13:46","guid":{"rendered":"https:\/\/min-pan.krakow.pl\/\/wydawnictwo\/?page_id=129"},"modified":"2021-01-05T11:31:56","modified_gmt":"2021-01-05T10:31:56","slug":"dynamiczna-ocena-i-prognoza-geologicznych-zagrozen-wywolanych-powodzia-na-przykladzie-nysy-klodzkiej-gornej-soly-i-gornego-sanu-solinki","status":"publish","type":"page","link":"https:\/\/min-pan.krakow.pl\/wydawnictwo\/ksiazki\/dynamiczna-ocena-i-prognoza-geologicznych-zagrozen-wywolanych-powodzia-na-przykladzie-nysy-klodzkiej-gornej-soly-i-gornego-sanu-solinki\/","title":{"rendered":"DYNAMICZNA OCENA I PROGNOZA GEOLOGICZNYCH ZAGRO\u017bE\u0143 WYWO\u0141ANYCH POWODZI\u0104 NA PRZYK\u0141ADZIE NYSY K\u0141ODZKIEJ, G\u00d3RNEJ SO\u0141Y I G\u00d3RNEGO SANU SOLINKI"},"content":{"rendered":"","protected":false},"excerpt":{"rendered":"","protected":false},"author":1,"featured_media":0,"parent":60,"menu_order":654,"comment_status":"closed","ping_status":"closed","template":"templates\/template-book.php","meta":{"footnotes":""},"class_list":["post-129","page","type-page","status-publish","hentry"],"_links":{"self":[{"href":"https:\/\/min-pan.krakow.pl\/wydawnictwo\/wp-json\/wp\/v2\/pages\/129","targetHints":{"allow":["GET"]}}],"collection":[{"href":"https:\/\/min-pan.krakow.pl\/wydawnictwo\/wp-json\/wp\/v2\/pages"}],"about":[{"href":"https:\/\/min-pan.krakow.pl\/wydawnictwo\/wp-json\/wp\/v2\/types\/page"}],"author":[{"embeddable":true,"href":"https:\/\/min-pan.krakow.pl\/wydawnictwo\/wp-json\/wp\/v2\/users\/1"}],"replies":[{"embeddable":true,"href":"https:\/\/min-pan.krakow.pl\/wydawnictwo\/wp-json\/wp\/v2\/comments?post=129"}],"version-history":[{"count":1,"href":"https:\/\/min-pan.krakow.pl\/wydawnictwo\/wp-json\/wp\/v2\/pages\/129\/revisions"}],"predecessor-version":[{"id":130,"href":"https:\/\/min-pan.krakow.pl\/wydawnictwo\/wp-json\/wp\/v2\/pages\/129\/revisions\/130"}],"up":[{"embeddable":true,"href":"https:\/\/min-pan.krakow.pl\/wydawnictwo\/wp-json\/wp\/v2\/pages\/60"}],"wp:attachment":[{"href":"https:\/\/min-pan.krakow.pl\/wydawnictwo\/wp-json\/wp\/v2\/media?parent=129"}],"curies":[{"name":"wp","href":"https:\/\/api.w.org\/{rel}","templated":true}]}}