{"id":672,"date":"2017-12-05T15:50:23","date_gmt":"2017-12-05T14:50:23","guid":{"rendered":"https:\/\/min-pan.krakow.pl\/\/wydawnictwo\/?page_id=672"},"modified":"2018-11-06T12:02:50","modified_gmt":"2018-11-06T11:02:50","slug":"artykuly","status":"publish","type":"page","link":"https:\/\/min-pan.krakow.pl\/wydawnictwo\/en\/czasopisma\/technika-poszukiwan-geologicznych-geotermia-zrownowazony-rozwoj-2\/artykuly\/","title":{"rendered":"Articles"},"content":{"rendered":"<p><\/p>\n<h2>Technika Pozyskiwa\u0144 Geologicznych, Geotermia, Zr\u00f3wnowa\u017cony Rozw\u00f3j<\/h2>\n<p><\/p>","protected":false},"excerpt":{"rendered":"<p>Technika Pozyskiwa\u0144 Geologicznych, Geotermia, Zr\u00f3wnowa\u017cony Rozw\u00f3j<\/p>\n","protected":false},"author":1,"featured_media":0,"parent":105,"menu_order":105,"comment_status":"closed","ping_status":"closed","template":"","meta":{"footnotes":""},"class_list":["post-672","page","type-page","status-publish","hentry"],"_links":{"self":[{"href":"https:\/\/min-pan.krakow.pl\/wydawnictwo\/en\/wp-json\/wp\/v2\/pages\/672","targetHints":{"allow":["GET"]}}],"collection":[{"href":"https:\/\/min-pan.krakow.pl\/wydawnictwo\/en\/wp-json\/wp\/v2\/pages"}],"about":[{"href":"https:\/\/min-pan.krakow.pl\/wydawnictwo\/en\/wp-json\/wp\/v2\/types\/page"}],"author":[{"embeddable":true,"href":"https:\/\/min-pan.krakow.pl\/wydawnictwo\/en\/wp-json\/wp\/v2\/users\/1"}],"replies":[{"embeddable":true,"href":"https:\/\/min-pan.krakow.pl\/wydawnictwo\/en\/wp-json\/wp\/v2\/comments?post=672"}],"version-history":[{"count":4,"href":"https:\/\/min-pan.krakow.pl\/wydawnictwo\/en\/wp-json\/wp\/v2\/pages\/672\/revisions"}],"predecessor-version":[{"id":6210,"href":"https:\/\/min-pan.krakow.pl\/wydawnictwo\/en\/wp-json\/wp\/v2\/pages\/672\/revisions\/6210"}],"up":[{"embeddable":true,"href":"https:\/\/min-pan.krakow.pl\/wydawnictwo\/en\/wp-json\/wp\/v2\/pages\/105"}],"wp:attachment":[{"href":"https:\/\/min-pan.krakow.pl\/wydawnictwo\/en\/wp-json\/wp\/v2\/media?parent=672"}],"curies":[{"name":"wp","href":"https:\/\/api.w.org\/{rel}","templated":true}]}}