{"id":4709,"date":"2018-01-19T09:34:13","date_gmt":"2018-01-19T08:34:13","guid":{"rendered":"https:\/\/min-pan.krakow.pl\/wydawnictwo\/?page_id=4709"},"modified":"2019-10-16T09:45:20","modified_gmt":"2019-10-16T07:45:20","slug":"kopaliny-towarzyszace-w-zlozach-wegla-brunatnego-prawno-ekonomiczne-oraz-gornicze-aspekty-zagospodarowania-kopalin-towarzyszacych-tom-ii","status":"publish","type":"page","link":"https:\/\/min-pan.krakow.pl\/wydawnictwo\/en\/ksiazki\/kopaliny-towarzyszace-w-zlozach-wegla-brunatnego-prawno-ekonomiczne-oraz-gornicze-aspekty-zagospodarowania-kopalin-towarzyszacych-tom-ii\/","title":{"rendered":"KOPALINY TOWARZYSZ\u0104CE W Z\u0141O\u017bACH W\u0118GLA BRUNATNEGO Prawno-ekonomiczne oraz g\u00f3rnicze aspekty zagospodarowania kopalin towarzysz\u0105cych &#8211; Tom II"},"content":{"rendered":"","protected":false},"excerpt":{"rendered":"","protected":false},"author":3,"featured_media":0,"parent":60,"menu_order":587,"comment_status":"closed","ping_status":"closed","template":"templates\/template-book.php","meta":{"footnotes":""},"class_list":["post-4709","page","type-page","status-publish","hentry"],"_links":{"self":[{"href":"https:\/\/min-pan.krakow.pl\/wydawnictwo\/en\/wp-json\/wp\/v2\/pages\/4709","targetHints":{"allow":["GET"]}}],"collection":[{"href":"https:\/\/min-pan.krakow.pl\/wydawnictwo\/en\/wp-json\/wp\/v2\/pages"}],"about":[{"href":"https:\/\/min-pan.krakow.pl\/wydawnictwo\/en\/wp-json\/wp\/v2\/types\/page"}],"author":[{"embeddable":true,"href":"https:\/\/min-pan.krakow.pl\/wydawnictwo\/en\/wp-json\/wp\/v2\/users\/3"}],"replies":[{"embeddable":true,"href":"https:\/\/min-pan.krakow.pl\/wydawnictwo\/en\/wp-json\/wp\/v2\/comments?post=4709"}],"version-history":[{"count":2,"href":"https:\/\/min-pan.krakow.pl\/wydawnictwo\/en\/wp-json\/wp\/v2\/pages\/4709\/revisions"}],"predecessor-version":[{"id":4713,"href":"https:\/\/min-pan.krakow.pl\/wydawnictwo\/en\/wp-json\/wp\/v2\/pages\/4709\/revisions\/4713"}],"up":[{"embeddable":true,"href":"https:\/\/min-pan.krakow.pl\/wydawnictwo\/en\/wp-json\/wp\/v2\/pages\/60"}],"wp:attachment":[{"href":"https:\/\/min-pan.krakow.pl\/wydawnictwo\/en\/wp-json\/wp\/v2\/media?parent=4709"}],"curies":[{"name":"wp","href":"https:\/\/api.w.org\/{rel}","templated":true}]}}