{"id":4704,"date":"2018-01-19T09:29:17","date_gmt":"2018-01-19T08:29:17","guid":{"rendered":"https:\/\/min-pan.krakow.pl\/wydawnictwo\/?page_id=4704"},"modified":"2019-10-16T09:45:05","modified_gmt":"2019-10-16T07:45:05","slug":"kopaliny-towarzyszace-w-zlozach-wegla-brunatnego-geologiczno-surowcowe-aspekty-zagospodarowania-kopalin-towarzyszacych","status":"publish","type":"page","link":"https:\/\/min-pan.krakow.pl\/wydawnictwo\/en\/ksiazki\/kopaliny-towarzyszace-w-zlozach-wegla-brunatnego-geologiczno-surowcowe-aspekty-zagospodarowania-kopalin-towarzyszacych\/","title":{"rendered":"KOPALINY TOWARZYSZ\u0104CE W Z\u0141O\u017bACH W\u0118GLA BRUNATNEGO Geologiczno-surowcowe aspekty zagospodarowania kopalin towarzysz\u0105cych &#8211; Tom I"},"content":{"rendered":"","protected":false},"excerpt":{"rendered":"","protected":false},"author":3,"featured_media":0,"parent":60,"menu_order":588,"comment_status":"closed","ping_status":"closed","template":"templates\/template-book.php","meta":{"footnotes":""},"class_list":["post-4704","page","type-page","status-publish","hentry"],"_links":{"self":[{"href":"https:\/\/min-pan.krakow.pl\/wydawnictwo\/en\/wp-json\/wp\/v2\/pages\/4704","targetHints":{"allow":["GET"]}}],"collection":[{"href":"https:\/\/min-pan.krakow.pl\/wydawnictwo\/en\/wp-json\/wp\/v2\/pages"}],"about":[{"href":"https:\/\/min-pan.krakow.pl\/wydawnictwo\/en\/wp-json\/wp\/v2\/types\/page"}],"author":[{"embeddable":true,"href":"https:\/\/min-pan.krakow.pl\/wydawnictwo\/en\/wp-json\/wp\/v2\/users\/3"}],"replies":[{"embeddable":true,"href":"https:\/\/min-pan.krakow.pl\/wydawnictwo\/en\/wp-json\/wp\/v2\/comments?post=4704"}],"version-history":[{"count":3,"href":"https:\/\/min-pan.krakow.pl\/wydawnictwo\/en\/wp-json\/wp\/v2\/pages\/4704\/revisions"}],"predecessor-version":[{"id":4710,"href":"https:\/\/min-pan.krakow.pl\/wydawnictwo\/en\/wp-json\/wp\/v2\/pages\/4704\/revisions\/4710"}],"up":[{"embeddable":true,"href":"https:\/\/min-pan.krakow.pl\/wydawnictwo\/en\/wp-json\/wp\/v2\/pages\/60"}],"wp:attachment":[{"href":"https:\/\/min-pan.krakow.pl\/wydawnictwo\/en\/wp-json\/wp\/v2\/media?parent=4704"}],"curies":[{"name":"wp","href":"https:\/\/api.w.org\/{rel}","templated":true}]}}