{"id":336,"date":"2017-12-04T15:05:30","date_gmt":"2017-12-04T14:05:30","guid":{"rendered":"https:\/\/min-pan.krakow.pl\/\/wydawnictwo\/?page_id=336"},"modified":"2021-01-05T11:02:23","modified_gmt":"2021-01-05T10:02:23","slug":"zrownowazony-rozwoj-problemy-bezpieczenstwa-trwania-i-rozwoju-ludzkosci-czas-postepu-i-niszczenia-rozwoju-mysli-i-technologii-komfortu-egzystencji-marnotrawstwa-i-dewastacji-czesc-i","status":"publish","type":"page","link":"https:\/\/min-pan.krakow.pl\/wydawnictwo\/en\/ksiazki\/zrownowazony-rozwoj-problemy-bezpieczenstwa-trwania-i-rozwoju-ludzkosci-czas-postepu-i-niszczenia-rozwoju-mysli-i-technologii-komfortu-egzystencji-marnotrawstwa-i-dewastacji-czesc-i\/","title":{"rendered":"ZR\u00d3WNOWA\u017bONY ROZW\u00d3J PROBLEMY BEZPIECZE\u0143STWA, TRWANIA I ROZWOJU LUDZKO\u015aCI CZAS POST\u0118PU I NISZCZENIA, ROZWOJU MY\u015aLI I TECHNOLOGII, KOMFORTU EGZYSTENCJI, MARNOTRAWSTWA I DEWASTACJI \u2013 CZ\u0118\u015a\u0106 I"},"content":{"rendered":"","protected":false},"excerpt":{"rendered":"","protected":false},"author":1,"featured_media":0,"parent":60,"menu_order":598,"comment_status":"closed","ping_status":"closed","template":"templates\/template-book.php","meta":{"footnotes":""},"class_list":["post-336","page","type-page","status-publish","hentry"],"_links":{"self":[{"href":"https:\/\/min-pan.krakow.pl\/wydawnictwo\/en\/wp-json\/wp\/v2\/pages\/336","targetHints":{"allow":["GET"]}}],"collection":[{"href":"https:\/\/min-pan.krakow.pl\/wydawnictwo\/en\/wp-json\/wp\/v2\/pages"}],"about":[{"href":"https:\/\/min-pan.krakow.pl\/wydawnictwo\/en\/wp-json\/wp\/v2\/types\/page"}],"author":[{"embeddable":true,"href":"https:\/\/min-pan.krakow.pl\/wydawnictwo\/en\/wp-json\/wp\/v2\/users\/1"}],"replies":[{"embeddable":true,"href":"https:\/\/min-pan.krakow.pl\/wydawnictwo\/en\/wp-json\/wp\/v2\/comments?post=336"}],"version-history":[{"count":1,"href":"https:\/\/min-pan.krakow.pl\/wydawnictwo\/en\/wp-json\/wp\/v2\/pages\/336\/revisions"}],"predecessor-version":[{"id":337,"href":"https:\/\/min-pan.krakow.pl\/wydawnictwo\/en\/wp-json\/wp\/v2\/pages\/336\/revisions\/337"}],"up":[{"embeddable":true,"href":"https:\/\/min-pan.krakow.pl\/wydawnictwo\/en\/wp-json\/wp\/v2\/pages\/60"}],"wp:attachment":[{"href":"https:\/\/min-pan.krakow.pl\/wydawnictwo\/en\/wp-json\/wp\/v2\/media?parent=336"}],"curies":[{"name":"wp","href":"https:\/\/api.w.org\/{rel}","templated":true}]}}