{"id":324,"date":"2017-12-04T14:52:11","date_gmt":"2017-12-04T13:52:11","guid":{"rendered":"https:\/\/min-pan.krakow.pl\/\/wydawnictwo\/?page_id=324"},"modified":"2021-01-05T11:04:41","modified_gmt":"2021-01-05T10:04:41","slug":"procedury-postepowania-dla-uzyskania-koncesji-na-wydobywanie-kopalin-metoda-odkrywkowa","status":"publish","type":"page","link":"https:\/\/min-pan.krakow.pl\/wydawnictwo\/en\/ksiazki\/procedury-postepowania-dla-uzyskania-koncesji-na-wydobywanie-kopalin-metoda-odkrywkowa\/","title":{"rendered":"PROCEDURY POST\u0118POWANIA DLA UZYSKANIA KONCESJI NA WYDOBYWANIE KOPALIN METOD\u0104 ODKRYWKOW\u0104"},"content":{"rendered":"","protected":false},"excerpt":{"rendered":"","protected":false},"author":1,"featured_media":0,"parent":60,"menu_order":602,"comment_status":"closed","ping_status":"closed","template":"templates\/template-book.php","meta":{"footnotes":""},"class_list":["post-324","page","type-page","status-publish","hentry"],"_links":{"self":[{"href":"https:\/\/min-pan.krakow.pl\/wydawnictwo\/en\/wp-json\/wp\/v2\/pages\/324","targetHints":{"allow":["GET"]}}],"collection":[{"href":"https:\/\/min-pan.krakow.pl\/wydawnictwo\/en\/wp-json\/wp\/v2\/pages"}],"about":[{"href":"https:\/\/min-pan.krakow.pl\/wydawnictwo\/en\/wp-json\/wp\/v2\/types\/page"}],"author":[{"embeddable":true,"href":"https:\/\/min-pan.krakow.pl\/wydawnictwo\/en\/wp-json\/wp\/v2\/users\/1"}],"replies":[{"embeddable":true,"href":"https:\/\/min-pan.krakow.pl\/wydawnictwo\/en\/wp-json\/wp\/v2\/comments?post=324"}],"version-history":[{"count":1,"href":"https:\/\/min-pan.krakow.pl\/wydawnictwo\/en\/wp-json\/wp\/v2\/pages\/324\/revisions"}],"predecessor-version":[{"id":325,"href":"https:\/\/min-pan.krakow.pl\/wydawnictwo\/en\/wp-json\/wp\/v2\/pages\/324\/revisions\/325"}],"up":[{"embeddable":true,"href":"https:\/\/min-pan.krakow.pl\/wydawnictwo\/en\/wp-json\/wp\/v2\/pages\/60"}],"wp:attachment":[{"href":"https:\/\/min-pan.krakow.pl\/wydawnictwo\/en\/wp-json\/wp\/v2\/media?parent=324"}],"curies":[{"name":"wp","href":"https:\/\/api.w.org\/{rel}","templated":true}]}}