{"id":254,"date":"2017-12-04T11:18:26","date_gmt":"2017-12-04T10:18:26","guid":{"rendered":"https:\/\/min-pan.krakow.pl\/\/wydawnictwo\/?page_id=254"},"modified":"2021-01-05T11:16:05","modified_gmt":"2021-01-05T10:16:05","slug":"strategia-zarzadzania-przedsiebiorstwami-gorniczymi-w-ujeciu-modelowym","status":"publish","type":"page","link":"https:\/\/min-pan.krakow.pl\/wydawnictwo\/en\/ksiazki\/strategia-zarzadzania-przedsiebiorstwami-gorniczymi-w-ujeciu-modelowym\/","title":{"rendered":"STRATEGIA ZARZ\u0104DZANIA PRZEDSI\u0118BIORSTWAMI G\u00d3RNICZYMI W UJ\u0118CIU MODELOWYM"},"content":{"rendered":"","protected":false},"excerpt":{"rendered":"","protected":false},"author":1,"featured_media":0,"parent":60,"menu_order":617,"comment_status":"closed","ping_status":"closed","template":"templates\/template-book.php","meta":{"footnotes":""},"class_list":["post-254","page","type-page","status-publish","hentry"],"_links":{"self":[{"href":"https:\/\/min-pan.krakow.pl\/wydawnictwo\/en\/wp-json\/wp\/v2\/pages\/254","targetHints":{"allow":["GET"]}}],"collection":[{"href":"https:\/\/min-pan.krakow.pl\/wydawnictwo\/en\/wp-json\/wp\/v2\/pages"}],"about":[{"href":"https:\/\/min-pan.krakow.pl\/wydawnictwo\/en\/wp-json\/wp\/v2\/types\/page"}],"author":[{"embeddable":true,"href":"https:\/\/min-pan.krakow.pl\/wydawnictwo\/en\/wp-json\/wp\/v2\/users\/1"}],"replies":[{"embeddable":true,"href":"https:\/\/min-pan.krakow.pl\/wydawnictwo\/en\/wp-json\/wp\/v2\/comments?post=254"}],"version-history":[{"count":1,"href":"https:\/\/min-pan.krakow.pl\/wydawnictwo\/en\/wp-json\/wp\/v2\/pages\/254\/revisions"}],"predecessor-version":[{"id":255,"href":"https:\/\/min-pan.krakow.pl\/wydawnictwo\/en\/wp-json\/wp\/v2\/pages\/254\/revisions\/255"}],"up":[{"embeddable":true,"href":"https:\/\/min-pan.krakow.pl\/wydawnictwo\/en\/wp-json\/wp\/v2\/pages\/60"}],"wp:attachment":[{"href":"https:\/\/min-pan.krakow.pl\/wydawnictwo\/en\/wp-json\/wp\/v2\/media?parent=254"}],"curies":[{"name":"wp","href":"https:\/\/api.w.org\/{rel}","templated":true}]}}