{"id":211,"date":"2017-12-04T11:00:49","date_gmt":"2017-12-04T10:00:49","guid":{"rendered":"https:\/\/min-pan.krakow.pl\/\/wydawnictwo\/?page_id=211"},"modified":"2021-01-05T11:26:14","modified_gmt":"2021-01-05T10:26:14","slug":"wlasciwosci-wybranych-ilow-jasno-wypalajacych-sie-w-aspekcie-optymalizacji-skladu-surowcowego-do-krajowej-produkcji-plytek-ceramicznych-typu-gres-porcellanato","status":"publish","type":"page","link":"https:\/\/min-pan.krakow.pl\/wydawnictwo\/en\/ksiazki\/wlasciwosci-wybranych-ilow-jasno-wypalajacych-sie-w-aspekcie-optymalizacji-skladu-surowcowego-do-krajowej-produkcji-plytek-ceramicznych-typu-gres-porcellanato\/","title":{"rendered":"W\u0141A\u015aCIWO\u015aCI WYBRANYCH I\u0141\u00d3W JASNO WYPALAJ\u0104CYCH SI\u0118 W ASPEKCIE OPTYMALIZACJI SK\u0141ADU SUROWCOWEGO DO KRAJOWEJ PRODUKCJI P\u0141YTEK CERAMICZNYCH TYPU GRES PORCELLANATO"},"content":{"rendered":"","protected":false},"excerpt":{"rendered":"","protected":false},"author":1,"featured_media":0,"parent":60,"menu_order":632,"comment_status":"closed","ping_status":"closed","template":"templates\/template-book.php","meta":{"footnotes":""},"class_list":["post-211","page","type-page","status-publish","hentry"],"_links":{"self":[{"href":"https:\/\/min-pan.krakow.pl\/wydawnictwo\/en\/wp-json\/wp\/v2\/pages\/211","targetHints":{"allow":["GET"]}}],"collection":[{"href":"https:\/\/min-pan.krakow.pl\/wydawnictwo\/en\/wp-json\/wp\/v2\/pages"}],"about":[{"href":"https:\/\/min-pan.krakow.pl\/wydawnictwo\/en\/wp-json\/wp\/v2\/types\/page"}],"author":[{"embeddable":true,"href":"https:\/\/min-pan.krakow.pl\/wydawnictwo\/en\/wp-json\/wp\/v2\/users\/1"}],"replies":[{"embeddable":true,"href":"https:\/\/min-pan.krakow.pl\/wydawnictwo\/en\/wp-json\/wp\/v2\/comments?post=211"}],"version-history":[{"count":1,"href":"https:\/\/min-pan.krakow.pl\/wydawnictwo\/en\/wp-json\/wp\/v2\/pages\/211\/revisions"}],"predecessor-version":[{"id":212,"href":"https:\/\/min-pan.krakow.pl\/wydawnictwo\/en\/wp-json\/wp\/v2\/pages\/211\/revisions\/212"}],"up":[{"embeddable":true,"href":"https:\/\/min-pan.krakow.pl\/wydawnictwo\/en\/wp-json\/wp\/v2\/pages\/60"}],"wp:attachment":[{"href":"https:\/\/min-pan.krakow.pl\/wydawnictwo\/en\/wp-json\/wp\/v2\/media?parent=211"}],"curies":[{"name":"wp","href":"https:\/\/api.w.org\/{rel}","templated":true}]}}