{"id":105,"date":"2017-11-27T16:20:50","date_gmt":"2017-11-27T15:20:50","guid":{"rendered":"https:\/\/min-pan.krakow.pl\/\/wydawnictwo\/?page_id=105"},"modified":"2021-03-01T13:53:20","modified_gmt":"2021-03-01T12:53:20","slug":"technika-poszukiwan-geologicznych-geotermia-zrownowazony-rozwoj-2","status":"publish","type":"page","link":"https:\/\/min-pan.krakow.pl\/wydawnictwo\/en\/czasopisma\/technika-poszukiwan-geologicznych-geotermia-zrownowazony-rozwoj-2\/","title":{"rendered":"Technika Poszukiwa\u0144 Geologicznych, Geotermia, Zr\u00f3wnowa\u017cony Rozw\u00f3j &#8211; Geological Exploration Technology, Geothermal Energy, Sustainable Development"},"content":{"rendered":"<p>Editor-in-Chief:<strong>\u00a0Wies\u0142aw Bujakowski, <\/strong><strong>D. Sc., Eng.<br \/>\n<\/strong>ISSN 0304-520X<\/p>\n<p>&nbsp;<\/p>\n<p><em>Geological Exploration Technology, Geothermal Energy, Sustainable Development<\/em> is published twice a year and includes original scientific papers in the fields of economics, energetics, renewable energy, photogeology, geochemistry, geodesy, geography, geophysics, geosynthetics, geothermics, geotechnics, mining, hydrogeology, engineering geology, computer science, reservoir and heating engineering, cartography, environmental and natural resources protection, petrography and drilling. The journal publishes articles in Polish and English. The Editorial Board select articles according to the \u201cdouble-blind review\u201d principle.<\/p>","protected":false},"excerpt":{"rendered":"<p>Editor-in-Chief:\u00a0Wies\u0142aw Bujakowski, D. Sc., Eng. ISSN 0304-520X &nbsp; Geological Exploration Technology, Geothermal Energy, Sustainable Development is published twice a year and includes original scientific papers in the fields of economics, energetics, renewable energy, photogeology, geochemistry, geodesy, geography, geophysics, geosynthetics, geothermics, geotechnics, mining, hydrogeology, engineering geology, computer science, reservoir and heating engineering, cartography, environmental and natural [&hellip;]<\/p>\n","protected":false},"author":1,"featured_media":0,"parent":9,"menu_order":98,"comment_status":"closed","ping_status":"closed","template":"templates\/template-magazine.php","meta":{"footnotes":""},"class_list":["post-105","page","type-page","status-publish","hentry"],"_links":{"self":[{"href":"https:\/\/min-pan.krakow.pl\/wydawnictwo\/en\/wp-json\/wp\/v2\/pages\/105","targetHints":{"allow":["GET"]}}],"collection":[{"href":"https:\/\/min-pan.krakow.pl\/wydawnictwo\/en\/wp-json\/wp\/v2\/pages"}],"about":[{"href":"https:\/\/min-pan.krakow.pl\/wydawnictwo\/en\/wp-json\/wp\/v2\/types\/page"}],"author":[{"embeddable":true,"href":"https:\/\/min-pan.krakow.pl\/wydawnictwo\/en\/wp-json\/wp\/v2\/users\/1"}],"replies":[{"embeddable":true,"href":"https:\/\/min-pan.krakow.pl\/wydawnictwo\/en\/wp-json\/wp\/v2\/comments?post=105"}],"version-history":[{"count":19,"href":"https:\/\/min-pan.krakow.pl\/wydawnictwo\/en\/wp-json\/wp\/v2\/pages\/105\/revisions"}],"predecessor-version":[{"id":6665,"href":"https:\/\/min-pan.krakow.pl\/wydawnictwo\/en\/wp-json\/wp\/v2\/pages\/105\/revisions\/6665"}],"up":[{"embeddable":true,"href":"https:\/\/min-pan.krakow.pl\/wydawnictwo\/en\/wp-json\/wp\/v2\/pages\/9"}],"wp:attachment":[{"href":"https:\/\/min-pan.krakow.pl\/wydawnictwo\/en\/wp-json\/wp\/v2\/media?parent=105"}],"curies":[{"name":"wp","href":"https:\/\/api.w.org\/{rel}","templated":true}]}}