{"id":459,"date":"2025-05-28T13:26:29","date_gmt":"2025-05-28T11:26:29","guid":{"rendered":"https:\/\/min-pan.krakow.pl\/laboratoria\/?page_id=459"},"modified":"2025-06-12T19:51:45","modified_gmt":"2025-06-12T17:51:45","slug":"stanowisko-badan-biomasy","status":"publish","type":"page","link":"https:\/\/min-pan.krakow.pl\/laboratoria\/laboratoria\/laboratorium-badan-srodowiskowych\/stanowisko-badan-biomasy\/","title":{"rendered":"Stanowisko Bada\u0144 Biomasy"},"content":{"rendered":"<p><b>Stanowisko Bada\u0144 Biomasy<\/b><\/p>\n<p>specjalizuje si\u0119 w kompleksowej analizie w\u0142a\u015bciwo\u015bci biomasy, paliw alternatywnych oraz odpad\u00f3w w postaci sta\u0142ej i ciek\u0142ej, obejmuj\u0105c analiz\u0119 elementarn\u0105 (oznaczanie zawarto\u015bci w\u0119gla, wodoru, azotu i siarki), analiz\u0119 techniczn\u0105 paliw (wilgotno\u015b\u0107, zawarto\u015b\u0107 cz\u0119\u015bci lotnych, frakcje nieorganiczne wyznaczane poprzez spalanie w piecu komorowym do 1600\u00b0C) oraz preparatyk\u0119 pr\u00f3bek z wykorzystaniem m\u0142yn\u00f3w no\u017cowych do rozdrabniania biomasy, odpad\u00f3w i tworzyw. Dodatkowo prowadzi badania kaloryczno\u015bci (wyznaczanie ciep\u0142a spalania i warto\u015bci opa\u0142owej), analiz\u0119 termograwimetryczn\u0105 (TG\/DTA\/DSC) ze sprz\u0119\u017con\u0105 analiz\u0105 gaz\u00f3w metod\u0105 FT-IR, a tak\u017ce opracowuje studia wykonalno\u015bci i analizy rynkowe zwi\u0105zane z wykorzystaniem bioenergii. Laboratorium umo\u017cliwia r\u00f3wnie\u017c analiz\u0119 innych surowc\u00f3w, takich jak materia\u0142y budowlane oraz polimery i odpady przemys\u0142owe, obejmuj\u0105c m.in. ocen\u0119 ich sk\u0142adu chemicznego, w\u0142a\u015bciwo\u015bci fizykochemicznych oraz parametr\u00f3w u\u017cytkowych.<\/p>","protected":false},"excerpt":{"rendered":"<p>Stanowisko Bada\u0144 Biomasy specjalizuje si\u0119 w kompleksowej analizie w\u0142a\u015bciwo\u015bci biomasy, paliw alternatywnych oraz odpad\u00f3w w postaci sta\u0142ej i ciek\u0142ej, obejmuj\u0105c analiz\u0119 elementarn\u0105 (oznaczanie zawarto\u015bci w\u0119gla, wodoru, azotu i siarki), analiz\u0119 techniczn\u0105 paliw (wilgotno\u015b\u0107, zawarto\u015b\u0107 cz\u0119\u015bci lotnych, frakcje nieorganiczne wyznaczane poprzez spalanie w piecu komorowym do 1600\u00b0C) oraz preparatyk\u0119 pr\u00f3bek z wykorzystaniem m\u0142yn\u00f3w no\u017cowych do rozdrabniania [&hellip;]<\/p>\n","protected":false},"author":1,"featured_media":0,"parent":12,"menu_order":8,"comment_status":"closed","ping_status":"closed","template":"templates\/template-lab.php","meta":{"footnotes":""},"class_list":["post-459","page","type-page","status-publish","hentry"],"_links":{"self":[{"href":"https:\/\/min-pan.krakow.pl\/laboratoria\/wp-json\/wp\/v2\/pages\/459","targetHints":{"allow":["GET"]}}],"collection":[{"href":"https:\/\/min-pan.krakow.pl\/laboratoria\/wp-json\/wp\/v2\/pages"}],"about":[{"href":"https:\/\/min-pan.krakow.pl\/laboratoria\/wp-json\/wp\/v2\/types\/page"}],"author":[{"embeddable":true,"href":"https:\/\/min-pan.krakow.pl\/laboratoria\/wp-json\/wp\/v2\/users\/1"}],"replies":[{"embeddable":true,"href":"https:\/\/min-pan.krakow.pl\/laboratoria\/wp-json\/wp\/v2\/comments?post=459"}],"version-history":[{"count":13,"href":"https:\/\/min-pan.krakow.pl\/laboratoria\/wp-json\/wp\/v2\/pages\/459\/revisions"}],"predecessor-version":[{"id":514,"href":"https:\/\/min-pan.krakow.pl\/laboratoria\/wp-json\/wp\/v2\/pages\/459\/revisions\/514"}],"up":[{"embeddable":true,"href":"https:\/\/min-pan.krakow.pl\/laboratoria\/wp-json\/wp\/v2\/pages\/12"}],"wp:attachment":[{"href":"https:\/\/min-pan.krakow.pl\/laboratoria\/wp-json\/wp\/v2\/media?parent=459"}],"curies":[{"name":"wp","href":"https:\/\/api.w.org\/{rel}","templated":true}]}}