{"id":436,"date":"2025-04-04T10:27:15","date_gmt":"2025-04-04T08:27:15","guid":{"rendered":"https:\/\/min-pan.krakow.pl\/laboratoria\/?page_id=436"},"modified":"2026-03-27T14:43:37","modified_gmt":"2026-03-27T13:43:37","slug":"inne-stanowiska-badawcze","status":"publish","type":"page","link":"https:\/\/min-pan.krakow.pl\/laboratoria\/inne-stanowiska-badawcze\/","title":{"rendered":"Inne stanowiska badawcze"},"content":{"rendered":"<p><strong>Stanowisko bada\u0144 ogniw Li\u2011ion i Na\u2011ion<\/strong><\/p>\n<p>Stanowisko do bada\u0144 elektrochemicznych ogniw litowo-jonowych (Li-ion) oraz sodowo-jonowych (Na-ion) wyposa\u017cone jest<br \/>\nw zaawansowan\u0105 infrastruktur\u0119 umo\u017cliwiaj\u0105c\u0105 kompleksow\u0105 ocen\u0119 materia\u0142\u00f3w elektrodowych i elektrolitowych. Specjalizuje si\u0119 ono<br \/>\nw badaniach nad elektrolitami sta\u0142ymi, stanowi\u0105cymi kluczowy element rozwoju bezpiecznych i wysokowydajnych system\u00f3w magazynowania energii nowej generacji.<\/p>\n<p>G\u0142\u00f3wny potencja\u0142 badawczy stanowiska koncentruje si\u0119 na analizie korelacji pomi\u0119dzy w\u0142a\u015bciwo\u015bciami strukturalnymi<br \/>\na elektrochemicznymi materia\u0142\u00f3w stosowanych w ogniwach. Umo\u017cliwia to prowadzenie prac rozwojowych nad technologiami pozwalaj\u0105cymi zwi\u0119kszy\u0107 g\u0119sto\u015b\u0107 energii akumulator\u00f3w, poprawi\u0107 ich stabilno\u015b\u0107 cykliczn\u0105 oraz podnie\u015b\u0107 poziom bezpiecze\u0144stwa u\u017cytkowania.<\/p>\n<p>Stanowisko wyposa\u017cone jest w komor\u0119 r\u0119kawicow\u0105 z atmosfer\u0105 argonu, zapewniaj\u0105c\u0105 kontrolowane warunki niezb\u0119dne do pracy<br \/>\nz reaktywnymi materia\u0142ami wra\u017cliwymi na powietrze. Dost\u0119pny potencjostat\/galwanostat umo\u017cliwia prowadzenie standardowych test\u00f3w elektrochemicznych, natomiast dedykowane przystawki pozwalaj\u0105 na wykonywanie pomiar\u00f3w strukturalnych w atmosferze ochronnej.<\/p>\n<p>Po\u0142\u0105czenie wyspecjalizowanej aparatury z do\u015bwiadczeniem badawczym umo\u017cliwia prowadzenie zaawansowanych prac obejmuj\u0105cych:<\/p>\n<ul>\n<li>ocen\u0119 przewodnictwa jonowego sta\u0142ych elektrolit\u00f3w,<\/li>\n<li>testy kompatybilno\u015bci elektrolit\u2013elektroda,<\/li>\n<li>konstrukcj\u0119 i badanie ogniw w r\u00f3\u017cnych konfiguracjach,<\/li>\n<li>analiz\u0119 proces\u00f3w degradacyjnych na poziomie materia\u0142owym.<\/li>\n<\/ul>\n<p>Stanowisko stanowi nowoczesn\u0105 platform\u0119 badawcz\u0105 umo\u017cliwiaj\u0105c\u0105 rozw\u00f3j innowacyjnych materia\u0142\u00f3w i technologii dla przysz\u0142ych system\u00f3w magazynowania energii.<\/p>\n<p>&nbsp;<\/p>","protected":false},"excerpt":{"rendered":"<p>Stanowisko bada\u0144 ogniw Li\u2011ion i Na\u2011ion Stanowisko do bada\u0144 elektrochemicznych ogniw litowo-jonowych (Li-ion) oraz sodowo-jonowych (Na-ion) wyposa\u017cone jest w zaawansowan\u0105 infrastruktur\u0119 umo\u017cliwiaj\u0105c\u0105 kompleksow\u0105 ocen\u0119 materia\u0142\u00f3w elektrodowych i elektrolitowych. Specjalizuje si\u0119 ono w badaniach nad elektrolitami sta\u0142ymi, stanowi\u0105cymi kluczowy element rozwoju bezpiecznych i wysokowydajnych system\u00f3w magazynowania energii nowej generacji. G\u0142\u00f3wny potencja\u0142 badawczy stanowiska koncentruje si\u0119 na [&hellip;]<\/p>\n","protected":false},"author":1,"featured_media":0,"parent":0,"menu_order":31,"comment_status":"closed","ping_status":"closed","template":"","meta":{"footnotes":""},"class_list":["post-436","page","type-page","status-publish","hentry"],"_links":{"self":[{"href":"https:\/\/min-pan.krakow.pl\/laboratoria\/wp-json\/wp\/v2\/pages\/436","targetHints":{"allow":["GET"]}}],"collection":[{"href":"https:\/\/min-pan.krakow.pl\/laboratoria\/wp-json\/wp\/v2\/pages"}],"about":[{"href":"https:\/\/min-pan.krakow.pl\/laboratoria\/wp-json\/wp\/v2\/types\/page"}],"author":[{"embeddable":true,"href":"https:\/\/min-pan.krakow.pl\/laboratoria\/wp-json\/wp\/v2\/users\/1"}],"replies":[{"embeddable":true,"href":"https:\/\/min-pan.krakow.pl\/laboratoria\/wp-json\/wp\/v2\/comments?post=436"}],"version-history":[{"count":11,"href":"https:\/\/min-pan.krakow.pl\/laboratoria\/wp-json\/wp\/v2\/pages\/436\/revisions"}],"predecessor-version":[{"id":536,"href":"https:\/\/min-pan.krakow.pl\/laboratoria\/wp-json\/wp\/v2\/pages\/436\/revisions\/536"}],"wp:attachment":[{"href":"https:\/\/min-pan.krakow.pl\/laboratoria\/wp-json\/wp\/v2\/media?parent=436"}],"curies":[{"name":"wp","href":"https:\/\/api.w.org\/{rel}","templated":true}]}}