{"id":362,"date":"2025-01-20T11:19:28","date_gmt":"2025-01-20T10:19:28","guid":{"rendered":"https:\/\/min-pan.krakow.pl\/laboratoria\/?page_id=362"},"modified":"2025-03-07T14:38:54","modified_gmt":"2025-03-07T13:38:54","slug":"laboratorium-modelowania-inzynierskiego","status":"publish","type":"page","link":"https:\/\/min-pan.krakow.pl\/laboratoria\/laboratoria\/laboratorium-modelowania-inzynierskiego\/","title":{"rendered":"Laboratorium Modelowania In\u017cynierskiego"},"content":{"rendered":"<p><\/p>\n<h2><strong>Laboratorium Modelowania In\u017cynierskiego<\/strong><\/h2>\n<p>W sk\u0142ad Laboratorium Modelowania In\u017cynierskiego wchodzi pi\u0119\u0107 stanowisk specjalistycznych (laboratori\u00f3w dziedzinowych), o odmiennym profilu dzia\u0142alno\u015bci, w tym:<br \/>\n1. Laboratorium Dziedzinowe Modelowania Geologiczno-Z\u0142o\u017cowego i Analityki G\u00f3rniczej,<br \/>\n2. Laboratorium Dziedzinowe Modelowania Geoin\u017cynierskiego,<br \/>\n3. Laboratorium Dziedzinowe Modelowania Proces\u00f3w Geotermalnych i System\u00f3w Energetycznych,<br \/>\n4. Laboratorium Dziedzinowe Modelowania Zr\u00f3wnowa\u017conej Gospodarki Surowcami,<br \/>\n5. Laboratorium Dziedzinowe Modelowania Zr\u00f3wnowa\u017conej Gospodarki Energi\u0105.<\/p>\n<p>Laboratorium Modelowania In\u017cynierskiego zorganizowane jest w postaci sali komputerowej z dziewi\u0119cioma stanowiskami komputerowymi wraz z oprogramowaniem podstawowym oraz specjalistycznym (dziedzinowym), wyposa\u017conej w sprz\u0119t multimedialny. Zbudowana sie\u0107 teleinformatyczna swoim zasi\u0119giem obejmuje tak\u017ce kilkadziesi\u0105t stanowisk badawczych rozproszonych w nowym budynku Centrum, wchodz\u0105cych w sk\u0142ad poszczeg\u00f3lnych laboratori\u00f3w dziedzinowych Laboratorium Modelowania In\u017cynierskiego.<\/p>\n<p>&nbsp;<\/p>","protected":false},"excerpt":{"rendered":"<p>Laboratorium Modelowania In\u017cynierskiego W sk\u0142ad Laboratorium Modelowania In\u017cynierskiego wchodzi pi\u0119\u0107 stanowisk specjalistycznych (laboratori\u00f3w dziedzinowych), o odmiennym profilu dzia\u0142alno\u015bci, w tym: 1. Laboratorium Dziedzinowe Modelowania Geologiczno-Z\u0142o\u017cowego i Analityki G\u00f3rniczej, 2. Laboratorium Dziedzinowe Modelowania Geoin\u017cynierskiego, 3. Laboratorium Dziedzinowe Modelowania Proces\u00f3w Geotermalnych i System\u00f3w Energetycznych, 4. Laboratorium Dziedzinowe Modelowania Zr\u00f3wnowa\u017conej Gospodarki Surowcami, 5. Laboratorium Dziedzinowe Modelowania Zr\u00f3wnowa\u017conej Gospodarki [&hellip;]<\/p>\n","protected":false},"author":1,"featured_media":0,"parent":10,"menu_order":26,"comment_status":"closed","ping_status":"closed","template":"templates\/template-lab.php","meta":{"footnotes":""},"class_list":["post-362","page","type-page","status-publish","hentry"],"_links":{"self":[{"href":"https:\/\/min-pan.krakow.pl\/laboratoria\/wp-json\/wp\/v2\/pages\/362","targetHints":{"allow":["GET"]}}],"collection":[{"href":"https:\/\/min-pan.krakow.pl\/laboratoria\/wp-json\/wp\/v2\/pages"}],"about":[{"href":"https:\/\/min-pan.krakow.pl\/laboratoria\/wp-json\/wp\/v2\/types\/page"}],"author":[{"embeddable":true,"href":"https:\/\/min-pan.krakow.pl\/laboratoria\/wp-json\/wp\/v2\/users\/1"}],"replies":[{"embeddable":true,"href":"https:\/\/min-pan.krakow.pl\/laboratoria\/wp-json\/wp\/v2\/comments?post=362"}],"version-history":[{"count":5,"href":"https:\/\/min-pan.krakow.pl\/laboratoria\/wp-json\/wp\/v2\/pages\/362\/revisions"}],"predecessor-version":[{"id":417,"href":"https:\/\/min-pan.krakow.pl\/laboratoria\/wp-json\/wp\/v2\/pages\/362\/revisions\/417"}],"up":[{"embeddable":true,"href":"https:\/\/min-pan.krakow.pl\/laboratoria\/wp-json\/wp\/v2\/pages\/10"}],"wp:attachment":[{"href":"https:\/\/min-pan.krakow.pl\/laboratoria\/wp-json\/wp\/v2\/media?parent=362"}],"curies":[{"name":"wp","href":"https:\/\/api.w.org\/{rel}","templated":true}]}}