{"id":16,"date":"2022-03-21T19:30:28","date_gmt":"2022-03-21T18:30:28","guid":{"rendered":"https:\/\/min-pan.krakow.pl\/zaplecze-laboratoryjne\/?page_id=16"},"modified":"2022-05-31T14:28:40","modified_gmt":"2022-05-31T12:28:40","slug":"laboratorium-geotermalne","status":"publish","type":"page","link":"https:\/\/min-pan.krakow.pl\/laboratoria\/laboratoria\/laboratorium-geotermalne\/","title":{"rendered":"Laboratorium Geotermalne"},"content":{"rendered":"<p><\/p>\n<h2><strong>Laboratorium Geotermalne w Ba\u0144skiej Ni\u017cnej na Podhalu <\/strong><\/h2>\n<p>Posiada najstarsz\u0105 w Polsce instalacj\u0119 geotermaln\u0105, funkcjonuj\u0105c\u0105 od 1993 roku. W laboratorium tym, na szerok\u0105 skal\u0119, prowadzone s\u0105 badania naukowe nad pozyskiwaniem i zagospodarowaniem energii geotermalnej oraz nad przyjaznymi dla \u015brodowiska rozwi\u0105zaniami technologicznymi w tym zakresie. Problematyka badawcza obejmuje energooszcz\u0119dne budownictwo w zakresie system\u00f3w instalacyjnych i urz\u0105dze\u0144 do produkcji energii elektrycznej i cieplnej, optymalizacj\u0119 technologii pomp ciep\u0142a, jak r\u00f3wnie\u017c technologie odzyskiwania tzw. \u201eciep\u0142a odpadowego\u201d, niewykorzystywanego do ogrzewania dom\u00f3w i mieszka\u0144. Warto podkre\u015bli\u0107, \u017ce pracownicy naszego Instytutu s\u0105 prekursorami wykorzystania energii geotermalnej dla ciep\u0142ownictwa. W laboratorium tym zbudowano pilotowe instalacje kaskadowego odbioru ciep\u0142a, czy badawcze stanowisko odsalania w\u00f3d geotermalnych. W badaniach wykorzystuje si\u0119 specjalistyczne oprogramowanie TOUGH, TOUGHREACT, PetraSim umo\u017cliwiaj\u0105ce modelowanie pracy z\u0142o\u017ca geotermalnego, system\u00f3w HDR i uk\u0142ad\u00f3w binarnych.<\/p>","protected":false},"excerpt":{"rendered":"<p>Laboratorium Geotermalne w Ba\u0144skiej Ni\u017cnej na Podhalu Posiada najstarsz\u0105 w Polsce instalacj\u0119 geotermaln\u0105, funkcjonuj\u0105c\u0105 od 1993 roku. W laboratorium tym, na szerok\u0105 skal\u0119, prowadzone s\u0105 badania naukowe nad pozyskiwaniem i zagospodarowaniem energii geotermalnej oraz nad przyjaznymi dla \u015brodowiska rozwi\u0105zaniami technologicznymi w tym zakresie. Problematyka badawcza obejmuje energooszcz\u0119dne budownictwo w zakresie system\u00f3w instalacyjnych i urz\u0105dze\u0144 do [&hellip;]<\/p>\n","protected":false},"author":1,"featured_media":0,"parent":10,"menu_order":15,"comment_status":"closed","ping_status":"closed","template":"templates\/template-lab.php","meta":{"footnotes":""},"class_list":["post-16","page","type-page","status-publish","hentry"],"_links":{"self":[{"href":"https:\/\/min-pan.krakow.pl\/laboratoria\/wp-json\/wp\/v2\/pages\/16","targetHints":{"allow":["GET"]}}],"collection":[{"href":"https:\/\/min-pan.krakow.pl\/laboratoria\/wp-json\/wp\/v2\/pages"}],"about":[{"href":"https:\/\/min-pan.krakow.pl\/laboratoria\/wp-json\/wp\/v2\/types\/page"}],"author":[{"embeddable":true,"href":"https:\/\/min-pan.krakow.pl\/laboratoria\/wp-json\/wp\/v2\/users\/1"}],"replies":[{"embeddable":true,"href":"https:\/\/min-pan.krakow.pl\/laboratoria\/wp-json\/wp\/v2\/comments?post=16"}],"version-history":[{"count":9,"href":"https:\/\/min-pan.krakow.pl\/laboratoria\/wp-json\/wp\/v2\/pages\/16\/revisions"}],"predecessor-version":[{"id":194,"href":"https:\/\/min-pan.krakow.pl\/laboratoria\/wp-json\/wp\/v2\/pages\/16\/revisions\/194"}],"up":[{"embeddable":true,"href":"https:\/\/min-pan.krakow.pl\/laboratoria\/wp-json\/wp\/v2\/pages\/10"}],"wp:attachment":[{"href":"https:\/\/min-pan.krakow.pl\/laboratoria\/wp-json\/wp\/v2\/media?parent=16"}],"curies":[{"name":"wp","href":"https:\/\/api.w.org\/{rel}","templated":true}]}}