{"id":14,"date":"2022-03-21T19:29:56","date_gmt":"2022-03-21T18:29:56","guid":{"rendered":"https:\/\/min-pan.krakow.pl\/zaplecze-laboratoryjne\/?page_id=14"},"modified":"2022-05-31T14:35:33","modified_gmt":"2022-05-31T12:35:33","slug":"laboratorium-geofizyki-inzynierskiej","status":"publish","type":"page","link":"https:\/\/min-pan.krakow.pl\/laboratoria\/laboratoria\/laboratorium-geofizyki-inzynierskiej\/","title":{"rendered":"Laboratorium Geofizyki In\u017cynierskiej"},"content":{"rendered":"<p><\/p>\n<h2><strong>Laboratorium Geofizyki In\u017cynierskiej<\/strong><\/h2>\n<p>W Laboratorium Geofizyki In\u017cynierskiej prowadzone s\u0105 badania w zakresie rozpoznania struktury i w\u0142a\u015bciwo\u015bci r\u00f3\u017cnych o\u015brodk\u00f3w geologicznych oraz ich zachowania si\u0119 w zr\u00f3\u017cnicowanych warunkach. Laboratorium specjalizuje si\u0119 w doskonaleniu metodyki pomiarowej i interpretacyjnej wynik\u00f3w bada\u0144 wykorzystuj\u0105c do tego celu najnowsze rozwi\u0105zania sprz\u0119towe w zakresie metod sejsmiki in\u017cynierskiej i g\u00f3rniczej, sejsmologicznej, sejsmoakustycznej, sejsmometrycznej i elektromagnetycznej (georadarowej). Wyniki bada\u0144 znajduj\u0105 zastosowanie w praktyce, w\u00a0 analizie proces\u00f3w osuwiskowych, zapadliskowych, stateczno\u015bci obwa\u0142owa\u0144 przeciwpowodziowych, oceny jako\u015bci pod\u0142o\u017ca pod obiekty budowlane powierzchniowe i podziemne, jak r\u00f3wnie\u017c dla potrzeb prowadzenia efektywnych i bezpiecznych prac g\u00f3rniczych i tunelowania.<\/p>","protected":false},"excerpt":{"rendered":"<p>Laboratorium Geofizyki In\u017cynierskiej W Laboratorium Geofizyki In\u017cynierskiej prowadzone s\u0105 badania w zakresie rozpoznania struktury i w\u0142a\u015bciwo\u015bci r\u00f3\u017cnych o\u015brodk\u00f3w geologicznych oraz ich zachowania si\u0119 w zr\u00f3\u017cnicowanych warunkach. Laboratorium specjalizuje si\u0119 w doskonaleniu metodyki pomiarowej i interpretacyjnej wynik\u00f3w bada\u0144 wykorzystuj\u0105c do tego celu najnowsze rozwi\u0105zania sprz\u0119towe w zakresie metod sejsmiki in\u017cynierskiej i g\u00f3rniczej, sejsmologicznej, sejsmoakustycznej, sejsmometrycznej i [&hellip;]<\/p>\n","protected":false},"author":1,"featured_media":0,"parent":10,"menu_order":20,"comment_status":"closed","ping_status":"closed","template":"templates\/template-lab.php","meta":{"footnotes":""},"class_list":["post-14","page","type-page","status-publish","hentry"],"_links":{"self":[{"href":"https:\/\/min-pan.krakow.pl\/laboratoria\/wp-json\/wp\/v2\/pages\/14","targetHints":{"allow":["GET"]}}],"collection":[{"href":"https:\/\/min-pan.krakow.pl\/laboratoria\/wp-json\/wp\/v2\/pages"}],"about":[{"href":"https:\/\/min-pan.krakow.pl\/laboratoria\/wp-json\/wp\/v2\/types\/page"}],"author":[{"embeddable":true,"href":"https:\/\/min-pan.krakow.pl\/laboratoria\/wp-json\/wp\/v2\/users\/1"}],"replies":[{"embeddable":true,"href":"https:\/\/min-pan.krakow.pl\/laboratoria\/wp-json\/wp\/v2\/comments?post=14"}],"version-history":[{"count":7,"href":"https:\/\/min-pan.krakow.pl\/laboratoria\/wp-json\/wp\/v2\/pages\/14\/revisions"}],"predecessor-version":[{"id":205,"href":"https:\/\/min-pan.krakow.pl\/laboratoria\/wp-json\/wp\/v2\/pages\/14\/revisions\/205"}],"up":[{"embeddable":true,"href":"https:\/\/min-pan.krakow.pl\/laboratoria\/wp-json\/wp\/v2\/pages\/10"}],"wp:attachment":[{"href":"https:\/\/min-pan.krakow.pl\/laboratoria\/wp-json\/wp\/v2\/media?parent=14"}],"curies":[{"name":"wp","href":"https:\/\/api.w.org\/{rel}","templated":true}]}}