{"id":12,"date":"2022-03-21T19:29:24","date_gmt":"2022-03-21T18:29:24","guid":{"rendered":"https:\/\/min-pan.krakow.pl\/zaplecze-laboratoryjne\/?page_id=12"},"modified":"2025-07-07T13:19:59","modified_gmt":"2025-07-07T11:19:59","slug":"laboratorium-badan-srodowiskowych","status":"publish","type":"page","link":"https:\/\/min-pan.krakow.pl\/laboratoria\/laboratoria\/laboratorium-badan-srodowiskowych\/","title":{"rendered":"Laboratorium Kompleksowych Bada\u0144 Odpad\u00f3w i Biomasy"},"content":{"rendered":"<p><\/p>\n<h2><strong>Laboratorium Kompleksowych Bada\u0144 Odpad\u00f3w i Biomasy <\/strong><\/h2>\n<p><strong>Laboratorium Kompleksowych Bada\u0144 Odpad\u00f3w i Biomasy<\/strong> specjalizuje si\u0119 w badaniach terenowych i laboratoryjnych dotycz\u0105cych zanieczyszczenia w\u00f3d podziemnych, powierzchniowych, gleb, grunt\u00f3w oraz jako\u015bci odpad\u00f3w b\u0105d\u017a \u015bciek\u00f3w, wspieraj\u0105c jednocze\u015bnie rozw\u00f3j biogospodarki i gospodarki o obiegu zamkni\u0119tym poprzez optymalizacj\u0119 wykorzystania surowc\u00f3w odnawialnych. Prowadzone tutaj badania terenowe i laboratoryjne zmierzaj\u0105 do okre\u015blenia zawarto\u015bci metali ci\u0119\u017ckich oraz sk\u0142adnik\u00f3w metaloidalnych w \u015brodowisku gruntowo-wodnym, a tak\u017ce wymywalno\u015bci sk\u0142adnik\u00f3w z zastosowaniem test\u00f3w statycznych i dynamicznych. Laboratorium oferuje zaawansowane analizy fizykochemiczne materia\u0142\u00f3w, w tym ocen\u0119 potencja\u0142u energetycznego surowc\u00f3w organicznych, optymalizacj\u0119 mieszanek paliwowych dla urz\u0105dze\u0144 energetycznych oraz wdra\u017canie innowacyjnych rozwi\u0105za\u0144 technologicznych we wsp\u00f3\u0142pracy<br \/>\nz partnerami przemys\u0142owymi.<\/p>\n<p>W zakresie bada\u0144 nieorganicznych laboratorium koncentruje si\u0119 na analizie w\u00f3d podziemnych, powierzchniowych, gleb i grunt\u00f3w, ze szczeg\u00f3lnym uwzgl\u0119dnieniem rt\u0119ci. Wyniki prac badawczych znajduj\u0105 zastosowanie w monitorowaniu oddzia\u0142ywania sk\u0142adowisk odpad\u00f3w komunalnych i przemys\u0142owych, otoczenia szlak\u00f3w komunikacyjnych oraz obiekt\u00f3w przemys\u0142owych na \u015brodowisko przyrodnicze, a tak\u017ce w opracowywaniu studi\u00f3w wykonalno\u015bci projekt\u00f3w bioenergetycznych. Dodatkowo laboratorium prowadzi badania nad efektywnym wykorzystaniem biomasy, weryfikacj\u0105 materia\u0142\u00f3w do cel\u00f3w energetycznych oraz doskonaleniem proces\u00f3w przemys\u0142owych z wykorzystaniem metod takich jak analiza termograwimetryczna (TG\/DTA\/DSC) sprz\u0119\u017cona z FT-IR czy kalorymetria wykorzystuj\u0105c interdyscyplinarne do\u015bwiadczenie zdobyte przez ponad dwadzie\u015bcia lat dzia\u0142alno\u015bci w obszarze technologii paliwowych<\/p>\n<p>W sk\u0142ad Laboratorium Kompleksowych Bada\u0144 Odpad\u00f3w i Biomasy wchodz\u0105 dwa stanowiska specjalistyczne, o odmiennym profilu dzia\u0142alno\u015bci, cho\u0107 komplementarnie uzupe\u0142niaj\u0105ce si\u0119:<\/p>\n<ul>\n<li><strong>Stanowisko Bada\u0144 Biomasy<\/strong> \u2013 skupiaj\u0105ce si\u0119 na analizie elementarnej, technicznej paliw sta\u0142ych i ciek\u0142ych, termicznej charakterystyce materia\u0142\u00f3w oraz rozdrabnianiu pr\u00f3bek z wykorzystaniem m\u0142yn\u00f3w no\u017cowych.<\/li>\n<\/ul>\n<ul>\n<li><strong>Stanowisko Kompleksowych Bada\u0144 Odpad\u00f3w <\/strong>\u2013 specjalizuj\u0105ce si\u0119 w ocenie zanieczyszcze\u0144 nieorganicznych, wymywalno\u015bci metali oraz wp\u0142ywu obiekt\u00f3w przemys\u0142owych na ekosystemy, z wykorzystaniem zaawansowanych technik analitycznych<\/li>\n<\/ul>\n<p>Dzia\u0142alno\u015b\u0107 laboratorium \u0142\u0105czy pog\u0142\u0119bion\u0105 analiz\u0119 naukow\u0105 z praktycznym wdra\u017caniem rozwi\u0105za\u0144, przyczyniaj\u0105c si\u0119 do zr\u00f3wnowa\u017conego gospodarowania zasobami i ochrony \u015brodowiska.<\/p>\n<div class=\"button-wrap\"><a class=\"link-btn\" href=\"https:\/\/min-pan.krakow.pl\/laboratoria\/stanowisko-badan-biomasy\/\">Stanowisko Bada\u0144 Biomasy<\/a><br \/>\n<a class=\"link-btn\" href=\"https:\/\/min-pan.krakow.pl\/laboratoria\/stanowisko-kompleksowych-badan-odpadow\/\">Stanowisko Kompleksowych Bada\u0144 Odpad\u00f3w<\/a><\/div>\n<p><\/p>","protected":false},"excerpt":{"rendered":"<p>Laboratorium Kompleksowych Bada\u0144 Odpad\u00f3w i Biomasy Laboratorium Kompleksowych Bada\u0144 Odpad\u00f3w i Biomasy specjalizuje si\u0119 w badaniach terenowych i laboratoryjnych dotycz\u0105cych zanieczyszczenia w\u00f3d podziemnych, powierzchniowych, gleb, grunt\u00f3w oraz jako\u015bci odpad\u00f3w b\u0105d\u017a \u015bciek\u00f3w, wspieraj\u0105c jednocze\u015bnie rozw\u00f3j biogospodarki i gospodarki o obiegu zamkni\u0119tym poprzez optymalizacj\u0119 wykorzystania surowc\u00f3w odnawialnych. Prowadzone tutaj badania terenowe i laboratoryjne zmierzaj\u0105 do okre\u015blenia zawarto\u015bci [&hellip;]<\/p>\n","protected":false},"author":1,"featured_media":0,"parent":10,"menu_order":7,"comment_status":"closed","ping_status":"closed","template":"templates\/template-lab.php","meta":{"footnotes":""},"class_list":["post-12","page","type-page","status-publish","hentry"],"_links":{"self":[{"href":"https:\/\/min-pan.krakow.pl\/laboratoria\/wp-json\/wp\/v2\/pages\/12","targetHints":{"allow":["GET"]}}],"collection":[{"href":"https:\/\/min-pan.krakow.pl\/laboratoria\/wp-json\/wp\/v2\/pages"}],"about":[{"href":"https:\/\/min-pan.krakow.pl\/laboratoria\/wp-json\/wp\/v2\/types\/page"}],"author":[{"embeddable":true,"href":"https:\/\/min-pan.krakow.pl\/laboratoria\/wp-json\/wp\/v2\/users\/1"}],"replies":[{"embeddable":true,"href":"https:\/\/min-pan.krakow.pl\/laboratoria\/wp-json\/wp\/v2\/comments?post=12"}],"version-history":[{"count":13,"href":"https:\/\/min-pan.krakow.pl\/laboratoria\/wp-json\/wp\/v2\/pages\/12\/revisions"}],"predecessor-version":[{"id":517,"href":"https:\/\/min-pan.krakow.pl\/laboratoria\/wp-json\/wp\/v2\/pages\/12\/revisions\/517"}],"up":[{"embeddable":true,"href":"https:\/\/min-pan.krakow.pl\/laboratoria\/wp-json\/wp\/v2\/pages\/10"}],"wp:attachment":[{"href":"https:\/\/min-pan.krakow.pl\/laboratoria\/wp-json\/wp\/v2\/media?parent=12"}],"curies":[{"name":"wp","href":"https:\/\/api.w.org\/{rel}","templated":true}]}}