{"id":953,"date":"2019-04-05T11:46:55","date_gmt":"2019-04-05T09:46:55","guid":{"rendered":"https:\/\/min-pan.krakow.pl\/instytut\/?page_id=953"},"modified":"2025-01-07T13:09:50","modified_gmt":"2025-01-07T12:09:50","slug":"informacja-o-przetwarzaniu-danych-osobowych","status":"publish","type":"page","link":"https:\/\/min-pan.krakow.pl\/instytut\/informacja-o-przetwarzaniu-danych-osobowych\/","title":{"rendered":"Informacja o przetwarzaniu danych osobowych"},"content":{"rendered":"<p><\/p>\n<h2>Informacja o przetwarzaniu danych osobowych przez Instytut Gospodarki Surowcami Mineralnymi i Energi\u0105 Polskiej Akademii Nauk<\/h2>\n<p>Zgodnie z art. 13 Rozporz\u0105dzenia Parlamentu Europejskiego i Rady (UE) 2016\/679 z dnia 27 kwietnia 2016 r. w sprawie ochrony os\u00f3b fizycznych w zwi\u0105zku z przetwarzaniem danych osobowych (\u2026) (\u201eRODO\u201d), realizuj\u0105c obowi\u0105zek informacyjny przedstawiamy zasady przetwarzania danych osobowych w Instytucie:<\/p>\n<ol>\n<li>Administratorem danych osobowych jest Instytut Gospodarki Surowcami Mineralnymi i Energi\u0105 PAN z siedzib\u0105 przy ul. J. Wybickiego 7A, 31-261 Krak\u00f3w, <a href=\"https:\/\/min-pan.krakow.pl\/instytut\/\">https:\/\/min-pan.krakow.pl\/instytut\/<\/a>, reprezentowany przez Dyrektora Instytutu \u2013 dr hab. in\u017c. Magdalen\u0119 Wdowin, profesora instytutu.<\/li>\n<li>Administrator wyznaczy\u0142 Inspektora Ochrony Danych Osobowych, Pani\u0105 Mari\u0119 Gral\u0119, z kt\u00f3rym mo\u017cna si\u0119 kontaktowa\u0107 we wszystkich sprawach dotycz\u0105cych przetwarzania danych osobowych przez Instytut oraz korzystania z praw zwi\u0105zanych z przetwarzaniem danych za pomoc\u0105 poczty elektronicznej pod adresem: inspektorODO@min-pan.krakow.pl.<\/li>\n<li>Podstaw\u0119 prawn\u0105 przetwarzania danych osobowych przez Instytut stanowi art. 6 ust. 1 lit. a), b) lub c) RODO.<\/li>\n<li>Pani\/Pana dane osobowe b\u0119d\u0105 przetwarzane je\u015bli zajdzie jedna z poni\u017cszych przes\u0142anek:\n<ul>\n<li>na podstawie wyra\u017conej przez Pani\u0105\/Pana zgody w zakresie i celu okre\u015blonym w tre\u015bci zgody (art. 6 ust. 1 lit. a) RODO,<\/li>\n<li>w celu wype\u0142nienia obowi\u0105zk\u00f3w prawnych ci\u0105\u017c\u0105cych na administratorze (art. 6 ust. 1 lit. c) RODO,<\/li>\n<li>w celu niezb\u0119dnym realizacji um\u00f3w zawartych z administratorem (art. 6 ust. 1 lit. b) RODO.<\/li>\n<\/ul>\n<\/li>\n<li>W przypadku kiedy przetwarzanie Pani\/Pana danych osobowych odbywa si\u0119 na podstawie wyra\u017conej zgody, podanie danych osobowych ma charakter dobrowolny.<\/li>\n<li>W przypadku, kiedy przes\u0142ank\u0119 do przetwarzania Pani\/Pana danych osobowych stanowi\u0105 przepisy prawa powszechnie obowi\u0105zuj\u0105cego lub zawarta pomi\u0119dzy stronami umowa, ich podanie jest niezb\u0119dne do realizacji wynikaj\u0105cych z nich obowi\u0105zk\u00f3w.<\/li>\n<li>Od momentu pozyskania, Pani\/Pana dane osobowe b\u0119d\u0105 przetwarzane przez okres niezb\u0119dny do realizacji cel\u00f3w wskazanych w pkt. 4, a po tym czasie w przypadkach, w kt\u00f3rych wymagaj\u0105 tego przepisy Ustawy z dnia 14 lipca 1983 r. O narodowym zasobie archiwalnym i archiwach (Dz.U. z 2019 r. poz. 553) \u2013 przez czas okre\u015blony w tych przepisach.<\/li>\n<li>Odbiorcami Pani\/Pana danych osobowych mog\u0105 by\u0107 wy\u0142\u0105cznie podmioty uprawnione do uzyskiwania danych osobowych na podstawie przepis\u00f3w prawa powszechnie obowi\u0105zuj\u0105cego. Dane osobowe nie b\u0119d\u0105 podlega\u0142y profilowaniu, nie b\u0119d\u0105 r\u00f3wnie\u017c przekazywane do pa\u0144stwa trzeciego lub organizacji mi\u0119dzynarodowej.<\/li>\n<li>Pani\/Pana dane osobowe mog\u0105 by\u0107 powierzone do przetwarzania podmiotom zewn\u0119trznym w ramach realizowanych przez nie us\u0142ug na podstawie um\u00f3w o powierzenie danych osobowych, a podmioty te s\u0105 r\u00f3wnie\u017c zobowi\u0105zane do zachowania poufno\u015bci przetwarzanych danych.<\/li>\n<li>Osoba, kt\u00f3rej dane osobowe s\u0105 przetwarzane przez Instytut ma prawo:\n<ul>\n<li>do dost\u0119pu do danych osobowych,<\/li>\n<li>do sprostowania, usuni\u0119cia lub ograniczenia przetwarzania danych osobowych,<\/li>\n<li>do wniesienia sprzeciwu wobec przetwarzania danych osobowych,<\/li>\n<li>do przenoszenia danych osobowych, je\u015bli jest to mo\u017cliwe,<\/li>\n<li>do cofni\u0119cia w dowolnym momencie zgody na przetwarzanie danych osobowych,<\/li>\n<li>wniesienia skargi do organu nadzorczego zajmuj\u0105cego si\u0119 ochron\u0105 danych osobowych \u2013 Prezesa Urz\u0119du Ochrony Danych Osobowych (Warszawa ul. Stawki 2, kod 00-193, tel. 22\u00a0860 70 86), gdy uzna, \u017ce przetwarzanie jej danych osobowych przez Instytut narusza przepisy RODO.<\/li>\n<\/ul>\n<p>&nbsp;<\/li>\n<li>Serwis <a href=\"http:\/\/www.min-pan.krakow.pl\">www.min-pan.krakow.pl<\/a> nie zbiera w spos\u00f3b automatyczny \u017cadnych informacji o korzystaj\u0105cych z naszej strony internetowej, korzysta natomiast z us\u0142ugi Google Analytics.<\/li>\n<\/ol>\n<p><\/p>","protected":false},"excerpt":{"rendered":"<p>Informacja o przetwarzaniu danych osobowych przez Instytut Gospodarki Surowcami Mineralnymi i Energi\u0105 Polskiej Akademii Nauk Zgodnie z art. 13 Rozporz\u0105dzenia Parlamentu Europejskiego i Rady (UE) 2016\/679 z dnia 27 kwietnia 2016 r. w sprawie ochrony os\u00f3b fizycznych w zwi\u0105zku z przetwarzaniem danych osobowych (\u2026) (\u201eRODO\u201d), realizuj\u0105c obowi\u0105zek informacyjny przedstawiamy zasady przetwarzania danych osobowych w Instytucie: [&hellip;]<\/p>\n","protected":false},"author":1,"featured_media":0,"parent":0,"menu_order":51,"comment_status":"closed","ping_status":"closed","template":"","meta":{"footnotes":""},"class_list":["post-953","page","type-page","status-publish","hentry"],"_links":{"self":[{"href":"https:\/\/min-pan.krakow.pl\/instytut\/wp-json\/wp\/v2\/pages\/953","targetHints":{"allow":["GET"]}}],"collection":[{"href":"https:\/\/min-pan.krakow.pl\/instytut\/wp-json\/wp\/v2\/pages"}],"about":[{"href":"https:\/\/min-pan.krakow.pl\/instytut\/wp-json\/wp\/v2\/types\/page"}],"author":[{"embeddable":true,"href":"https:\/\/min-pan.krakow.pl\/instytut\/wp-json\/wp\/v2\/users\/1"}],"replies":[{"embeddable":true,"href":"https:\/\/min-pan.krakow.pl\/instytut\/wp-json\/wp\/v2\/comments?post=953"}],"version-history":[{"count":9,"href":"https:\/\/min-pan.krakow.pl\/instytut\/wp-json\/wp\/v2\/pages\/953\/revisions"}],"predecessor-version":[{"id":2622,"href":"https:\/\/min-pan.krakow.pl\/instytut\/wp-json\/wp\/v2\/pages\/953\/revisions\/2622"}],"wp:attachment":[{"href":"https:\/\/min-pan.krakow.pl\/instytut\/wp-json\/wp\/v2\/media?parent=953"}],"curies":[{"name":"wp","href":"https:\/\/api.w.org\/{rel}","templated":true}]}}